{"id":2963,"date":"2025-10-18T00:58:53","date_gmt":"2025-10-18T00:58:53","guid":{"rendered":"https:\/\/www.gmartravelytours.pe\/g1\/?page_id=2963"},"modified":"2025-10-18T17:51:27","modified_gmt":"2025-10-18T17:51:27","slug":"mundo-europa-de-a-dos","status":"publish","type":"page","link":"https:\/\/www.gmartravelytours.pe\/g1\/mundo-europa-de-a-dos\/","title":{"rendered":"Mundo &#8211; Europa de a dos"},"content":{"rendered":"\t\t<div data-elementor-type=\"wp-page\" data-elementor-id=\"2963\" class=\"elementor elementor-2963\" data-elementor-post-type=\"page\">\n\t\t\t\t<div class=\"elementor-element elementor-element-3106a74 e-con-full e-flex e-con e-parent\" data-id=\"3106a74\" data-element_type=\"container\">\n\t\t\t\t<div class=\"elementor-element elementor-element-f74b280 elementor-widget elementor-widget-image\" data-id=\"f74b280\" data-element_type=\"widget\" data-widget_type=\"image.default\">\n\t\t\t\t<div class=\"elementor-widget-container\">\n\t\t\t\t\t\t\t\t\t\t\t\t\t\t\t<img fetchpriority=\"high\" decoding=\"async\" width=\"1500\" height=\"700\" src=\"https:\/\/www.gmartravelytours.pe\/g1\/wp-content\/uploads\/2025\/10\/Barcelona.jpg\" class=\"attachment-full size-full wp-image-2970\" alt=\"barcelona\" srcset=\"https:\/\/www.gmartravelytours.pe\/g1\/wp-content\/uploads\/2025\/10\/Barcelona.jpg 1500w, https:\/\/www.gmartravelytours.pe\/g1\/wp-content\/uploads\/2025\/10\/Barcelona-300x140.jpg 300w, https:\/\/www.gmartravelytours.pe\/g1\/wp-content\/uploads\/2025\/10\/Barcelona-1024x478.jpg 1024w, https:\/\/www.gmartravelytours.pe\/g1\/wp-content\/uploads\/2025\/10\/Barcelona-768x358.jpg 768w\" sizes=\"(max-width: 1500px) 100vw, 1500px\" title=\"Mundo - Europa de a dos\">\t\t\t\t\t\t\t\t\t\t\t\t\t\t\t<\/div>\n\t\t\t\t<\/div>\n\t\t\t\t<\/div>\n\t\t<div class=\"elementor-element elementor-element-252a3a0 e-flex e-con-boxed e-con e-parent\" data-id=\"252a3a0\" data-element_type=\"container\">\n\t\t\t\t\t<div class=\"e-con-inner\">\n\t\t\t\t<div class=\"elementor-element elementor-element-c09726f elementor-widget elementor-widget-text-editor\" data-id=\"c09726f\" data-element_type=\"widget\" data-widget_type=\"text-editor.default\">\n\t\t\t\t<div class=\"elementor-widget-container\">\n\t\t\t\t\t\t\t\t\t<h4><b><img decoding=\"async\" class=\"emoji\" role=\"img\" draggable=\"false\" src=\"https:\/\/s.w.org\/images\/core\/emoji\/16.0.1\/svg\/2728.svg\" alt=\"\u2728\" title=\"Mundo - Europa de a dos\"> Europa de a Dos: Un viaje dise\u00f1ado para enamorar<\/b><\/h4><p>\u00a0<\/p><p>Descubre Europa como nunca antes: con estilo, comodidad y una ruta pensada para dos. Este itinerario exclusivo de <strong>15 d\u00edas<\/strong> te llevar\u00e1 por las ciudades m\u00e1s ic\u00f3nicas del continente, combinando historia, arte, gastronom\u00eda y paisajes inolvidables. Desde la elegancia de <strong>Madrid<\/strong> y el romanticismo de <strong>Par\u00eds<\/strong>, hasta la modernidad de <strong>Z\u00farich<\/strong>, la grandeza de <strong>Roma<\/strong> y el encanto mediterr\u00e1neo de <strong>Barcelona<\/strong>, cada destino ha sido cuidadosamente seleccionado para ofrecerte una experiencia \u00fanica.<\/p><p>El viaje incluye vuelos internacionales, alojamientos de calidad, traslados entre ciudades y recomendaciones detalladas para que cada momento sea especial. Ideal para parejas, amigos o viajeros que buscan una aventura compartida con el sello de <strong>Gmar Travely Tours<\/strong>.<\/p><p>\u00a0<\/p><p><img decoding=\"async\" class=\"emoji\" role=\"img\" draggable=\"false\" src=\"https:\/\/s.w.org\/images\/core\/emoji\/16.0.1\/svg\/1f4c5.svg\" alt=\"\ud83d\udcc5\" title=\"Mundo - Europa de a dos\"> <strong>Fechas del viaje:<\/strong> 14 al 29 de mayo de 2026<br \/><img decoding=\"async\" class=\"emoji\" role=\"img\" draggable=\"false\" src=\"https:\/\/s.w.org\/images\/core\/emoji\/16.0.1\/svg\/1f465.svg\" alt=\"\ud83d\udc65\" title=\"Mundo - Europa de a dos\"> <strong>Base doble:<\/strong> 2 adultos<br \/><img decoding=\"async\" class=\"emoji\" role=\"img\" draggable=\"false\" src=\"https:\/\/s.w.org\/images\/core\/emoji\/16.0.1\/svg\/1f4b0.svg\" alt=\"\ud83d\udcb0\" title=\"Mundo - Europa de a dos\"> <strong>Desde:<\/strong> US$2,968 por persona<br \/><img decoding=\"async\" class=\"emoji\" role=\"img\" draggable=\"false\" src=\"https:\/\/s.w.org\/images\/core\/emoji\/16.0.1\/svg\/1f4cd.svg\" alt=\"\ud83d\udccd\" title=\"Mundo - Europa de a dos\"> <strong>Destinos:<\/strong> Madrid, Par\u00eds, Z\u00farich, Roma, Barcelona<\/p><p>\u00a0<\/p><p><img decoding=\"async\" class=\"emoji\" role=\"img\" draggable=\"false\" src=\"https:\/\/s.w.org\/images\/core\/emoji\/16.0.1\/svg\/1f4c4.svg\" alt=\"\ud83d\udcc4\" title=\"Mundo - Europa de a dos\">\u00a0Puedes ver el itinerario completo aqu\u00ed:\u00a0 \u00a0\u00a0<img decoding=\"async\" class=\"emoji\" style=\"font-style: inherit; font-weight: inherit; background-color: #ffffff;\" role=\"img\" draggable=\"false\" src=\"https:\/\/s.w.org\/images\/core\/emoji\/16.0.1\/svg\/1f449.svg\" alt=\"\ud83d\udc49\" title=\"Mundo - Europa de a dos\">\u00a0<a style=\"background-color: #ffffff; font-size: 1rem;\" href=\"https:\/\/www.gmartravelytours.pe\/g1\/wp-content\/uploads\/2025\/10\/europa-de-a-dos.pdf\" target=\"_blank\" rel=\"noopener\"><b>Europa de a Dos<\/b><\/a><\/p><p><!--EndFragment --><\/p>\t\t\t\t\t\t\t\t<\/div>\n\t\t\t\t<\/div>\n\t\t\t\t\t<\/div>\n\t\t\t\t<\/div>\n\t\t<div class=\"elementor-element elementor-element-bb14b82 e-flex e-con-boxed e-con e-parent\" data-id=\"bb14b82\" data-element_type=\"container\">\n\t\t\t\t\t<div class=\"e-con-inner\">\n\t\t<div class=\"elementor-element elementor-element-a80c420 e-con-full e-flex e-con e-child\" data-id=\"a80c420\" data-element_type=\"container\">\n\t\t\t\t<div class=\"elementor-element elementor-element-aeef5f9 elementor-widget elementor-widget-heading\" data-id=\"aeef5f9\" data-element_type=\"widget\" data-widget_type=\"heading.default\">\n\t\t\t\t<div class=\"elementor-widget-container\">\n\t\t\t\t\t<h3 class=\"elementor-heading-title elementor-size-default\">Presupuesto para su viaje<\/h3>\t\t\t\t<\/div>\n\t\t\t\t<\/div>\n\t\t\t\t<div class=\"elementor-element elementor-element-e23f023 elementor-widget elementor-widget-text-editor\" data-id=\"e23f023\" data-element_type=\"widget\" data-widget_type=\"text-editor.default\">\n\t\t\t\t<div class=\"elementor-widget-container\">\n\t\t\t\t\t\t\t\t\t<p>En base a 2 adultos<\/p><p>14 May 2026 &#8211; 29 May 2026<\/p>\t\t\t\t\t\t\t\t<\/div>\n\t\t\t\t<\/div>\n\t\t\t\t<\/div>\n\t\t<div class=\"elementor-element elementor-element-2ffa2e7 e-con-full e-flex e-con e-child\" data-id=\"2ffa2e7\" data-element_type=\"container\">\n\t\t\t\t<div class=\"elementor-element elementor-element-ec5b415 elementor-widget elementor-widget-heading\" data-id=\"ec5b415\" data-element_type=\"widget\" data-widget_type=\"heading.default\">\n\t\t\t\t<div class=\"elementor-widget-container\">\n\t\t\t\t\t<h3 class=\"elementor-heading-title elementor-size-default\">Desde<\/h3>\t\t\t\t<\/div>\n\t\t\t\t<\/div>\n\t\t\t\t<div class=\"elementor-element elementor-element-a407078 elementor-widget elementor-widget-text-editor\" data-id=\"a407078\" data-element_type=\"widget\" data-widget_type=\"text-editor.default\">\n\t\t\t\t<div class=\"elementor-widget-container\">\n\t\t\t\t\t\t\t\t\t<p>US$ 2868<\/p><p>Por persona<\/p>\t\t\t\t\t\t\t\t<\/div>\n\t\t\t\t<\/div>\n\t\t\t\t<\/div>\n\t\t<div class=\"elementor-element elementor-element-2b914f5 e-con-full e-flex e-con e-child\" data-id=\"2b914f5\" data-element_type=\"container\">\n\t\t\t\t<div class=\"elementor-element elementor-element-ac73982 elementor-widget elementor-widget-heading\" data-id=\"ac73982\" data-element_type=\"widget\" data-widget_type=\"heading.default\">\n\t\t\t\t<div class=\"elementor-widget-container\">\n\t\t\t\t\t<h3 class=\"elementor-heading-title elementor-size-default\">Conctaco<\/h3>\t\t\t\t<\/div>\n\t\t\t\t<\/div>\n\t\t\t\t<div class=\"elementor-element elementor-element-9c037f5 elementor-widget elementor-widget-text-editor\" data-id=\"9c037f5\" data-element_type=\"widget\" data-widget_type=\"text-editor.default\">\n\t\t\t\t<div class=\"elementor-widget-container\">\n\t\t\t\t\t\t\t\t\t<p>908871441<\/p><p>Reservas@gmartravelytours.pe<\/p>\t\t\t\t\t\t\t\t<\/div>\n\t\t\t\t<\/div>\n\t\t\t\t<\/div>\n\t\t\t\t\t<\/div>\n\t\t\t\t<\/div>\n\t\t<div class=\"elementor-element elementor-element-35dc755 e-flex e-con-boxed e-con e-parent\" data-id=\"35dc755\" data-element_type=\"container\">\n\t\t\t\t\t<div class=\"e-con-inner\">\n\t\t\t\t<div class=\"elementor-element elementor-element-5eda41a elementor-widget elementor-widget-text-editor\" data-id=\"5eda41a\" data-element_type=\"widget\" data-widget_type=\"text-editor.default\">\n\t\t\t\t<div class=\"elementor-widget-container\">\n\t\t\t\t\t\t\t\t\t<h2><b>Glosario<\/b><\/h2><p>6 Destinos &#8211; 6 Alojamientos &#8211; 7 Transportes &#8211; 15 Noches<\/p>\t\t\t\t\t\t\t\t<\/div>\n\t\t\t\t<\/div>\n\t\t\t\t\t<\/div>\n\t\t\t\t<\/div>\n\t\t\t\t<\/div>\n\t\t","protected":false},"excerpt":{"rendered":"<p>Europa de a Dos: Un viaje dise\u00f1ado para enamorar \u00a0 Descubre Europa como nunca antes: con estilo, comodidad y una ruta pensada para dos. Este itinerario exclusivo de 15 d\u00edas te llevar\u00e1 por las ciudades m\u00e1s ic\u00f3nicas del continente, combinando historia, arte, gastronom\u00eda y paisajes inolvidables. Desde la elegancia de Madrid y el romanticismo de [&hellip;]<\/p>\n","protected":false},"author":1,"featured_media":0,"parent":0,"menu_order":0,"comment_status":"closed","ping_status":"closed","template":"elementor_header_footer","meta":{"site-sidebar-layout":"no-sidebar","site-content-layout":"page-builder","ast-site-content-layout":"full-width-container","site-content-style":"default","site-sidebar-style":"default","ast-global-header-display":"","ast-banner-title-visibility":"","ast-main-header-display":"","ast-hfb-above-header-display":"","ast-hfb-below-header-display":"","ast-hfb-mobile-header-display":"","site-post-title":"disabled","ast-breadcrumbs-content":"","ast-featured-img":"disabled","footer-sml-layout":"","theme-transparent-header-meta":"","adv-header-id-meta":"","stick-header-meta":"","header-above-stick-meta":"","header-main-stick-meta":"","header-below-stick-meta":"","astra-migrate-meta-layouts":"set","ast-page-background-enabled":"default","ast-page-background-meta":{"desktop":{"background-color":"var(--ast-global-color-4)","background-image":"","background-repeat":"repeat","background-position":"center center","background-size":"auto","background-attachment":"scroll","background-type":"","background-media":"","overlay-type":"","overlay-color":"","overlay-opacity":"","overlay-gradient":""},"tablet":{"background-color":"","background-image":"","background-repeat":"repeat","background-position":"center center","background-size":"auto","background-attachment":"scroll","background-type":"","background-media":"","overlay-type":"","overlay-color":"","overlay-opacity":"","overlay-gradient":""},"mobile":{"background-color":"","background-image":"","background-repeat":"repeat","background-position":"center center","background-size":"auto","background-attachment":"scroll","background-type":"","background-media":"","overlay-type":"","overlay-color":"","overlay-opacity":"","overlay-gradient":""}},"ast-content-background-meta":{"desktop":{"background-color":"var(--ast-global-color-5)","background-image":"","background-repeat":"repeat","background-position":"center center","background-size":"auto","background-attachment":"scroll","background-type":"","background-media":"","overlay-type":"","overlay-color":"","overlay-opacity":"","overlay-gradient":""},"tablet":{"background-color":"var(--ast-global-color-5)","background-image":"","background-repeat":"repeat","background-position":"center center","background-size":"auto","background-attachment":"scroll","background-type":"","background-media":"","overlay-type":"","overlay-color":"","overlay-opacity":"","overlay-gradient":""},"mobile":{"background-color":"var(--ast-global-color-5)","background-image":"","background-repeat":"repeat","background-position":"center center","background-size":"auto","background-attachment":"scroll","background-type":"","background-media":"","overlay-type":"","overlay-color":"","overlay-opacity":"","overlay-gradient":""}},"footnotes":""},"class_list":["post-2963","page","type-page","status-publish","hentry"],"_links":{"self":[{"href":"https:\/\/www.gmartravelytours.pe\/g1\/wp-json\/wp\/v2\/pages\/2963","targetHints":{"allow":["GET"]}}],"collection":[{"href":"https:\/\/www.gmartravelytours.pe\/g1\/wp-json\/wp\/v2\/pages"}],"about":[{"href":"https:\/\/www.gmartravelytours.pe\/g1\/wp-json\/wp\/v2\/types\/page"}],"author":[{"embeddable":true,"href":"https:\/\/www.gmartravelytours.pe\/g1\/wp-json\/wp\/v2\/users\/1"}],"replies":[{"embeddable":true,"href":"https:\/\/www.gmartravelytours.pe\/g1\/wp-json\/wp\/v2\/comments?post=2963"}],"version-history":[{"count":55,"href":"https:\/\/www.gmartravelytours.pe\/g1\/wp-json\/wp\/v2\/pages\/2963\/revisions"}],"predecessor-version":[{"id":3030,"href":"https:\/\/www.gmartravelytours.pe\/g1\/wp-json\/wp\/v2\/pages\/2963\/revisions\/3030"}],"wp:attachment":[{"href":"https:\/\/www.gmartravelytours.pe\/g1\/wp-json\/wp\/v2\/media?parent=2963"}],"curies":[{"name":"wp","href":"https:\/\/api.w.org\/{rel}","templated":true}]}}