{"id":2918,"date":"2025-10-14T03:09:43","date_gmt":"2025-10-14T03:09:43","guid":{"rendered":"https:\/\/www.gmartravelytours.pe\/g1\/?page_id=2918"},"modified":"2025-10-14T03:19:43","modified_gmt":"2025-10-14T03:19:43","slug":"huaraz-trekking-laguna-69","status":"publish","type":"page","link":"https:\/\/www.gmartravelytours.pe\/g1\/huaraz-trekking-laguna-69\/","title":{"rendered":"Huaraz Trekking Laguna 69"},"content":{"rendered":"\t\t<div data-elementor-type=\"wp-page\" data-elementor-id=\"2918\" class=\"elementor elementor-2918\" data-elementor-post-type=\"page\">\n\t\t\t\t<div class=\"elementor-element elementor-element-59eb9ae e-flex e-con-boxed e-con e-parent\" data-id=\"59eb9ae\" data-element_type=\"container\" data-settings=\"{&quot;background_background&quot;:&quot;classic&quot;}\">\n\t\t\t\t\t<div class=\"e-con-inner\">\n\t\t<div class=\"elementor-element elementor-element-fde2609 e-con-full e-flex e-con e-child\" data-id=\"fde2609\" data-element_type=\"container\" data-settings=\"{&quot;background_background&quot;:&quot;classic&quot;}\">\n\t\t\t\t<div class=\"elementor-element elementor-element-da2453b elementor-widget elementor-widget-heading\" data-id=\"da2453b\" data-element_type=\"widget\" data-widget_type=\"heading.default\">\n\t\t\t\t<div class=\"elementor-widget-container\">\n\t\t\t\t\t<h2 class=\"elementor-heading-title elementor-size-default\">Trekking Laguna 69<\/h2>\t\t\t\t<\/div>\n\t\t\t\t<\/div>\n\t\t\t\t<div class=\"elementor-element elementor-element-f69de34 elementor-widget elementor-widget-text-editor\" data-id=\"f69de34\" data-element_type=\"widget\" data-widget_type=\"text-editor.default\">\n\t\t\t\t<div class=\"elementor-widget-container\">\n\t\t\t\t\t\t\t\t\t<p><span data-huuid=\"13856014342362623744\">Un tour a la Laguna 69 es una <mark class=\"QVRyCf\">caminata de d\u00eda completo y exigente que parte desde Huaraz para visitar una laguna turquesa rodeada de nevados y glaciares<\/mark>. <\/span><span data-huuid=\"13856014342362620861\">El recorrido incluye transporte, una parada para desayunar y un trekking de aproximadamente 5 horas (ida y vuelta) hasta la laguna, que se encuentra a unos <\/span><span style=\"font-size: 16px;\">4600 <\/span><span data-huuid=\"13856014342362620861\">metros de altitud. <\/span><span data-huuid=\"13856014342362622074\">La caminata es desafiante debido a la altitud, pero las vistas de cascadas, r\u00edos y la laguna son espectaculares.<span class=\"pjBG2e\" data-cid=\"5b336d2f-e311-406a-9c20-476b0e7e089f\"><span class=\"UV3uM\">\u00a0<\/span><\/span><\/span><\/p>\t\t\t\t\t\t\t\t<\/div>\n\t\t\t\t<\/div>\n\t\t\t\t<\/div>\n\t\t\t\t\t<\/div>\n\t\t\t\t<\/div>\n\t\t<div class=\"elementor-element elementor-element-4376d60 e-flex e-con-boxed e-con e-parent\" data-id=\"4376d60\" data-element_type=\"container\">\n\t\t\t\t\t<div class=\"e-con-inner\">\n\t\t<div class=\"elementor-element elementor-element-7b1cc17 e-con-full e-flex e-con e-child\" data-id=\"7b1cc17\" data-element_type=\"container\">\n\t\t\t\t<div class=\"elementor-element elementor-element-af8669b elementor-widget elementor-widget-text-editor\" data-id=\"af8669b\" data-element_type=\"widget\" data-widget_type=\"text-editor.default\">\n\t\t\t\t<div class=\"elementor-widget-container\">\n\t\t\t\t\t\t\t\t\t<h2><!--StartFragment --><\/h2><h4><b><img decoding=\"async\" class=\"emoji\" role=\"img\" draggable=\"false\" src=\"https:\/\/s.w.org\/images\/core\/emoji\/16.0.1\/svg\/1f48e.svg\" alt=\"\ud83d\udc8e\" title=\"Huaraz Trekking Laguna 69\"> Rese\u00f1a: Laguna 69, el espejo turquesa de los Andes<\/b><\/h4><p>\u00a0<\/p><p>Ubicada en el coraz\u00f3n de la <strong>Cordillera Blanca<\/strong>, dentro del <strong>Parque Nacional Huascar\u00e1n<\/strong>, la <strong>Laguna 69<\/strong> es una joya natural que deslumbra por su intenso color turquesa y su entorno de picos nevados como el Huascar\u00e1n, el Pisco y el Chacraraju. A m\u00e1s de <strong>4,600 m s.n.m.<\/strong>, esta laguna glacial es uno de los destinos m\u00e1s emblem\u00e1ticos para los amantes del trekking y la naturaleza.<\/p><p>El recorrido hacia la laguna atraviesa valles andinos, cascadas cristalinas y paisajes de altura que ofrecen una experiencia f\u00edsica desafiante y profundamente gratificante. Al llegar, el silencio, el color del agua y la inmensidad de las monta\u00f1as crean un momento de contemplaci\u00f3n inolvidable. Es una traves\u00eda que conecta cuerpo, mente y esp\u00edritu con la pureza de los Andes peruanos.<\/p><p>\u00a0<\/p><p>\u00a0<\/p><h3><b><img decoding=\"async\" class=\"emoji\" role=\"img\" draggable=\"false\" src=\"https:\/\/s.w.org\/images\/core\/emoji\/16.0.1\/svg\/1f5fa.svg\" alt=\"\ud83d\uddfa\ufe0f\" title=\"Huaraz Trekking Laguna 69\"> Itinerario: Trekking a Laguna 69 (D\u00eda completo)<\/b><\/h3><p>\u00a0<\/p><p><img decoding=\"async\" class=\"emoji\" role=\"img\" draggable=\"false\" src=\"https:\/\/s.w.org\/images\/core\/emoji\/16.0.1\/svg\/1f554.svg\" alt=\"\ud83d\udd54\" title=\"Huaraz Trekking Laguna 69\"> <strong>5:00 a.m. \u2013 Recojo en hotel (Huaraz ciudad)<\/strong><\/p><ul><li>Transporte tur\u00edstico compartido<\/li><li>Presentaci\u00f3n del gu\u00eda oficial<\/li><li>Salida hacia la Quebrada Llanganuco<\/li><\/ul><p><img decoding=\"async\" class=\"emoji\" role=\"img\" draggable=\"false\" src=\"https:\/\/s.w.org\/images\/core\/emoji\/16.0.1\/svg\/1f690.svg\" alt=\"\ud83d\ude90\" title=\"Huaraz Trekking Laguna 69\"> <strong>7:30 a.m. \u2013 Llegada a Cebollapampa (inicio del trekking)<\/strong><\/p><ul><li>Breve parada para aclimataci\u00f3n<\/li><li>Revisi\u00f3n de equipo y recomendaciones<\/li><\/ul><p><img decoding=\"async\" class=\"emoji\" role=\"img\" draggable=\"false\" src=\"https:\/\/s.w.org\/images\/core\/emoji\/16.0.1\/svg\/1f97e.svg\" alt=\"\ud83e\udd7e\" title=\"Huaraz Trekking Laguna 69\"> <strong>8:00 a.m. \u2013 Inicio del trekking<\/strong><\/p><ul><li>Caminata de aproximadamente 3 horas de subida<\/li><li>Ruta esc\u00e9nica con vistas al Huascar\u00e1n y cascadas<\/li><li>Observaci\u00f3n de flora altoandina y aves<\/li><\/ul><p><img decoding=\"async\" class=\"emoji\" role=\"img\" draggable=\"false\" src=\"https:\/\/s.w.org\/images\/core\/emoji\/16.0.1\/svg\/1f4a7.svg\" alt=\"\ud83d\udca7\" title=\"Huaraz Trekking Laguna 69\"> <strong>11:00 a.m. \u2013 Llegada a Laguna 69<\/strong><\/p><ul><li>Tiempo libre para fotos, descanso y contemplaci\u00f3n<\/li><li>Snack ligero y rehidrataci\u00f3n<\/li><li>Explicaci\u00f3n sobre origen glacial y conservaci\u00f3n<\/li><\/ul><p><img decoding=\"async\" class=\"emoji\" role=\"img\" draggable=\"false\" src=\"https:\/\/s.w.org\/images\/core\/emoji\/16.0.1\/svg\/1f97e.svg\" alt=\"\ud83e\udd7e\" title=\"Huaraz Trekking Laguna 69\"> <strong>12:30 p.m. \u2013 Inicio del descenso<\/strong><\/p><ul><li>Caminata de 2 horas hacia Cebollapampa<\/li><li>Ritmo moderado con paradas opcionales<\/li><\/ul><p><img decoding=\"async\" class=\"emoji\" role=\"img\" draggable=\"false\" src=\"https:\/\/s.w.org\/images\/core\/emoji\/16.0.1\/svg\/1f68c.svg\" alt=\"\ud83d\ude8c\" title=\"Huaraz Trekking Laguna 69\"> <strong>3:00 p.m. \u2013 Retorno a Huaraz<\/strong><\/p><ul><li>Parada panor\u00e1mica en la laguna Chinancocha (opcional)<\/li><li>Llegada aproximada: 6:00 p.m.<\/li><\/ul><p><img decoding=\"async\" class=\"emoji\" role=\"img\" draggable=\"false\" src=\"https:\/\/s.w.org\/images\/core\/emoji\/16.0.1\/svg\/1f392.svg\" alt=\"\ud83c\udf92\" title=\"Huaraz Trekking Laguna 69\"> Recomendaciones:<\/p><ul><li>Ropa t\u00e9rmica y cortavientos<\/li><li>Calzado de trekking con buen agarre<\/li><li>Mochila ligera con agua, snacks, protector solar<\/li><li>Gorro, guantes, gafas de sol<\/li><li>Documento de identidad, dinero en efectivo<\/li><li>Bastones de caminata (opcional)<\/li><\/ul><h2><!--EndFragment --><\/h2><p><!--EndFragment --><\/p>\t\t\t\t\t\t\t\t<\/div>\n\t\t\t\t<\/div>\n\t\t\t\t<\/div>\n\t\t<div class=\"elementor-element elementor-element-12ca9e5 e-con-full e-flex e-con e-child\" data-id=\"12ca9e5\" data-element_type=\"container\" data-settings=\"{&quot;sticky&quot;:&quot;top&quot;,&quot;sticky_on&quot;:[&quot;desktop&quot;,&quot;tablet&quot;,&quot;mobile&quot;],&quot;sticky_offset&quot;:0,&quot;sticky_effects_offset&quot;:0,&quot;sticky_anchor_link_offset&quot;:0}\">\n\t\t\t\t<div class=\"elementor-element elementor-element-65ffac6 elementor-widget elementor-widget-html\" data-id=\"65ffac6\" data-element_type=\"widget\" data-widget_type=\"html.default\">\n\t\t\t\t<div class=\"elementor-widget-container\">\n\t\t\t\t\t<iframe src=\"https:\/\/www.gmartravelytours.pe\/g1\/formulario\/\" title=\"Descripci\u00f3n del contenido\" width=\"100%\" height=\"500\"><\/iframe>\n\n\t\t\t\t<\/div>\n\t\t\t\t<\/div>\n\t\t\t\t<div class=\"elementor-element elementor-element-e742798 elementor-widget elementor-widget-image\" data-id=\"e742798\" data-element_type=\"widget\" data-widget_type=\"image.default\">\n\t\t\t\t<div class=\"elementor-widget-container\">\n\t\t\t\t\t\t\t\t\t\t\t\t\t\t\t\t<a href=\"https:\/\/www.gmartravelytours.pe\/g1\/huaraz\/\">\n\t\t\t\t\t\t\t<img decoding=\"async\" width=\"70\" height=\"75\" src=\"https:\/\/www.gmartravelytours.pe\/g1\/wp-content\/uploads\/2025\/10\/Flecha-retorno2.jpg\" class=\"attachment-large size-large wp-image-2621\" alt=\"flecha retorno2\" title=\"Huaraz Trekking Laguna 69\">\t\t\t\t\t\t\t\t<\/a>\n\t\t\t\t\t\t\t\t\t\t\t\t\t\t\t<\/div>\n\t\t\t\t<\/div>\n\t\t\t\t<\/div>\n\t\t\t\t\t<\/div>\n\t\t\t\t<\/div>\n\t\t\t\t<\/div>\n\t\t","protected":false},"excerpt":{"rendered":"<p>Trekking Laguna 69 Un tour a la Laguna 69 es una caminata de d\u00eda completo y exigente que parte desde Huaraz para visitar una laguna turquesa rodeada de nevados y glaciares. El recorrido incluye transporte, una parada para desayunar y un trekking de aproximadamente 5 horas (ida y vuelta) hasta la laguna, que se encuentra [&hellip;]<\/p>\n","protected":false},"author":1,"featured_media":0,"parent":0,"menu_order":0,"comment_status":"closed","ping_status":"closed","template":"elementor_header_footer","meta":{"site-sidebar-layout":"no-sidebar","site-content-layout":"page-builder","ast-site-content-layout":"full-width-container","site-content-style":"default","site-sidebar-style":"default","ast-global-header-display":"","ast-banner-title-visibility":"","ast-main-header-display":"","ast-hfb-above-header-display":"","ast-hfb-below-header-display":"","ast-hfb-mobile-header-display":"","site-post-title":"","ast-breadcrumbs-content":"","ast-featured-img":"disabled","footer-sml-layout":"","theme-transparent-header-meta":"","adv-header-id-meta":"","stick-header-meta":"","header-above-stick-meta":"","header-main-stick-meta":"","header-below-stick-meta":"","astra-migrate-meta-layouts":"set","ast-page-background-enabled":"default","ast-page-background-meta":{"desktop":{"background-color":"var(--ast-global-color-4)","background-image":"","background-repeat":"repeat","background-position":"center center","background-size":"auto","background-attachment":"scroll","background-type":"","background-media":"","overlay-type":"","overlay-color":"","overlay-opacity":"","overlay-gradient":""},"tablet":{"background-color":"","background-image":"","background-repeat":"repeat","background-position":"center center","background-size":"auto","background-attachment":"scroll","background-type":"","background-media":"","overlay-type":"","overlay-color":"","overlay-opacity":"","overlay-gradient":""},"mobile":{"background-color":"","background-image":"","background-repeat":"repeat","background-position":"center center","background-size":"auto","background-attachment":"scroll","background-type":"","background-media":"","overlay-type":"","overlay-color":"","overlay-opacity":"","overlay-gradient":""}},"ast-content-background-meta":{"desktop":{"background-color":"var(--ast-global-color-5)","background-image":"","background-repeat":"repeat","background-position":"center center","background-size":"auto","background-attachment":"scroll","background-type":"","background-media":"","overlay-type":"","overlay-color":"","overlay-opacity":"","overlay-gradient":""},"tablet":{"background-color":"var(--ast-global-color-5)","background-image":"","background-repeat":"repeat","background-position":"center center","background-size":"auto","background-attachment":"scroll","background-type":"","background-media":"","overlay-type":"","overlay-color":"","overlay-opacity":"","overlay-gradient":""},"mobile":{"background-color":"var(--ast-global-color-5)","background-image":"","background-repeat":"repeat","background-position":"center center","background-size":"auto","background-attachment":"scroll","background-type":"","background-media":"","overlay-type":"","overlay-color":"","overlay-opacity":"","overlay-gradient":""}},"footnotes":""},"class_list":["post-2918","page","type-page","status-publish","hentry"],"_links":{"self":[{"href":"https:\/\/www.gmartravelytours.pe\/g1\/wp-json\/wp\/v2\/pages\/2918","targetHints":{"allow":["GET"]}}],"collection":[{"href":"https:\/\/www.gmartravelytours.pe\/g1\/wp-json\/wp\/v2\/pages"}],"about":[{"href":"https:\/\/www.gmartravelytours.pe\/g1\/wp-json\/wp\/v2\/types\/page"}],"author":[{"embeddable":true,"href":"https:\/\/www.gmartravelytours.pe\/g1\/wp-json\/wp\/v2\/users\/1"}],"replies":[{"embeddable":true,"href":"https:\/\/www.gmartravelytours.pe\/g1\/wp-json\/wp\/v2\/comments?post=2918"}],"version-history":[{"count":7,"href":"https:\/\/www.gmartravelytours.pe\/g1\/wp-json\/wp\/v2\/pages\/2918\/revisions"}],"predecessor-version":[{"id":2934,"href":"https:\/\/www.gmartravelytours.pe\/g1\/wp-json\/wp\/v2\/pages\/2918\/revisions\/2934"}],"wp:attachment":[{"href":"https:\/\/www.gmartravelytours.pe\/g1\/wp-json\/wp\/v2\/media?parent=2918"}],"curies":[{"name":"wp","href":"https:\/\/api.w.org\/{rel}","templated":true}]}}