{"id":2797,"date":"2025-10-13T02:33:12","date_gmt":"2025-10-13T02:33:12","guid":{"rendered":"https:\/\/www.gmartravelytours.pe\/g1\/?page_id=2797"},"modified":"2025-10-13T04:55:52","modified_gmt":"2025-10-13T04:55:52","slug":"arequipa-canon-del-colca","status":"publish","type":"page","link":"https:\/\/www.gmartravelytours.pe\/g1\/arequipa-canon-del-colca\/","title":{"rendered":"Arequipa Ca\u00f1\u00f3n del Colca"},"content":{"rendered":"\t\t<div data-elementor-type=\"wp-page\" data-elementor-id=\"2797\" class=\"elementor elementor-2797\" data-elementor-post-type=\"page\">\n\t\t\t\t<div class=\"elementor-element elementor-element-59eb9ae e-flex e-con-boxed e-con e-parent\" data-id=\"59eb9ae\" data-element_type=\"container\" data-settings=\"{&quot;background_background&quot;:&quot;classic&quot;}\">\n\t\t\t\t\t<div class=\"e-con-inner\">\n\t\t<div class=\"elementor-element elementor-element-fde2609 e-con-full e-flex e-con e-child\" data-id=\"fde2609\" data-element_type=\"container\" data-settings=\"{&quot;background_background&quot;:&quot;classic&quot;}\">\n\t\t\t\t<div class=\"elementor-element elementor-element-da2453b elementor-widget elementor-widget-heading\" data-id=\"da2453b\" data-element_type=\"widget\" data-widget_type=\"heading.default\">\n\t\t\t\t<div class=\"elementor-widget-container\">\n\t\t\t\t\t<h2 class=\"elementor-heading-title elementor-size-default\">Ca\u00f1\u00f3n del Colca<\/h2>\t\t\t\t<\/div>\n\t\t\t\t<\/div>\n\t\t\t\t<div class=\"elementor-element elementor-element-f69de34 elementor-widget elementor-widget-text-editor\" data-id=\"f69de34\" data-element_type=\"widget\" data-widget_type=\"text-editor.default\">\n\t\t\t\t<div class=\"elementor-widget-container\">\n\t\t\t\t\t\t\t\t\t<p><span data-huuid=\"17464271415707191416\">El Ca\u00f1\u00f3n del Colca\u00a0<mark class=\"QVRyCf\">es uno de los ca\u00f1ones m\u00e1s profundos del mundo, ubicado en Arequipa, Per\u00fa, conocido por la majestuosa presencia del c\u00f3ndor andino y sus impresionantes paisajes<\/mark>.\u00a0<\/span><span data-huuid=\"17464271415707192949\">Ofrece turismo de aventura, visitas a pueblos ancestrales, y actividades culturales en sus terrazas agr\u00edcolas preincaicas.\u00a0<\/span><span data-huuid=\"17464271415707190386\">Se puede visitar desde Arequipa en un viaje de pocas horas, y es un destino que permite apreciar tanto la grandiosidad de la naturaleza como la riqueza del patrimonio andino.<span class=\"pjBG2e\" data-cid=\"e964e66f-bfe1-4a97-8d7e-6b5092e47bd4\"><span class=\"UV3uM\">\u00a0<\/span><\/span><\/span><\/p>\t\t\t\t\t\t\t\t<\/div>\n\t\t\t\t<\/div>\n\t\t\t\t<\/div>\n\t\t\t\t\t<\/div>\n\t\t\t\t<\/div>\n\t\t<div class=\"elementor-element elementor-element-4376d60 e-flex e-con-boxed e-con e-parent\" data-id=\"4376d60\" data-element_type=\"container\">\n\t\t\t\t\t<div class=\"e-con-inner\">\n\t\t<div class=\"elementor-element elementor-element-7b1cc17 e-con-full e-flex e-con e-child\" data-id=\"7b1cc17\" data-element_type=\"container\">\n\t\t\t\t<div class=\"elementor-element elementor-element-af8669b elementor-widget elementor-widget-text-editor\" data-id=\"af8669b\" data-element_type=\"widget\" data-widget_type=\"text-editor.default\">\n\t\t\t\t<div class=\"elementor-widget-container\">\n\t\t\t\t\t\t\t\t\t<h2><b><img decoding=\"async\" class=\"emoji\" role=\"img\" draggable=\"false\" src=\"https:\/\/s.w.org\/images\/core\/emoji\/16.0.1\/svg\/1f304.svg\" alt=\"\ud83c\udf04\" title=\"Arequipa Ca\u00f1\u00f3n del Colca\"> Rese\u00f1a: Ca\u00f1\u00f3n del Colca, el vuelo eterno del c\u00f3ndor<\/b><\/h2><div><b>\u00a0<\/b><\/div><p>Ubicado en la regi\u00f3n de Arequipa, el <strong>Ca\u00f1\u00f3n del Colca<\/strong> es el segundo m\u00e1s profundo del mundo, alcanzando hasta <strong>4,160 metros<\/strong> de profundidad. Este majestuoso ca\u00f1\u00f3n andino no solo sorprende por sus paisajes imponentes, sino tambi\u00e9n por su riqueza cultural viva: comunidades quechuas y collaguas que conservan tradiciones ancestrales, terrazas agr\u00edcolas milenarias y templos coloniales.<\/p><p>Uno de los momentos m\u00e1s esperados por los visitantes es el avistamiento del <strong>c\u00f3ndor andino<\/strong>, que despliega sus alas sobre el abismo en el mirador de la Cruz del C\u00f3ndor. El Colca es una experiencia que combina naturaleza, historia y aventura, ideal para quienes buscan conexi\u00f3n profunda con los Andes peruanos.<\/p><p>\u00a0<\/p><h4><b><img decoding=\"async\" class=\"emoji\" role=\"img\" draggable=\"false\" src=\"https:\/\/s.w.org\/images\/core\/emoji\/16.0.1\/svg\/1f5fa.svg\" alt=\"\ud83d\uddfa\ufe0f\" title=\"Arequipa Ca\u00f1\u00f3n del Colca\"> Itine<\/b>rario: Tour a<b>l Ca\u00f1\u00f3n del Colca (2 d\u00edas \/ 1 noche)<\/b><\/h4><p><img decoding=\"async\" class=\"emoji\" role=\"img\" draggable=\"false\" src=\"https:\/\/s.w.org\/images\/core\/emoji\/16.0.1\/svg\/1f558.svg\" alt=\"\ud83d\udd58\" title=\"Arequipa Ca\u00f1\u00f3n del Colca\"> <strong>D\u00eda 1 \u2013 Salida desde Arequipa<\/strong><\/p><ul><li><strong>3:00 a.m. \u2013 Recojo en hotel<\/strong><\/li><li>Traslado en transporte tur\u00edstico hacia Chivay<\/li><li>Paradas en Pampa Ca\u00f1ahuas (Reserva Nacional de Salinas y Aguada Blanca)<\/li><li>Observaci\u00f3n de vicu\u00f1as y paisajes volc\u00e1nicos<\/li><\/ul><p><img decoding=\"async\" class=\"emoji\" role=\"img\" draggable=\"false\" src=\"https:\/\/s.w.org\/images\/core\/emoji\/16.0.1\/svg\/1f3de.svg\" alt=\"\ud83c\udfde\ufe0f\" title=\"Arequipa Ca\u00f1\u00f3n del Colca\"> <strong>8:00 a.m. \u2013 Llegada a Chivay<\/strong><\/p><ul><li>Desayuno t\u00edpico<\/li><li>Visita a pueblos tradicionales: Yanque, Maca<\/li><li>Caminata ligera por terrazas agr\u00edcolas<\/li><\/ul><p><img decoding=\"async\" class=\"emoji\" role=\"img\" draggable=\"false\" src=\"https:\/\/s.w.org\/images\/core\/emoji\/16.0.1\/svg\/1f6c1.svg\" alt=\"\ud83d\udec1\" title=\"Arequipa Ca\u00f1\u00f3n del Colca\"> <strong>12:00 p.m. \u2013 Almuerzo y aguas termales<\/strong><\/p><ul><li>Almuerzo buffet en restaurante local<\/li><li>Relajaci\u00f3n en ba\u00f1os termales de La Calera<\/li><\/ul><p><img decoding=\"async\" class=\"emoji\" role=\"img\" draggable=\"false\" src=\"https:\/\/s.w.org\/images\/core\/emoji\/16.0.1\/svg\/1f319.svg\" alt=\"\ud83c\udf19\" title=\"Arequipa Ca\u00f1\u00f3n del Colca\"> <strong>Noche en Chivay<\/strong><\/p><ul><li>Cena libre<\/li><li>Alojamiento en hotel tur\u00edstico<\/li><\/ul><p><img decoding=\"async\" class=\"emoji\" role=\"img\" draggable=\"false\" src=\"https:\/\/s.w.org\/images\/core\/emoji\/16.0.1\/svg\/1f558.svg\" alt=\"\ud83d\udd58\" title=\"Arequipa Ca\u00f1\u00f3n del Colca\"> <strong>D\u00eda 2 \u2013 Mirador Cruz del C\u00f3ndor<\/strong><\/p><ul><li><strong>6:00 a.m. \u2013 Salida hacia el mirador<\/strong><\/li><li>Avistamiento de c\u00f3ndores en vuelo<\/li><li>Tiempo libre para fotos y exploraci\u00f3n<\/li><\/ul><p><img decoding=\"async\" class=\"emoji\" role=\"img\" draggable=\"false\" src=\"https:\/\/s.w.org\/images\/core\/emoji\/16.0.1\/svg\/1f68c.svg\" alt=\"\ud83d\ude8c\" title=\"Arequipa Ca\u00f1\u00f3n del Colca\"> <strong>10:00 a.m. \u2013 Retorno a Arequipa<\/strong><\/p><ul><li>Paradas panor\u00e1micas en el camino<\/li><li>Llegada aproximada: 5:00 p.m.<\/li><\/ul><p><img decoding=\"async\" class=\"emoji\" role=\"img\" draggable=\"false\" src=\"https:\/\/s.w.org\/images\/core\/emoji\/16.0.1\/svg\/1f392.svg\" alt=\"\ud83c\udf92\" title=\"Arequipa Ca\u00f1\u00f3n del Colca\"> Recomendaciones:<\/p><ul><li>Ropa abrigada para la madrugada y ligera para el d\u00eda<\/li><li>Calzado c\u00f3modo para caminatas<\/li><li>C\u00e1mara fotogr\u00e1fica, protector solar, botella de agua<\/li><li>Documento de identidad, dinero en efectivo<\/li><li>Sombrero o gorra, gafas de sol<\/li><\/ul><p><!--EndFragment --><\/p>\t\t\t\t\t\t\t\t<\/div>\n\t\t\t\t<\/div>\n\t\t\t\t<\/div>\n\t\t<div class=\"elementor-element elementor-element-12ca9e5 e-con-full e-flex e-con e-child\" data-id=\"12ca9e5\" data-element_type=\"container\" data-settings=\"{&quot;sticky&quot;:&quot;top&quot;,&quot;sticky_on&quot;:[&quot;desktop&quot;,&quot;tablet&quot;,&quot;mobile&quot;],&quot;sticky_offset&quot;:0,&quot;sticky_effects_offset&quot;:0,&quot;sticky_anchor_link_offset&quot;:0}\">\n\t\t\t\t<div class=\"elementor-element elementor-element-65ffac6 elementor-widget elementor-widget-html\" data-id=\"65ffac6\" data-element_type=\"widget\" data-widget_type=\"html.default\">\n\t\t\t\t<div class=\"elementor-widget-container\">\n\t\t\t\t\t<iframe src=\"https:\/\/www.gmartravelytours.pe\/g1\/formulario\/\" title=\"Descripci\u00f3n del contenido\" width=\"100%\" height=\"500\"><\/iframe>\n\n\t\t\t\t<\/div>\n\t\t\t\t<\/div>\n\t\t\t\t<div class=\"elementor-element elementor-element-e742798 elementor-widget elementor-widget-image\" data-id=\"e742798\" data-element_type=\"widget\" data-widget_type=\"image.default\">\n\t\t\t\t<div class=\"elementor-widget-container\">\n\t\t\t\t\t\t\t\t\t\t\t\t\t\t\t\t<a href=\"https:\/\/www.gmartravelytours.pe\/g1\/arequipa\/\">\n\t\t\t\t\t\t\t<img decoding=\"async\" width=\"70\" height=\"75\" src=\"https:\/\/www.gmartravelytours.pe\/g1\/wp-content\/uploads\/2025\/10\/Flecha-retorno2.jpg\" class=\"attachment-large size-large wp-image-2621\" alt=\"flecha retorno2\" title=\"Arequipa Ca\u00f1\u00f3n del Colca\">\t\t\t\t\t\t\t\t<\/a>\n\t\t\t\t\t\t\t\t\t\t\t\t\t\t\t<\/div>\n\t\t\t\t<\/div>\n\t\t\t\t<\/div>\n\t\t\t\t\t<\/div>\n\t\t\t\t<\/div>\n\t\t\t\t<\/div>\n\t\t","protected":false},"excerpt":{"rendered":"<p>Ca\u00f1\u00f3n del Colca El Ca\u00f1\u00f3n del Colca\u00a0es uno de los ca\u00f1ones m\u00e1s profundos del mundo, ubicado en Arequipa, Per\u00fa, conocido por la majestuosa presencia del c\u00f3ndor andino y sus impresionantes paisajes.\u00a0Ofrece turismo de aventura, visitas a pueblos ancestrales, y actividades culturales en sus terrazas agr\u00edcolas preincaicas.\u00a0Se puede visitar desde Arequipa en un viaje de pocas [&hellip;]<\/p>\n","protected":false},"author":1,"featured_media":0,"parent":0,"menu_order":0,"comment_status":"closed","ping_status":"closed","template":"elementor_header_footer","meta":{"site-sidebar-layout":"no-sidebar","site-content-layout":"page-builder","ast-site-content-layout":"full-width-container","site-content-style":"default","site-sidebar-style":"default","ast-global-header-display":"","ast-banner-title-visibility":"","ast-main-header-display":"","ast-hfb-above-header-display":"","ast-hfb-below-header-display":"","ast-hfb-mobile-header-display":"","site-post-title":"","ast-breadcrumbs-content":"","ast-featured-img":"disabled","footer-sml-layout":"","theme-transparent-header-meta":"","adv-header-id-meta":"","stick-header-meta":"","header-above-stick-meta":"","header-main-stick-meta":"","header-below-stick-meta":"","astra-migrate-meta-layouts":"set","ast-page-background-enabled":"default","ast-page-background-meta":{"desktop":{"background-color":"var(--ast-global-color-4)","background-image":"","background-repeat":"repeat","background-position":"center center","background-size":"auto","background-attachment":"scroll","background-type":"","background-media":"","overlay-type":"","overlay-color":"","overlay-opacity":"","overlay-gradient":""},"tablet":{"background-color":"","background-image":"","background-repeat":"repeat","background-position":"center center","background-size":"auto","background-attachment":"scroll","background-type":"","background-media":"","overlay-type":"","overlay-color":"","overlay-opacity":"","overlay-gradient":""},"mobile":{"background-color":"","background-image":"","background-repeat":"repeat","background-position":"center center","background-size":"auto","background-attachment":"scroll","background-type":"","background-media":"","overlay-type":"","overlay-color":"","overlay-opacity":"","overlay-gradient":""}},"ast-content-background-meta":{"desktop":{"background-color":"var(--ast-global-color-5)","background-image":"","background-repeat":"repeat","background-position":"center center","background-size":"auto","background-attachment":"scroll","background-type":"","background-media":"","overlay-type":"","overlay-color":"","overlay-opacity":"","overlay-gradient":""},"tablet":{"background-color":"var(--ast-global-color-5)","background-image":"","background-repeat":"repeat","background-position":"center center","background-size":"auto","background-attachment":"scroll","background-type":"","background-media":"","overlay-type":"","overlay-color":"","overlay-opacity":"","overlay-gradient":""},"mobile":{"background-color":"var(--ast-global-color-5)","background-image":"","background-repeat":"repeat","background-position":"center center","background-size":"auto","background-attachment":"scroll","background-type":"","background-media":"","overlay-type":"","overlay-color":"","overlay-opacity":"","overlay-gradient":""}},"footnotes":""},"class_list":["post-2797","page","type-page","status-publish","hentry"],"_links":{"self":[{"href":"https:\/\/www.gmartravelytours.pe\/g1\/wp-json\/wp\/v2\/pages\/2797","targetHints":{"allow":["GET"]}}],"collection":[{"href":"https:\/\/www.gmartravelytours.pe\/g1\/wp-json\/wp\/v2\/pages"}],"about":[{"href":"https:\/\/www.gmartravelytours.pe\/g1\/wp-json\/wp\/v2\/types\/page"}],"author":[{"embeddable":true,"href":"https:\/\/www.gmartravelytours.pe\/g1\/wp-json\/wp\/v2\/users\/1"}],"replies":[{"embeddable":true,"href":"https:\/\/www.gmartravelytours.pe\/g1\/wp-json\/wp\/v2\/comments?post=2797"}],"version-history":[{"count":31,"href":"https:\/\/www.gmartravelytours.pe\/g1\/wp-json\/wp\/v2\/pages\/2797\/revisions"}],"predecessor-version":[{"id":2912,"href":"https:\/\/www.gmartravelytours.pe\/g1\/wp-json\/wp\/v2\/pages\/2797\/revisions\/2912"}],"wp:attachment":[{"href":"https:\/\/www.gmartravelytours.pe\/g1\/wp-json\/wp\/v2\/media?parent=2797"}],"curies":[{"name":"wp","href":"https:\/\/api.w.org\/{rel}","templated":true}]}}