{"id":2641,"date":"2025-10-11T22:51:15","date_gmt":"2025-10-11T22:51:15","guid":{"rendered":"https:\/\/www.gmartravelytours.pe\/g1\/?page_id=2641"},"modified":"2025-10-11T22:58:31","modified_gmt":"2025-10-11T22:58:31","slug":"cusco-valle-sagrado-vip","status":"publish","type":"page","link":"https:\/\/www.gmartravelytours.pe\/g1\/cusco-valle-sagrado-vip\/","title":{"rendered":"Cusco Valle Sagrado VIP"},"content":{"rendered":"\t\t<div data-elementor-type=\"wp-page\" data-elementor-id=\"2641\" class=\"elementor elementor-2641\" data-elementor-post-type=\"page\">\n\t\t\t\t<div class=\"elementor-element elementor-element-59eb9ae e-flex e-con-boxed e-con e-parent\" data-id=\"59eb9ae\" data-element_type=\"container\" data-settings=\"{&quot;background_background&quot;:&quot;classic&quot;}\">\n\t\t\t\t\t<div class=\"e-con-inner\">\n\t\t<div class=\"elementor-element elementor-element-fde2609 e-con-full e-flex e-con e-child\" data-id=\"fde2609\" data-element_type=\"container\" data-settings=\"{&quot;background_background&quot;:&quot;classic&quot;}\">\n\t\t\t\t<div class=\"elementor-element elementor-element-da2453b elementor-widget elementor-widget-heading\" data-id=\"da2453b\" data-element_type=\"widget\" data-widget_type=\"heading.default\">\n\t\t\t\t<div class=\"elementor-widget-container\">\n\t\t\t\t\t<h2 class=\"elementor-heading-title elementor-size-default\">Valle Sagrado VIP<\/h2>\t\t\t\t<\/div>\n\t\t\t\t<\/div>\n\t\t\t\t<div class=\"elementor-element elementor-element-f69de34 elementor-widget elementor-widget-text-editor\" data-id=\"f69de34\" data-element_type=\"widget\" data-widget_type=\"text-editor.default\">\n\t\t\t\t<div class=\"elementor-widget-container\">\n\t\t\t\t\t\t\t\t\t<p>Un tour VIP de d\u00eda completo por el Valle Sagrado de los Incas es una experiencia extendida que explora los principales atractivos de la regi\u00f3n, incluyendo sitios que no se visitan en la ruta cl\u00e1sica. Generalmente, este tipo de tour\u00a0<mark class=\"HxTRcb\" data-complete=\"true\" data-sae=\"\">comienza temprano en la ma\u00f1ana desde Cusco y dura aproximadamente 11 a 12 horas<\/mark>.<\/p>\t\t\t\t\t\t\t\t<\/div>\n\t\t\t\t<\/div>\n\t\t\t\t<\/div>\n\t\t\t\t\t<\/div>\n\t\t\t\t<\/div>\n\t\t<div class=\"elementor-element elementor-element-109bcfb e-flex e-con-boxed e-con e-parent\" data-id=\"109bcfb\" data-element_type=\"container\">\n\t\t\t\t\t<div class=\"e-con-inner\">\n\t\t\t\t<div class=\"elementor-element elementor-element-5233ed3 elementor-widget elementor-widget-text-editor\" data-id=\"5233ed3\" data-element_type=\"widget\" data-widget_type=\"text-editor.default\">\n\t\t\t\t<div class=\"elementor-widget-container\">\n\t\t\t\t\t\t\t\t\t<p><img decoding=\"async\" class=\"emoji\" role=\"img\" draggable=\"false\" src=\"https:\/\/s.w.org\/images\/core\/emoji\/16.0.1\/svg\/1f4cd.svg\" alt=\"\ud83d\udccd\" title=\"Cusco Valle Sagrado VIP\"> <b>Lugares a visitar:<\/b><\/p><ul><li>Chincheros<\/li><li>Moray<\/li><li>Salineras de Maras<\/li><li>Ollaytaytambo<\/li><li>Pisaq<\/li><\/ul><div><img decoding=\"async\" class=\"emoji\" role=\"img\" draggable=\"false\" src=\"https:\/\/s.w.org\/images\/core\/emoji\/16.0.1\/svg\/1f5ff.svg\" alt=\"\ud83d\uddff\" title=\"Cusco Valle Sagrado VIP\"> <b>Modalidad de turismo<\/b><\/div><ul><li>Cultural &#8211; Fotograf\u00edas<\/li><\/ul><p><img decoding=\"async\" class=\"emoji\" role=\"img\" draggable=\"false\" src=\"https:\/\/s.w.org\/images\/core\/emoji\/16.0.1\/svg\/1f4cf.svg\" alt=\"\ud83d\udccf\" title=\"Cusco Valle Sagrado VIP\"> <b>Altura por punto de visita (msnm)<\/b><\/p><ul><li>Hasta 2050 &#8211; 3000 msnm<\/li><\/ul><p><strong><img decoding=\"async\" class=\"emoji\" role=\"img\" draggable=\"false\" src=\"https:\/\/s.w.org\/images\/core\/emoji\/16.0.1\/svg\/23f3.svg\" alt=\"\u23f3\" title=\"Cusco Valle Sagrado VIP\"> Duraci\u00f3n del tour<\/strong><\/p><ul><li>Full Day<\/li><\/ul><p><strong><img decoding=\"async\" class=\"emoji\" role=\"img\" draggable=\"false\" src=\"https:\/\/s.w.org\/images\/core\/emoji\/16.0.1\/svg\/23f0.svg\" alt=\"\u23f0\" title=\"Cusco Valle Sagrado VIP\"> Horario del Tour<\/strong><\/p><ul><li>Desde las 6:30 am hasta 7:00 pm.<\/li><\/ul>\t\t\t\t\t\t\t\t<\/div>\n\t\t\t\t<\/div>\n\t\t\t\t<div class=\"elementor-element elementor-element-e11b372 elementor-widget elementor-widget-image\" data-id=\"e11b372\" data-element_type=\"widget\" data-widget_type=\"image.default\">\n\t\t\t\t<div class=\"elementor-widget-container\">\n\t\t\t\t\t\t\t\t\t\t\t\t\t\t\t\t<a href=\"https:\/\/www.gmartravelytours.pe\/g1\/cusco\/\">\n\t\t\t\t\t\t\t<img decoding=\"async\" width=\"70\" height=\"75\" src=\"https:\/\/www.gmartravelytours.pe\/g1\/wp-content\/uploads\/2025\/10\/Flecha-retorno2.jpg\" class=\"attachment-large size-large wp-image-2621\" alt=\"flecha retorno2\" title=\"Cusco Valle Sagrado VIP\">\t\t\t\t\t\t\t\t<\/a>\n\t\t\t\t\t\t\t\t\t\t\t\t\t\t\t<\/div>\n\t\t\t\t<\/div>\n\t\t\t\t\t<\/div>\n\t\t\t\t<\/div>\n\t\t<div class=\"elementor-element elementor-element-21607a9 e-flex e-con-boxed e-con e-parent\" data-id=\"21607a9\" data-element_type=\"container\">\n\t\t\t\t\t<div class=\"e-con-inner\">\n\t\t\t\t<div class=\"elementor-element elementor-element-e3c5fa5 elementor-widget elementor-widget-heading\" data-id=\"e3c5fa5\" data-element_type=\"widget\" data-widget_type=\"heading.default\">\n\t\t\t\t<div class=\"elementor-widget-container\">\n\t\t\t\t\t<h2 class=\"elementor-heading-title elementor-size-default\">Itinerario<\/h2>\t\t\t\t<\/div>\n\t\t\t\t<\/div>\n\t\t\t\t<div class=\"elementor-element elementor-element-02697e6 elementor-widget elementor-widget-text-editor\" data-id=\"02697e6\" data-element_type=\"widget\" data-widget_type=\"text-editor.default\">\n\t\t\t\t<div class=\"elementor-widget-container\">\n\t\t\t\t\t\t\t\t\t<p>Te recogemos en tu hotel entre 6:30 a 7:00 a.m.. Una vez que el grupo est\u00e9 completo, partimos rumbo al norte para comenzar un d\u00eda lleno de historia, cultura y paisajes impresionantes. Nuestra primera parada ser\u00e1 en Chinchero, un pueblo pintoresco con terrazas agr\u00edcolas, restos de la hacienda real de T\u00fapac Inca Yupanqui y un templo colonial construido sobre estructuras incas. Tambi\u00e9n veremos c\u00f3mo se transforma la lana, desde el lavado hasta convertirse en textiles tradicionales. Seguimos hacia Moray, un lugar \u00fanico con enormes terrazas circulares que los incas usaban como centro de experimentaci\u00f3n agr\u00edcola. Luego visitamos las Salineras de Maras, donde aprenderemos sobre el antiguo proceso de extracci\u00f3n de sal que a\u00fan sigue vigente desde la \u00e9poca inca. <br \/>Despu\u00e9s, llegamos a la imponente fortaleza de Ollantaytambo, construida para proteger el valle. Caminaremos por sus terrazas y escucharemos sobre su historia estrat\u00e9gica. Tras esta visita, nos dirigimos a Urubamba, donde disfrutaremos de un almuerzo buffet para recargar energ\u00edas. Por la tarde, visitamos el complejo arqueol\u00f3gico de Pisac, ubicado en lo alto de una monta\u00f1a con una vista espectacular del valle. Aqu\u00ed conoceremos m\u00e1s sobre la planificaci\u00f3n inca y su conexi\u00f3n con el entorno. Finalizamos el tour regresando a Cusco alrededor de las 7:00 p.m., con la c\u00e1mara llena de fotos y la mente llena de historia.<\/p>\t\t\t\t\t\t\t\t<\/div>\n\t\t\t\t<\/div>\n\t\t\t\t<div class=\"elementor-element elementor-element-aab3e2f elementor-widget elementor-widget-image\" data-id=\"aab3e2f\" data-element_type=\"widget\" data-widget_type=\"image.default\">\n\t\t\t\t<div class=\"elementor-widget-container\">\n\t\t\t\t\t\t\t\t\t\t\t\t\t\t\t\t<a href=\"https:\/\/www.gmartravelytours.pe\/g1\/cusco\/\">\n\t\t\t\t\t\t\t<img decoding=\"async\" width=\"70\" height=\"75\" src=\"https:\/\/www.gmartravelytours.pe\/g1\/wp-content\/uploads\/2025\/10\/Flecha-retorno2.jpg\" class=\"attachment-large size-large wp-image-2621\" alt=\"flecha retorno2\" title=\"Cusco Valle Sagrado VIP\">\t\t\t\t\t\t\t\t<\/a>\n\t\t\t\t\t\t\t\t\t\t\t\t\t\t\t<\/div>\n\t\t\t\t<\/div>\n\t\t\t\t\t<\/div>\n\t\t\t\t<\/div>\n\t\t<div class=\"elementor-element elementor-element-17d04a5 e-flex e-con-boxed e-con e-parent\" data-id=\"17d04a5\" data-element_type=\"container\">\n\t\t\t\t\t<div class=\"e-con-inner\">\n\t\t\t\t<div class=\"elementor-element elementor-element-771be07 elementor-widget elementor-widget-text-editor\" data-id=\"771be07\" data-element_type=\"widget\" data-widget_type=\"text-editor.default\">\n\t\t\t\t<div class=\"elementor-widget-container\">\n\t\t\t\t\t\t\t\t\t<p><!--StartFragment --><\/p><p><b><img decoding=\"async\" class=\"emoji\" role=\"img\" draggable=\"false\" src=\"https:\/\/s.w.org\/images\/core\/emoji\/16.0.1\/svg\/2705.svg\" alt=\"\u2705\" title=\"Cusco Valle Sagrado VIP\"> INCLUYE:<\/b><\/p><ul><li><img decoding=\"async\" class=\"emoji\" role=\"img\" draggable=\"false\" src=\"https:\/\/s.w.org\/images\/core\/emoji\/16.0.1\/svg\/1f3e8.svg\" alt=\"\ud83c\udfe8\" title=\"Cusco Valle Sagrado VIP\"> <strong>Recojo desde su hotel en Cusco<\/strong><\/li><li><img decoding=\"async\" class=\"emoji\" role=\"img\" draggable=\"false\" src=\"https:\/\/s.w.org\/images\/core\/emoji\/16.0.1\/svg\/1f68c.svg\" alt=\"\ud83d\ude8c\" title=\"Cusco Valle Sagrado VIP\"> <strong>Transporte tur\u00edstico<\/strong><\/li><li><img decoding=\"async\" class=\"emoji\" role=\"img\" draggable=\"false\" src=\"https:\/\/s.w.org\/images\/core\/emoji\/16.0.1\/svg\/1f5e3.svg\" alt=\"\ud83d\udde3\ufe0f\" title=\"Cusco Valle Sagrado VIP\"> <strong>Gu\u00eda profesional biling\u00fce<\/strong> (Ingl\u00e9s \u2013 Espa\u00f1ol)<\/li><li><img decoding=\"async\" class=\"emoji\" role=\"img\" draggable=\"false\" src=\"https:\/\/s.w.org\/images\/core\/emoji\/16.0.1\/svg\/1f37d.svg\" alt=\"\ud83c\udf7d\ufe0f\" title=\"Cusco Valle Sagrado VIP\"> <strong>1 almuerzo buffet<\/strong><\/li><\/ul><p><b><img decoding=\"async\" class=\"emoji\" role=\"img\" draggable=\"false\" src=\"https:\/\/s.w.org\/images\/core\/emoji\/16.0.1\/svg\/274c.svg\" alt=\"\u274c\" title=\"Cusco Valle Sagrado VIP\"> NO INCLUYE:<\/b><\/p><ul><li><img decoding=\"async\" class=\"emoji\" role=\"img\" draggable=\"false\" src=\"https:\/\/s.w.org\/images\/core\/emoji\/16.0.1\/svg\/1f3ab.svg\" alt=\"\ud83c\udfab\" title=\"Cusco Valle Sagrado VIP\"> <strong>Boleto Tur\u00edstico del Cusco<\/strong> (S\/ 70.00)<\/li><li><img decoding=\"async\" class=\"emoji\" role=\"img\" draggable=\"false\" src=\"https:\/\/s.w.org\/images\/core\/emoji\/16.0.1\/svg\/1f9c2.svg\" alt=\"\ud83e\uddc2\" title=\"Cusco Valle Sagrado VIP\"> <strong>Ingreso a Salineras<\/strong> (S\/ 20.00)<\/li><li><img decoding=\"async\" class=\"emoji\" role=\"img\" draggable=\"false\" src=\"https:\/\/s.w.org\/images\/core\/emoji\/16.0.1\/svg\/2615.svg\" alt=\"\u2615\" title=\"Cusco Valle Sagrado VIP\"> <strong>Desayuno<\/strong><\/li><li><img decoding=\"async\" class=\"emoji\" role=\"img\" draggable=\"false\" src=\"https:\/\/s.w.org\/images\/core\/emoji\/16.0.1\/svg\/1f319.svg\" alt=\"\ud83c\udf19\" title=\"Cusco Valle Sagrado VIP\"> <strong>Cena<\/strong><\/li><\/ul><p><!--EndFragment --><\/p>\t\t\t\t\t\t\t\t<\/div>\n\t\t\t\t<\/div>\n\t\t\t\t<div class=\"elementor-element elementor-element-87d271a elementor-widget elementor-widget-image\" data-id=\"87d271a\" data-element_type=\"widget\" data-widget_type=\"image.default\">\n\t\t\t\t<div class=\"elementor-widget-container\">\n\t\t\t\t\t\t\t\t\t\t\t\t\t\t\t\t<a href=\"https:\/\/www.gmartravelytours.pe\/g1\/cusco\/\">\n\t\t\t\t\t\t\t<img decoding=\"async\" width=\"70\" height=\"75\" src=\"https:\/\/www.gmartravelytours.pe\/g1\/wp-content\/uploads\/2025\/10\/Flecha-retorno2.jpg\" class=\"attachment-large size-large wp-image-2621\" alt=\"flecha retorno2\" title=\"Cusco Valle Sagrado VIP\">\t\t\t\t\t\t\t\t<\/a>\n\t\t\t\t\t\t\t\t\t\t\t\t\t\t\t<\/div>\n\t\t\t\t<\/div>\n\t\t\t\t\t<\/div>\n\t\t\t\t<\/div>\n\t\t<div class=\"elementor-element elementor-element-da8bce5 e-flex e-con-boxed e-con e-parent\" data-id=\"da8bce5\" data-element_type=\"container\">\n\t\t\t\t\t<div class=\"e-con-inner\">\n\t\t\t\t<div class=\"elementor-element elementor-element-4428e08 elementor-widget elementor-widget-heading\" data-id=\"4428e08\" data-element_type=\"widget\" data-widget_type=\"heading.default\">\n\t\t\t\t<div class=\"elementor-widget-container\">\n\t\t\t\t\t<h2 class=\"elementor-heading-title elementor-size-default\">Recomendaciones<\/h2>\t\t\t\t<\/div>\n\t\t\t\t<\/div>\n\t\t\t\t<div class=\"elementor-element elementor-element-e6f48ff elementor-widget elementor-widget-text-editor\" data-id=\"e6f48ff\" data-element_type=\"widget\" data-widget_type=\"text-editor.default\">\n\t\t\t\t<div class=\"elementor-widget-container\">\n\t\t\t\t\t\t\t\t\t<p><img decoding=\"async\" class=\"emoji\" title=\"Mmachupicchu clase Turista\" role=\"img\" draggable=\"false\" src=\"https:\/\/s.w.org\/images\/core\/emoji\/16.0.1\/svg\/1f9f3.svg\" alt=\"\ud83e\uddf3\" \/>\u00a0<strong>\u00bfQu\u00e9 llevar para tu pr\u00f3xima aventura?<\/strong><br \/>\u00a0 \u00a0 \u00a0 Prep\u00e1rate para disfrutar al m\u00e1ximo con estos esenciales:<\/p><ul><li style=\"list-style-type: none;\"><ul><li>\ud83c\udf92 <strong>Lleva una mochila ligera<\/strong> con lo esencial<\/li><li>\ud83d\udc55\ud83e\udde5 <strong>Usa ropa c\u00f3moda y ligera<\/strong>, y lleva una casaca o cortavientos por si cambia el clima<\/li><li>\ud83d\udc5f <strong>Calzado adecuado<\/strong> para caminatas<\/li><li>\ud83c\udf1e\ud83e\udde2\ud83d\udd76\ufe0f <strong>Protecci\u00f3n solar:<\/strong> usa protector solar, sombrero o gorra, y gafas de sol<\/li><li>\ud83d\udca7 <strong>Botella de agua reutilizable<\/strong> para mantenerte hidratado<\/li><li>\ud83e\udeaa\ud83c\udfab <strong>Ten a la mano tu documento de identidad<\/strong> y boletos del tren<\/li><li>\ud83d\udcb5 <strong>Lleva dinero en efectivo<\/strong> para compras en mercados locales o gastos personales<\/li><li>\u23f0 <strong>S\u00e9 puntual<\/strong> con los horarios del tren a Aguas Calientes<\/li><li>\ud83d\udd12 <strong>Mant\u00e9n tus pertenencias seguras<\/strong> y a la vista durante los traslados<\/li><\/ul><!--EndFragment --><\/li><\/ul><p><!--EndFragment --><\/p>\t\t\t\t\t\t\t\t<\/div>\n\t\t\t\t<\/div>\n\t\t\t\t<div class=\"elementor-element elementor-element-bd6ce26 elementor-widget elementor-widget-image\" data-id=\"bd6ce26\" data-element_type=\"widget\" data-widget_type=\"image.default\">\n\t\t\t\t<div class=\"elementor-widget-container\">\n\t\t\t\t\t\t\t\t\t\t\t\t\t\t\t\t<a href=\"https:\/\/www.gmartravelytours.pe\/g1\/cusco\/\">\n\t\t\t\t\t\t\t<img decoding=\"async\" width=\"70\" height=\"75\" src=\"https:\/\/www.gmartravelytours.pe\/g1\/wp-content\/uploads\/2025\/10\/Flecha-retorno2.jpg\" class=\"attachment-large size-large wp-image-2621\" alt=\"flecha retorno2\" title=\"Cusco Valle Sagrado VIP\">\t\t\t\t\t\t\t\t<\/a>\n\t\t\t\t\t\t\t\t\t\t\t\t\t\t\t<\/div>\n\t\t\t\t<\/div>\n\t\t\t\t\t<\/div>\n\t\t\t\t<\/div>\n\t\t\t\t<\/div>\n\t\t","protected":false},"excerpt":{"rendered":"<p>Valle Sagrado VIP Un tour VIP de d\u00eda completo por el Valle Sagrado de los Incas es una experiencia extendida que explora los principales atractivos de la regi\u00f3n, incluyendo sitios que no se visitan en la ruta cl\u00e1sica. Generalmente, este tipo de tour\u00a0comienza temprano en la ma\u00f1ana desde Cusco y dura aproximadamente 11 a 12 [&hellip;]<\/p>\n","protected":false},"author":1,"featured_media":0,"parent":0,"menu_order":0,"comment_status":"closed","ping_status":"closed","template":"elementor_header_footer","meta":{"site-sidebar-layout":"no-sidebar","site-content-layout":"page-builder","ast-site-content-layout":"full-width-container","site-content-style":"default","site-sidebar-style":"default","ast-global-header-display":"","ast-banner-title-visibility":"","ast-main-header-display":"","ast-hfb-above-header-display":"","ast-hfb-below-header-display":"","ast-hfb-mobile-header-display":"","site-post-title":"","ast-breadcrumbs-content":"","ast-featured-img":"disabled","footer-sml-layout":"","theme-transparent-header-meta":"","adv-header-id-meta":"","stick-header-meta":"","header-above-stick-meta":"","header-main-stick-meta":"","header-below-stick-meta":"","astra-migrate-meta-layouts":"set","ast-page-background-enabled":"default","ast-page-background-meta":{"desktop":{"background-color":"var(--ast-global-color-4)","background-image":"","background-repeat":"repeat","background-position":"center center","background-size":"auto","background-attachment":"scroll","background-type":"","background-media":"","overlay-type":"","overlay-color":"","overlay-opacity":"","overlay-gradient":""},"tablet":{"background-color":"","background-image":"","background-repeat":"repeat","background-position":"center center","background-size":"auto","background-attachment":"scroll","background-type":"","background-media":"","overlay-type":"","overlay-color":"","overlay-opacity":"","overlay-gradient":""},"mobile":{"background-color":"","background-image":"","background-repeat":"repeat","background-position":"center center","background-size":"auto","background-attachment":"scroll","background-type":"","background-media":"","overlay-type":"","overlay-color":"","overlay-opacity":"","overlay-gradient":""}},"ast-content-background-meta":{"desktop":{"background-color":"var(--ast-global-color-5)","background-image":"","background-repeat":"repeat","background-position":"center center","background-size":"auto","background-attachment":"scroll","background-type":"","background-media":"","overlay-type":"","overlay-color":"","overlay-opacity":"","overlay-gradient":""},"tablet":{"background-color":"var(--ast-global-color-5)","background-image":"","background-repeat":"repeat","background-position":"center center","background-size":"auto","background-attachment":"scroll","background-type":"","background-media":"","overlay-type":"","overlay-color":"","overlay-opacity":"","overlay-gradient":""},"mobile":{"background-color":"var(--ast-global-color-5)","background-image":"","background-repeat":"repeat","background-position":"center center","background-size":"auto","background-attachment":"scroll","background-type":"","background-media":"","overlay-type":"","overlay-color":"","overlay-opacity":"","overlay-gradient":""}},"footnotes":""},"class_list":["post-2641","page","type-page","status-publish","hentry"],"_links":{"self":[{"href":"https:\/\/www.gmartravelytours.pe\/g1\/wp-json\/wp\/v2\/pages\/2641","targetHints":{"allow":["GET"]}}],"collection":[{"href":"https:\/\/www.gmartravelytours.pe\/g1\/wp-json\/wp\/v2\/pages"}],"about":[{"href":"https:\/\/www.gmartravelytours.pe\/g1\/wp-json\/wp\/v2\/types\/page"}],"author":[{"embeddable":true,"href":"https:\/\/www.gmartravelytours.pe\/g1\/wp-json\/wp\/v2\/users\/1"}],"replies":[{"embeddable":true,"href":"https:\/\/www.gmartravelytours.pe\/g1\/wp-json\/wp\/v2\/comments?post=2641"}],"version-history":[{"count":5,"href":"https:\/\/www.gmartravelytours.pe\/g1\/wp-json\/wp\/v2\/pages\/2641\/revisions"}],"predecessor-version":[{"id":2652,"href":"https:\/\/www.gmartravelytours.pe\/g1\/wp-json\/wp\/v2\/pages\/2641\/revisions\/2652"}],"wp:attachment":[{"href":"https:\/\/www.gmartravelytours.pe\/g1\/wp-json\/wp\/v2\/media?parent=2641"}],"curies":[{"name":"wp","href":"https:\/\/api.w.org\/{rel}","templated":true}]}}