{"id":2591,"date":"2025-10-11T20:55:52","date_gmt":"2025-10-11T20:55:52","guid":{"rendered":"https:\/\/www.gmartravelytours.pe\/g1\/?page_id=2591"},"modified":"2025-10-11T22:19:19","modified_gmt":"2025-10-11T22:19:19","slug":"cusco-machupicchu-tren-panoramico","status":"publish","type":"page","link":"https:\/\/www.gmartravelytours.pe\/g1\/cusco-machupicchu-tren-panoramico\/","title":{"rendered":"Cusco Machupicchu Tren Panor\u00e1mico"},"content":{"rendered":"\t\t<div data-elementor-type=\"wp-page\" data-elementor-id=\"2591\" class=\"elementor elementor-2591\" data-elementor-post-type=\"page\">\n\t\t\t\t<div class=\"elementor-element elementor-element-59eb9ae e-flex e-con-boxed e-con e-parent\" data-id=\"59eb9ae\" data-element_type=\"container\" data-settings=\"{&quot;background_background&quot;:&quot;classic&quot;}\">\n\t\t\t\t\t<div class=\"e-con-inner\">\n\t\t<div class=\"elementor-element elementor-element-fde2609 e-con-full e-flex e-con e-child\" data-id=\"fde2609\" data-element_type=\"container\" data-settings=\"{&quot;background_background&quot;:&quot;classic&quot;}\">\n\t\t\t\t<div class=\"elementor-element elementor-element-da2453b elementor-widget elementor-widget-heading\" data-id=\"da2453b\" data-element_type=\"widget\" data-widget_type=\"heading.default\">\n\t\t\t\t<div class=\"elementor-widget-container\">\n\t\t\t\t\t<h2 class=\"elementor-heading-title elementor-size-default\">Machupicchu Tren Panor\u00e1mico<\/h2>\t\t\t\t<\/div>\n\t\t\t\t<\/div>\n\t\t\t\t<div class=\"elementor-element elementor-element-f69de34 elementor-widget elementor-widget-text-editor\" data-id=\"f69de34\" data-element_type=\"widget\" data-widget_type=\"text-editor.default\">\n\t\t\t\t<div class=\"elementor-widget-container\">\n\t\t\t\t\t\t\t\t\t<p>Un tour de un d\u00eda completo a Machu Picchu en un tren panor\u00e1mico es una de las maneras m\u00e1s populares y eficientes de visitar la ciudadela inca. Este tipo de excursi\u00f3n ofrece vistas espectaculares del paisaje andino gracias a las amplias ventanas del tren.<\/p>\t\t\t\t\t\t\t\t<\/div>\n\t\t\t\t<\/div>\n\t\t\t\t<\/div>\n\t\t\t\t\t<\/div>\n\t\t\t\t<\/div>\n\t\t<div class=\"elementor-element elementor-element-109bcfb e-flex e-con-boxed e-con e-parent\" data-id=\"109bcfb\" data-element_type=\"container\">\n\t\t\t\t\t<div class=\"e-con-inner\">\n\t\t\t\t<div class=\"elementor-element elementor-element-7be356f elementor-widget elementor-widget-text-editor\" data-id=\"7be356f\" data-element_type=\"widget\" data-widget_type=\"text-editor.default\">\n\t\t\t\t<div class=\"elementor-widget-container\">\n\t\t\t\t\t\t\t\t\t<p>\ud83d\udccd <b>Lugares a visitar:<\/b><\/p><ul><li>Machupicchu<\/li><li>Aguas calientes<\/li><\/ul><div>\ud83d\uddff <b>Modalidad de turismo<\/b><\/div><ul><li>Cultural &#8211; Historia<\/li><\/ul><p>\ud83d\udccf <b>Altura por punto de visita (msnm)<\/b><\/p><ul><li>Hasta 2430msnm<\/li><\/ul><p><strong>\u23f3 Duraci\u00f3n del tour<\/strong><\/p><ul><li>Full Day<\/li><\/ul><p><strong>\u23f0 Horario del Tour<\/strong><\/p><ul><li>Desde las 5:30am<\/li><li>Hasta 8:30pm<\/li><\/ul>\t\t\t\t\t\t\t\t<\/div>\n\t\t\t\t<\/div>\n\t\t\t\t<div class=\"elementor-element elementor-element-748e018 elementor-widget elementor-widget-image\" data-id=\"748e018\" data-element_type=\"widget\" data-widget_type=\"image.default\">\n\t\t\t\t<div class=\"elementor-widget-container\">\n\t\t\t\t\t\t\t\t\t\t\t\t\t\t\t\t<a href=\"https:\/\/www.gmartravelytours.pe\/g1\/cusco\/\">\n\t\t\t\t\t\t\t<img decoding=\"async\" width=\"70\" height=\"75\" src=\"https:\/\/www.gmartravelytours.pe\/g1\/wp-content\/uploads\/2025\/10\/Flecha-retorno2.jpg\" class=\"attachment-large size-large wp-image-2621\" alt=\"flecha retorno2\" title=\"Cusco Machupicchu Tren Panor\u00e1mico\">\t\t\t\t\t\t\t\t<\/a>\n\t\t\t\t\t\t\t\t\t\t\t\t\t\t\t<\/div>\n\t\t\t\t<\/div>\n\t\t\t\t\t<\/div>\n\t\t\t\t<\/div>\n\t\t<div class=\"elementor-element elementor-element-21607a9 e-flex e-con-boxed e-con e-parent\" data-id=\"21607a9\" data-element_type=\"container\">\n\t\t\t\t\t<div class=\"e-con-inner\">\n\t\t\t\t<div class=\"elementor-element elementor-element-e3c5fa5 elementor-widget elementor-widget-heading\" data-id=\"e3c5fa5\" data-element_type=\"widget\" data-widget_type=\"heading.default\">\n\t\t\t\t<div class=\"elementor-widget-container\">\n\t\t\t\t\t<h2 class=\"elementor-heading-title elementor-size-default\">Itinerario<\/h2>\t\t\t\t<\/div>\n\t\t\t\t<\/div>\n\t\t\t\t<div class=\"elementor-element elementor-element-4aae8a5 elementor-widget elementor-widget-text-editor\" data-id=\"4aae8a5\" data-element_type=\"widget\" data-widget_type=\"text-editor.default\">\n\t\t\t\t<div class=\"elementor-widget-container\">\n\t\t\t\t\t\t\t\t\t<p>Lo recogeremos de su hotel en Cusco a las 5:30 am y lo trasladaremos a Ollantaytambo para abordar el tren panor\u00e1mico a Aguas Calientes; el viaje en tren dura 1.50 minutos desde las tierras altas de Ollantaytambo hacia el bosque nuboso, experimentando el cambio m\u00e1s r\u00e1pido en el paisaje, siguiendo el r\u00edo Urubamba. A su llegada a la ciudad de Aguas Calientes, su gu\u00eda tur\u00edstico le dar\u00e1 tiempo libre para tomar caf\u00e9 o bocadillos; luego, abordar\u00e1 el hermoso viaje en autob\u00fas de 30 minutos hasta Machu Picchu e ingresar\u00e1 a la ciudadela de Machu Picchu. Una vez en Machu Picchu y pasando el CheckPoint, tendr\u00e1 una visita guiada de 3 a 4 horas por su gu\u00eda de habla inglesa que le mostrar\u00e1 lo mejor de esta legendaria ciudad perdida inca rodeada de magn\u00edficas monta\u00f1as, explorando los lugares m\u00e1s importantes, aprendiendo sobre la historia inca. , nuevas pistas sobre Machu Picchu.\u00a0Despu\u00e9s del recorrido, tomar\u00e1 el autob\u00fas de regreso a Aguas Calientes para almorzar (no incluido), explorar la ciudad y hacer compras. Luego, toma el Tren Panor\u00e1mico a\u00a0Ollantaytambo La hora estimada de llegada es a las 20:30 horas de regreso a su hotel en Cusco.<\/p>\t\t\t\t\t\t\t\t<\/div>\n\t\t\t\t<\/div>\n\t\t\t\t<div class=\"elementor-element elementor-element-5cb163b elementor-widget elementor-widget-image\" data-id=\"5cb163b\" data-element_type=\"widget\" data-widget_type=\"image.default\">\n\t\t\t\t<div class=\"elementor-widget-container\">\n\t\t\t\t\t\t\t\t\t\t\t\t\t\t\t\t<a href=\"https:\/\/www.gmartravelytours.pe\/g1\/cusco\/\">\n\t\t\t\t\t\t\t<img decoding=\"async\" width=\"70\" height=\"75\" src=\"https:\/\/www.gmartravelytours.pe\/g1\/wp-content\/uploads\/2025\/10\/Flecha-retorno2.jpg\" class=\"attachment-large size-large wp-image-2621\" alt=\"flecha retorno2\" title=\"Cusco Machupicchu Tren Panor\u00e1mico\">\t\t\t\t\t\t\t\t<\/a>\n\t\t\t\t\t\t\t\t\t\t\t\t\t\t\t<\/div>\n\t\t\t\t<\/div>\n\t\t\t\t\t<\/div>\n\t\t\t\t<\/div>\n\t\t<div class=\"elementor-element elementor-element-17d04a5 e-flex e-con-boxed e-con e-parent\" data-id=\"17d04a5\" data-element_type=\"container\">\n\t\t\t\t\t<div class=\"e-con-inner\">\n\t\t<div class=\"elementor-element elementor-element-002f978 e-con-full e-flex e-con e-child\" data-id=\"002f978\" data-element_type=\"container\">\n\t\t\t\t<div class=\"elementor-element elementor-element-b113bde elementor-widget elementor-widget-heading\" data-id=\"b113bde\" data-element_type=\"widget\" data-widget_type=\"heading.default\">\n\t\t\t\t<div class=\"elementor-widget-container\">\n\t\t\t\t\t<h2 class=\"elementor-heading-title elementor-size-default\">Incluye<\/h2>\t\t\t\t<\/div>\n\t\t\t\t<\/div>\n\t\t\t\t<div class=\"elementor-element elementor-element-544d976 elementor-widget elementor-widget-text-editor\" data-id=\"544d976\" data-element_type=\"widget\" data-widget_type=\"text-editor.default\">\n\t\t\t\t<div class=\"elementor-widget-container\">\n\t\t\t\t\t\t\t\t\t<p><strong>Incluye<\/strong><\/p><ul><li><strong>\ud83c\udfe8 Recojo en el hotel centro hist\u00f3rico<\/strong><\/li><li><strong>\ud83d\udde3\ufe0f Gu\u00eda biling\u00fce Ingl\u00e9s \u2013 Espa\u00f1ol<\/strong><\/li><li><strong>\ud83d\ude82 Tren Ida y vuelta<\/strong><\/li><li><strong>\u2705 Asistencia<\/strong><\/li><li><strong>\ud83c\udf9f\ufe0f Entradas Machu Picchu (Sujeto a disponibilidad)<\/strong><\/li><li><strong>\ud83d\ude8c Bus subida\/bajada CONSETUR<\/strong><\/li><\/ul><p><!--EndFragment --><\/p>\t\t\t\t\t\t\t\t<\/div>\n\t\t\t\t<\/div>\n\t\t\t\t<div class=\"elementor-element elementor-element-7fb8a76 elementor-widget elementor-widget-image\" data-id=\"7fb8a76\" data-element_type=\"widget\" data-widget_type=\"image.default\">\n\t\t\t\t<div class=\"elementor-widget-container\">\n\t\t\t\t\t\t\t\t\t\t\t\t\t\t\t\t<a href=\"https:\/\/www.gmartravelytours.pe\/g1\/cusco\/\">\n\t\t\t\t\t\t\t<img decoding=\"async\" width=\"70\" height=\"75\" src=\"https:\/\/www.gmartravelytours.pe\/g1\/wp-content\/uploads\/2025\/10\/Flecha-retorno2.jpg\" class=\"attachment-large size-large wp-image-2621\" alt=\"flecha retorno2\" title=\"Cusco Machupicchu Tren Panor\u00e1mico\">\t\t\t\t\t\t\t\t<\/a>\n\t\t\t\t\t\t\t\t\t\t\t\t\t\t\t<\/div>\n\t\t\t\t<\/div>\n\t\t\t\t<\/div>\n\t\t\t\t\t<\/div>\n\t\t\t\t<\/div>\n\t\t<div class=\"elementor-element elementor-element-e23e3a0 e-flex e-con-boxed e-con e-parent\" data-id=\"e23e3a0\" data-element_type=\"container\">\n\t\t\t\t\t<div class=\"e-con-inner\">\n\t\t\t\t<div class=\"elementor-element elementor-element-0fd1bd5 elementor-widget elementor-widget-heading\" data-id=\"0fd1bd5\" data-element_type=\"widget\" data-widget_type=\"heading.default\">\n\t\t\t\t<div class=\"elementor-widget-container\">\n\t\t\t\t\t<h2 class=\"elementor-heading-title elementor-size-default\">Importante<\/h2>\t\t\t\t<\/div>\n\t\t\t\t<\/div>\n\t\t\t\t<div class=\"elementor-element elementor-element-d0c6311 elementor-widget elementor-widget-text-editor\" data-id=\"d0c6311\" data-element_type=\"widget\" data-widget_type=\"text-editor.default\">\n\t\t\t\t<div class=\"elementor-widget-container\">\n\t\t\t\t\t\t\t\t\t<ul><li>No se permite mochilas grandes (m\u00e1x. 40x35x20 cm)<\/li><li>prohibido: palos de selfie, drones, tr\u00edpodes y altavoces.<\/li><li>no tirar basura ni da\u00f1ar el entorno natural o arqueol\u00f3gico<\/li><li>No comer ni fumar dentro del recinto.<\/li><li>usar solo los ba\u00f1os exteriores (no hay dentro del santuario).<\/li><li>no subirse, apoyarse ni tocar muros o estructuras.<\/li><li>mantener el silencio y el respeto por el car\u00e1cter sagrado del lugar.<\/li><li>seguir solo el circuito autorizado.<\/li><\/ul>\t\t\t\t\t\t\t\t<\/div>\n\t\t\t\t<\/div>\n\t\t\t\t<div class=\"elementor-element elementor-element-ec6fd94 elementor-widget elementor-widget-image\" data-id=\"ec6fd94\" data-element_type=\"widget\" data-widget_type=\"image.default\">\n\t\t\t\t<div class=\"elementor-widget-container\">\n\t\t\t\t\t\t\t\t\t\t\t\t\t\t\t\t<a href=\"https:\/\/www.gmartravelytours.pe\/g1\/cusco\/\">\n\t\t\t\t\t\t\t<img decoding=\"async\" width=\"70\" height=\"75\" src=\"https:\/\/www.gmartravelytours.pe\/g1\/wp-content\/uploads\/2025\/10\/Flecha-retorno2.jpg\" class=\"attachment-large size-large wp-image-2621\" alt=\"flecha retorno2\" title=\"Cusco Machupicchu Tren Panor\u00e1mico\">\t\t\t\t\t\t\t\t<\/a>\n\t\t\t\t\t\t\t\t\t\t\t\t\t\t\t<\/div>\n\t\t\t\t<\/div>\n\t\t\t\t\t<\/div>\n\t\t\t\t<\/div>\n\t\t<div class=\"elementor-element elementor-element-da8bce5 e-flex e-con-boxed e-con e-parent\" data-id=\"da8bce5\" data-element_type=\"container\">\n\t\t\t\t\t<div class=\"e-con-inner\">\n\t\t\t\t<div class=\"elementor-element elementor-element-4428e08 elementor-widget elementor-widget-heading\" data-id=\"4428e08\" data-element_type=\"widget\" data-widget_type=\"heading.default\">\n\t\t\t\t<div class=\"elementor-widget-container\">\n\t\t\t\t\t<h2 class=\"elementor-heading-title elementor-size-default\">Recomendaciones<\/h2>\t\t\t\t<\/div>\n\t\t\t\t<\/div>\n\t\t\t\t<div class=\"elementor-element elementor-element-ef87943 elementor-widget elementor-widget-text-editor\" data-id=\"ef87943\" data-element_type=\"widget\" data-widget_type=\"text-editor.default\">\n\t\t\t\t<div class=\"elementor-widget-container\">\n\t\t\t\t\t\t\t\t\t<p><img decoding=\"async\" class=\"emoji\" title=\"Mmachupicchu clase Turista\" role=\"img\" draggable=\"false\" src=\"https:\/\/s.w.org\/images\/core\/emoji\/16.0.1\/svg\/1f9f3.svg\" alt=\"\ud83e\uddf3\" \/>\u00a0<strong>\u00bfQu\u00e9 llevar para tu pr\u00f3xima aventura?<\/strong><br \/>\u00a0 \u00a0 \u00a0 Prep\u00e1rate para disfrutar al m\u00e1ximo con estos esenciales:<\/p><ul><li>\ud83e\udde5 Llevar ropa abrigadora<\/li><li>\ud83d\udc5f Usar calzado c\u00f3modo<\/li><li>\ud83d\udca7 Hidratarse bien<\/li><li>\u2600\ufe0f Protegerse del sol<\/li><li>\ud83d\udc22 Caminar despacio por la altura<\/li><\/ul><p><!--EndFragment --><\/p>\t\t\t\t\t\t\t\t<\/div>\n\t\t\t\t<\/div>\n\t\t\t\t<div class=\"elementor-element elementor-element-16c594f elementor-widget elementor-widget-image\" data-id=\"16c594f\" data-element_type=\"widget\" data-widget_type=\"image.default\">\n\t\t\t\t<div class=\"elementor-widget-container\">\n\t\t\t\t\t\t\t\t\t\t\t\t\t\t\t\t<a href=\"https:\/\/www.gmartravelytours.pe\/g1\/cusco\/\">\n\t\t\t\t\t\t\t<img decoding=\"async\" width=\"70\" height=\"75\" src=\"https:\/\/www.gmartravelytours.pe\/g1\/wp-content\/uploads\/2025\/10\/Flecha-retorno2.jpg\" class=\"attachment-large size-large wp-image-2621\" alt=\"flecha retorno2\" title=\"Cusco Machupicchu Tren Panor\u00e1mico\">\t\t\t\t\t\t\t\t<\/a>\n\t\t\t\t\t\t\t\t\t\t\t\t\t\t\t<\/div>\n\t\t\t\t<\/div>\n\t\t\t\t\t<\/div>\n\t\t\t\t<\/div>\n\t\t\t\t<\/div>\n\t\t","protected":false},"excerpt":{"rendered":"<p>Machupicchu Tren Panor\u00e1mico Un tour de un d\u00eda completo a Machu Picchu en un tren panor\u00e1mico es una de las maneras m\u00e1s populares y eficientes de visitar la ciudadela inca. Este tipo de excursi\u00f3n ofrece vistas espectaculares del paisaje andino gracias a las amplias ventanas del tren. \ud83d\udccd Lugares a visitar: Machupicchu Aguas calientes \ud83d\uddff [&hellip;]<\/p>\n","protected":false},"author":1,"featured_media":0,"parent":0,"menu_order":0,"comment_status":"closed","ping_status":"closed","template":"elementor_header_footer","meta":{"site-sidebar-layout":"no-sidebar","site-content-layout":"page-builder","ast-site-content-layout":"full-width-container","site-content-style":"default","site-sidebar-style":"default","ast-global-header-display":"","ast-banner-title-visibility":"","ast-main-header-display":"","ast-hfb-above-header-display":"","ast-hfb-below-header-display":"","ast-hfb-mobile-header-display":"","site-post-title":"","ast-breadcrumbs-content":"","ast-featured-img":"disabled","footer-sml-layout":"","theme-transparent-header-meta":"","adv-header-id-meta":"","stick-header-meta":"","header-above-stick-meta":"","header-main-stick-meta":"","header-below-stick-meta":"","astra-migrate-meta-layouts":"set","ast-page-background-enabled":"default","ast-page-background-meta":{"desktop":{"background-color":"var(--ast-global-color-4)","background-image":"","background-repeat":"repeat","background-position":"center center","background-size":"auto","background-attachment":"scroll","background-type":"","background-media":"","overlay-type":"","overlay-color":"","overlay-opacity":"","overlay-gradient":""},"tablet":{"background-color":"","background-image":"","background-repeat":"repeat","background-position":"center center","background-size":"auto","background-attachment":"scroll","background-type":"","background-media":"","overlay-type":"","overlay-color":"","overlay-opacity":"","overlay-gradient":""},"mobile":{"background-color":"","background-image":"","background-repeat":"repeat","background-position":"center center","background-size":"auto","background-attachment":"scroll","background-type":"","background-media":"","overlay-type":"","overlay-color":"","overlay-opacity":"","overlay-gradient":""}},"ast-content-background-meta":{"desktop":{"background-color":"var(--ast-global-color-5)","background-image":"","background-repeat":"repeat","background-position":"center center","background-size":"auto","background-attachment":"scroll","background-type":"","background-media":"","overlay-type":"","overlay-color":"","overlay-opacity":"","overlay-gradient":""},"tablet":{"background-color":"var(--ast-global-color-5)","background-image":"","background-repeat":"repeat","background-position":"center center","background-size":"auto","background-attachment":"scroll","background-type":"","background-media":"","overlay-type":"","overlay-color":"","overlay-opacity":"","overlay-gradient":""},"mobile":{"background-color":"var(--ast-global-color-5)","background-image":"","background-repeat":"repeat","background-position":"center center","background-size":"auto","background-attachment":"scroll","background-type":"","background-media":"","overlay-type":"","overlay-color":"","overlay-opacity":"","overlay-gradient":""}},"footnotes":""},"class_list":["post-2591","page","type-page","status-publish","hentry"],"_links":{"self":[{"href":"https:\/\/www.gmartravelytours.pe\/g1\/wp-json\/wp\/v2\/pages\/2591","targetHints":{"allow":["GET"]}}],"collection":[{"href":"https:\/\/www.gmartravelytours.pe\/g1\/wp-json\/wp\/v2\/pages"}],"about":[{"href":"https:\/\/www.gmartravelytours.pe\/g1\/wp-json\/wp\/v2\/types\/page"}],"author":[{"embeddable":true,"href":"https:\/\/www.gmartravelytours.pe\/g1\/wp-json\/wp\/v2\/users\/1"}],"replies":[{"embeddable":true,"href":"https:\/\/www.gmartravelytours.pe\/g1\/wp-json\/wp\/v2\/comments?post=2591"}],"version-history":[{"count":10,"href":"https:\/\/www.gmartravelytours.pe\/g1\/wp-json\/wp\/v2\/pages\/2591\/revisions"}],"predecessor-version":[{"id":2636,"href":"https:\/\/www.gmartravelytours.pe\/g1\/wp-json\/wp\/v2\/pages\/2591\/revisions\/2636"}],"wp:attachment":[{"href":"https:\/\/www.gmartravelytours.pe\/g1\/wp-json\/wp\/v2\/media?parent=2591"}],"curies":[{"name":"wp","href":"https:\/\/api.w.org\/{rel}","templated":true}]}}