{"id":2562,"date":"2025-10-11T20:27:59","date_gmt":"2025-10-11T20:27:59","guid":{"rendered":"https:\/\/www.gmartravelytours.pe\/g1\/?page_id=2562"},"modified":"2025-10-12T03:24:20","modified_gmt":"2025-10-12T03:24:20","slug":"cusco-machupicchu-clase-turista","status":"publish","type":"page","link":"https:\/\/www.gmartravelytours.pe\/g1\/cusco-machupicchu-clase-turista\/","title":{"rendered":"Cusco Machupicchu Clase Turista"},"content":{"rendered":"\t\t<div data-elementor-type=\"wp-page\" data-elementor-id=\"2562\" class=\"elementor elementor-2562\" data-elementor-post-type=\"page\">\n\t\t\t\t<div class=\"elementor-element elementor-element-59eb9ae e-flex e-con-boxed e-con e-parent\" data-id=\"59eb9ae\" data-element_type=\"container\" data-settings=\"{&quot;background_background&quot;:&quot;classic&quot;}\">\n\t\t\t\t\t<div class=\"e-con-inner\">\n\t\t<div class=\"elementor-element elementor-element-fde2609 e-con-full e-flex e-con e-child\" data-id=\"fde2609\" data-element_type=\"container\" data-settings=\"{&quot;background_background&quot;:&quot;classic&quot;}\">\n\t\t\t\t<div class=\"elementor-element elementor-element-da2453b elementor-widget elementor-widget-heading\" data-id=\"da2453b\" data-element_type=\"widget\" data-widget_type=\"heading.default\">\n\t\t\t\t<div class=\"elementor-widget-container\">\n\t\t\t\t\t<h2 class=\"elementor-heading-title elementor-size-default\">Machupicchu Clase Turista<\/h2>\t\t\t\t<\/div>\n\t\t\t\t<\/div>\n\t\t\t\t<div class=\"elementor-element elementor-element-f69de34 elementor-widget elementor-widget-text-editor\" data-id=\"f69de34\" data-element_type=\"widget\" data-widget_type=\"text-editor.default\">\n\t\t\t\t<div class=\"elementor-widget-container\">\n\t\t\t\t\t\t\t\t\t<p>Un tour de d\u00eda completo a Machu Picchu en clase turista desde Cusco es una opci\u00f3n popular para quienes tienen poco tiempo y desean experimentar la maravilla inca sin pasar la noche. La clave de este tipo de tour es el viaje en tren, que se ofrece en clase econ\u00f3mica o turista, en lugar de opciones m\u00e1s lujosas.<span class=\"uJ19be notranslate\" data-wiz-uids=\"BeGtRe_h,BeGtRe_i\" data-processed=\"true\" data-complete=\"true\"><span class=\"vKEkVd\" data-animation-atomic=\"\" data-sae=\"\">\u00a0<\/span><\/span><\/p>\t\t\t\t\t\t\t\t<\/div>\n\t\t\t\t<\/div>\n\t\t\t\t<\/div>\n\t\t\t\t\t<\/div>\n\t\t\t\t<\/div>\n\t\t<div class=\"elementor-element elementor-element-16d386d e-flex e-con-boxed e-con e-parent\" data-id=\"16d386d\" data-element_type=\"container\">\n\t\t\t\t\t<div class=\"e-con-inner\">\n\t\t<div class=\"elementor-element elementor-element-a9625e5 e-con-full e-flex e-con e-child\" data-id=\"a9625e5\" data-element_type=\"container\">\n\t\t\t\t<div class=\"elementor-element elementor-element-46feb6f elementor-widget elementor-widget-text-editor\" data-id=\"46feb6f\" data-element_type=\"widget\" data-widget_type=\"text-editor.default\">\n\t\t\t\t<div class=\"elementor-widget-container\">\n\t\t\t\t\t\t\t\t\t<p>\ud83d\udccd <b>Lugares a visitar:<\/b><\/p><ul><li>Machupicchu<\/li><li>Aguas calientes<\/li><\/ul><div>\ud83d\uddff <b>Modalidad de turismo<\/b><\/div><ul><li>Cultural &#8211; Historia<\/li><\/ul><p>\ud83d\udccf <b>Altura por punto de visita (msnm)<\/b><\/p><ul><li>Hasta 2430msnm<\/li><\/ul><p><strong>\u23f3 Duraci\u00f3n del tour<\/strong><\/p><ul><li>Full Day<\/li><\/ul><p><strong>\u23f0 Horario del Tour<\/strong><\/p><ul><li>Desde las 4:30am<\/li><li>Hasta 8:30pm<\/li><\/ul>\t\t\t\t\t\t\t\t<\/div>\n\t\t\t\t<\/div>\n\t\t\t\t<div class=\"elementor-element elementor-element-3535b34 elementor-widget-divider--view-line elementor-widget elementor-widget-divider\" data-id=\"3535b34\" data-element_type=\"widget\" data-widget_type=\"divider.default\">\n\t\t\t\t<div class=\"elementor-widget-container\">\n\t\t\t\t\t\t\t<div class=\"elementor-divider\">\n\t\t\t<span class=\"elementor-divider-separator\">\n\t\t\t\t\t\t<\/span>\n\t\t<\/div>\n\t\t\t\t\t\t<\/div>\n\t\t\t\t<\/div>\n\t\t\t\t<div class=\"elementor-element elementor-element-e3c5fa5 elementor-widget elementor-widget-heading\" data-id=\"e3c5fa5\" data-element_type=\"widget\" data-widget_type=\"heading.default\">\n\t\t\t\t<div class=\"elementor-widget-container\">\n\t\t\t\t\t<h2 class=\"elementor-heading-title elementor-size-default\">Itinerario<\/h2>\t\t\t\t<\/div>\n\t\t\t\t<\/div>\n\t\t\t\t<div class=\"elementor-element elementor-element-187c9c2 elementor-widget elementor-widget-text-editor\" data-id=\"187c9c2\" data-element_type=\"widget\" data-widget_type=\"text-editor.default\">\n\t\t\t\t<div class=\"elementor-widget-container\">\n\t\t\t\t\t\t\t\t\t<p>Tour inicia con el recojo de su hotel en Cusco de 4:20 a 4:30 a.m., para luego dirigirnos en bus tur\u00edstico a la estaci\u00f3n de trenes de Ollantaytambo, lugar donde abordar\u00e1n el tren que los llevar\u00e1 a Aguas Calientes (Machu Picchu Pueblo), la duraci\u00f3n del recorrido en tren es de 1 hora y 45 minutos aproximadamente. Durante todo el camino podr\u00e1n apreciar<br \/>hermosos paisajes con terrenos extensos de cultivos, ganados, monta\u00f1as y picos nevados.<br \/>Una vez llegado a la estaci\u00f3n de trenes de Aguas Calientes, nuestro gu\u00eda los estar\u00e1 esperando para llevarlos a la estaci\u00f3n de buses, luego viajaremos por 30 minutos hasta el Santuario de Machu Picchu, despu\u00e9s del ingreso a la Ciudad Inca de Machu Picchu, el gu\u00eda comenzar\u00e1 con el tour guiado por las principales atracciones, el recorrido nos detendremos en los lugares m\u00e1s\u00a0 importantes para las fotos. finalizado la visita a Machu Picchu retornar\u00e1n a Aguas Calientes para disfrutar del almuerzo (no incluido), por la tarde tomar\u00e1n el tren de retorno a Ollantaytambo, en Ollantaytambo se realizar\u00e1 el transbordo al bus, luego retornar\u00e1n al Cusco. Ll<span style=\"font-size: 16px;\">egando 8:30 p.m.<\/span><\/p>\t\t\t\t\t\t\t\t<\/div>\n\t\t\t\t<\/div>\n\t\t\t\t<div class=\"elementor-element elementor-element-bd5524c elementor-widget-divider--view-line elementor-widget elementor-widget-divider\" data-id=\"bd5524c\" data-element_type=\"widget\" data-widget_type=\"divider.default\">\n\t\t\t\t<div class=\"elementor-widget-container\">\n\t\t\t\t\t\t\t<div class=\"elementor-divider\">\n\t\t\t<span class=\"elementor-divider-separator\">\n\t\t\t\t\t\t<\/span>\n\t\t<\/div>\n\t\t\t\t\t\t<\/div>\n\t\t\t\t<\/div>\n\t\t\t\t<div class=\"elementor-element elementor-element-771be07 elementor-widget elementor-widget-text-editor\" data-id=\"771be07\" data-element_type=\"widget\" data-widget_type=\"text-editor.default\">\n\t\t\t\t<div class=\"elementor-widget-container\">\n\t\t\t\t\t\t\t\t\t<p>\u2705 <strong>INCLUYE<\/strong><\/p><ul><li><ul><li><p><strong>\ud83c\udfe8 Recojo en el hotel centro hist\u00f3rico<\/strong><\/p><\/li><li><p><strong>\ud83d\udde3\ufe0f Gu\u00eda biling\u00fce Ingl\u00e9s \u2013 Espa\u00f1ol<\/strong><\/p><\/li><li><p><strong>\ud83d\ude82 Transporte tur\u00edstico (Tren y autob\u00fas)<\/strong><\/p><\/li><li><strong>\ud83c\udf9f\ufe0f Entradas Machu Picchu (Rutas tradicionales, sujetas a disponiblidad)<\/strong><\/li><li><p><strong>\ud83d\ude8c Bus subida\/bajada CONSETUR<\/strong><\/p><\/li><li><p><strong><img decoding=\"async\" class=\"emoji\" role=\"img\" draggable=\"false\" src=\"https:\/\/s.w.org\/images\/core\/emoji\/16.0.1\/svg\/2705.svg\" alt=\"\u2705\" title=\"Cusco Machupicchu Clase Turista\">\u00a0Asistencia<\/strong><\/p><\/li><\/ul><\/li><\/ul><p><!--EndFragment --><\/p>\t\t\t\t\t\t\t\t<\/div>\n\t\t\t\t<\/div>\n\t\t\t\t<div class=\"elementor-element elementor-element-952fe4b elementor-widget-divider--view-line elementor-widget elementor-widget-divider\" data-id=\"952fe4b\" data-element_type=\"widget\" data-widget_type=\"divider.default\">\n\t\t\t\t<div class=\"elementor-widget-container\">\n\t\t\t\t\t\t\t<div class=\"elementor-divider\">\n\t\t\t<span class=\"elementor-divider-separator\">\n\t\t\t\t\t\t<\/span>\n\t\t<\/div>\n\t\t\t\t\t\t<\/div>\n\t\t\t\t<\/div>\n\t\t\t\t<div class=\"elementor-element elementor-element-0fd1bd5 elementor-widget elementor-widget-heading\" data-id=\"0fd1bd5\" data-element_type=\"widget\" data-widget_type=\"heading.default\">\n\t\t\t\t<div class=\"elementor-widget-container\">\n\t\t\t\t\t<h2 class=\"elementor-heading-title elementor-size-default\">Importante<\/h2>\t\t\t\t<\/div>\n\t\t\t\t<\/div>\n\t\t\t\t<div class=\"elementor-element elementor-element-e83d1ee elementor-widget elementor-widget-text-editor\" data-id=\"e83d1ee\" data-element_type=\"widget\" data-widget_type=\"text-editor.default\">\n\t\t\t\t<div class=\"elementor-widget-container\">\n\t\t\t\t\t\t\t\t\t<p>\ud83d\udeab <strong>Normas importantes durante tu visita<\/strong><br \/>Por respeto al entorno y para garantizar una experiencia segura, ten en cuenta lo siguiente:<\/p><ul><li>\ud83c\udf92 <strong>No se permite mochilas grandes<\/strong> (m\u00e1x. 40x35x20 cm)<\/li><li>\ud83d\udcf5 <strong>Prohibido<\/strong>: palos de selfie, drones, tr\u00edpodes y altavoces<\/li><li>\ud83d\uddd1\ufe0f <strong>No tirar basura ni da\u00f1ar el entorno<\/strong> natural o arqueol\u00f3gico<\/li><li>\ud83d\udead <strong>No comer ni fumar<\/strong> dentro del recinto<\/li><li>\ud83d\udebb <strong>Usar solo los ba\u00f1os exteriores<\/strong> (no hay dentro del santuario)<\/li><li>\ud83e\uddf1 <strong>No subirse, apoyarse ni tocar<\/strong> muros o estructuras<\/li><li>\ud83e\udd2b <strong>Mantener el silencio y el respeto<\/strong> por el car\u00e1cter sagrado del lugar<\/li><li>\ud83e\udded <strong>Seguir solo el circuito autorizad<\/strong><\/li><\/ul><p><!--EndFragment --><\/p>\t\t\t\t\t\t\t\t<\/div>\n\t\t\t\t<\/div>\n\t\t\t\t<div class=\"elementor-element elementor-element-24d3578 elementor-widget-divider--view-line elementor-widget elementor-widget-divider\" data-id=\"24d3578\" data-element_type=\"widget\" data-widget_type=\"divider.default\">\n\t\t\t\t<div class=\"elementor-widget-container\">\n\t\t\t\t\t\t\t<div class=\"elementor-divider\">\n\t\t\t<span class=\"elementor-divider-separator\">\n\t\t\t\t\t\t<\/span>\n\t\t<\/div>\n\t\t\t\t\t\t<\/div>\n\t\t\t\t<\/div>\n\t\t\t\t<div class=\"elementor-element elementor-element-4428e08 elementor-widget elementor-widget-heading\" data-id=\"4428e08\" data-element_type=\"widget\" data-widget_type=\"heading.default\">\n\t\t\t\t<div class=\"elementor-widget-container\">\n\t\t\t\t\t<h2 class=\"elementor-heading-title elementor-size-default\">Recomendaciones<\/h2>\t\t\t\t<\/div>\n\t\t\t\t<\/div>\n\t\t\t\t<div class=\"elementor-element elementor-element-d09162b elementor-widget elementor-widget-text-editor\" data-id=\"d09162b\" data-element_type=\"widget\" data-widget_type=\"text-editor.default\">\n\t\t\t\t<div class=\"elementor-widget-container\">\n\t\t\t\t\t\t\t\t\t<p><img decoding=\"async\" class=\"emoji\" role=\"img\" draggable=\"false\" src=\"https:\/\/s.w.org\/images\/core\/emoji\/16.0.1\/svg\/1f9f3.svg\" alt=\"\ud83e\uddf3\" title=\"Cusco Machupicchu Clase Turista\"> <strong>\u00bfQu\u00e9 llevar para tu pr\u00f3xima aventura?<\/strong><br \/>Prep\u00e1rate para disfrutar al m\u00e1ximo con estos esenciales:<\/p><ul><li><img decoding=\"async\" class=\"emoji\" role=\"img\" draggable=\"false\" src=\"https:\/\/s.w.org\/images\/core\/emoji\/16.0.1\/svg\/2600.svg\" alt=\"\u2600\ufe0f\" title=\"Cusco Machupicchu Clase Turista\"> <strong>Protector solar<\/strong> \u2013 Cuida tu piel durante todo el recorrido<\/li><li><img decoding=\"async\" class=\"emoji\" role=\"img\" draggable=\"false\" src=\"https:\/\/s.w.org\/images\/core\/emoji\/16.0.1\/svg\/1f327.svg\" alt=\"\ud83c\udf27\ufe0f\" title=\"Cusco Machupicchu Clase Turista\"> <strong>Poncho para la lluvia<\/strong> \u2013 El clima puede cambiar, \u00a1mejor estar listo!<\/li><li><img decoding=\"async\" class=\"emoji\" role=\"img\" draggable=\"false\" src=\"https:\/\/s.w.org\/images\/core\/emoji\/16.0.1\/svg\/1f9e2.svg\" alt=\"\ud83e\udde2\" title=\"Cusco Machupicchu Clase Turista\"> <strong>Sombrero, gorra, guantes y gafas de sol<\/strong> \u2013 Protecci\u00f3n y comodidad<\/li><li><img decoding=\"async\" class=\"emoji\" role=\"img\" draggable=\"false\" src=\"https:\/\/s.w.org\/images\/core\/emoji\/16.0.1\/svg\/1f4a7.svg\" alt=\"\ud83d\udca7\" title=\"Cusco Machupicchu Clase Turista\"> <strong>Botella de agua<\/strong> \u2013 Mantente hidratado en todo momento<\/li><li><img decoding=\"async\" class=\"emoji\" role=\"img\" draggable=\"false\" src=\"https:\/\/s.w.org\/images\/core\/emoji\/16.0.1\/svg\/1f4f8.svg\" alt=\"\ud83d\udcf8\" title=\"Cusco Machupicchu Clase Turista\"> <strong>C\u00e1mara fotogr\u00e1fica o celular con buena c\u00e1mara<\/strong> \u2013 Captura cada momento<\/li><li><img decoding=\"async\" class=\"emoji\" role=\"img\" draggable=\"false\" src=\"https:\/\/s.w.org\/images\/core\/emoji\/16.0.1\/svg\/1f455.svg\" alt=\"\ud83d\udc55\" title=\"Cusco Machupicchu Clase Turista\"> <strong>Ropa ligera y abrigadora<\/strong> \u2013 Viste por capas para adaptarte al clima<\/li><li><img decoding=\"async\" class=\"emoji\" role=\"img\" draggable=\"false\" src=\"https:\/\/s.w.org\/images\/core\/emoji\/16.0.1\/svg\/1faaa.svg\" alt=\"\ud83e\udeaa\" title=\"Cusco Machupicchu Clase Turista\"> <strong>Documentos personales (DNI o Pasaporte)<\/strong> \u2013 Siempre necesarios<\/li><li><img decoding=\"async\" class=\"emoji\" role=\"img\" draggable=\"false\" src=\"https:\/\/s.w.org\/images\/core\/emoji\/16.0.1\/svg\/1f4b5.svg\" alt=\"\ud83d\udcb5\" title=\"Cusco Machupicchu Clase Turista\"> <strong>Moneda local en efectivo<\/strong> \u2013 \u00datil para compras o imprevistos<\/li><\/ul><p><!--EndFragment --><\/p>\t\t\t\t\t\t\t\t<\/div>\n\t\t\t\t<\/div>\n\t\t\t\t<\/div>\n\t\t<div class=\"elementor-element elementor-element-3dc0150 e-con-full e-flex e-con e-child\" data-id=\"3dc0150\" data-element_type=\"container\" data-settings=\"{&quot;background_background&quot;:&quot;classic&quot;,&quot;sticky&quot;:&quot;top&quot;,&quot;sticky_on&quot;:[&quot;desktop&quot;,&quot;tablet&quot;,&quot;mobile&quot;],&quot;sticky_offset&quot;:0,&quot;sticky_effects_offset&quot;:0,&quot;sticky_anchor_link_offset&quot;:0}\">\n\t\t\t\t<div class=\"elementor-element elementor-element-9a27004 elementor-widget elementor-widget-text-editor\" data-id=\"9a27004\" data-element_type=\"widget\" data-widget_type=\"text-editor.default\">\n\t\t\t\t<div class=\"elementor-widget-container\">\n\t\t\t\t\t\t\t\t\t<p><strong>Cada ruta es una experiencia.<\/strong><\/p><p><strong>\u00bfCu\u00e1l ser\u00e1 la tuya?<\/strong><\/p><p>Reserva Aqu\u00ed<\/p><p><!--EndFragment --><\/p>\t\t\t\t\t\t\t\t<\/div>\n\t\t\t\t<\/div>\n\t\t\t\t<div class=\"elementor-element elementor-element-c151d25 elementor-button-align-stretch elementor-widget elementor-widget-form\" data-id=\"c151d25\" data-element_type=\"widget\" data-settings=\"{&quot;step_next_label&quot;:&quot;Next&quot;,&quot;step_previous_label&quot;:&quot;Previous&quot;,&quot;step_type&quot;:&quot;number_text&quot;,&quot;step_icon_shape&quot;:&quot;circle&quot;}\" data-widget_type=\"form.default\">\n\t\t\t\t<div class=\"elementor-widget-container\">\n\t\t\t\t\t\t\t<form class=\"elementor-form\" method=\"post\" name=\"New Form\" aria-label=\"New Form\">\n\t\t\t<input type=\"hidden\" name=\"post_id\" value=\"2562\"\/>\n\t\t\t<input type=\"hidden\" name=\"form_id\" value=\"c151d25\"\/>\n\t\t\t<input type=\"hidden\" name=\"referer_title\" value=\"Cusco Machupicchu Clase Turista - My Blog\" \/>\n\n\t\t\t\t\t\t\t<input type=\"hidden\" name=\"queried_id\" value=\"2562\"\/>\n\t\t\t\n\t\t\t<div class=\"elementor-form-fields-wrapper elementor-labels-above\">\n\t\t\t\t\t\t\t\t<div class=\"elementor-field-type-text elementor-field-group elementor-column elementor-field-group-name elementor-col-100 elementor-field-required elementor-mark-required\">\n\t\t\t\t\t\t\t\t\t\t\t\t<label for=\"form-field-name\" class=\"elementor-field-label\">\n\t\t\t\t\t\t\t\tNombre\t\t\t\t\t\t\t<\/label>\n\t\t\t\t\t\t\t\t\t\t\t\t\t\t<input size=\"1\" type=\"text\" name=\"form_fields[name]\" id=\"form-field-name\" class=\"elementor-field elementor-size-sm  elementor-field-textual\" placeholder=\"Nombre\" required=\"required\">\n\t\t\t\t\t\t\t\t\t\t\t<\/div>\n\t\t\t\t\t\t\t\t<div class=\"elementor-field-type-email elementor-field-group elementor-column elementor-field-group-email elementor-col-100 elementor-field-required elementor-mark-required\">\n\t\t\t\t\t\t\t\t\t\t\t\t<label for=\"form-field-email\" class=\"elementor-field-label\">\n\t\t\t\t\t\t\t\tEmail\t\t\t\t\t\t\t<\/label>\n\t\t\t\t\t\t\t\t\t\t\t\t\t\t<input size=\"1\" type=\"email\" name=\"form_fields[email]\" id=\"form-field-email\" class=\"elementor-field elementor-size-sm  elementor-field-textual\" placeholder=\"Email\" required=\"required\">\n\t\t\t\t\t\t\t\t\t\t\t<\/div>\n\t\t\t\t\t\t\t\t<div class=\"elementor-field-type-textarea elementor-field-group elementor-column elementor-field-group-message elementor-col-100 elementor-field-required elementor-mark-required\">\n\t\t\t\t\t\t\t\t\t\t\t\t<label for=\"form-field-message\" class=\"elementor-field-label\">\n\t\t\t\t\t\t\t\tMensaje\t\t\t\t\t\t\t<\/label>\n\t\t\t\t\t\t<textarea class=\"elementor-field-textual elementor-field  elementor-size-sm\" name=\"form_fields[message]\" id=\"form-field-message\" rows=\"4\" placeholder=\"Mensaje\" required=\"required\"><\/textarea>\t\t\t\t<\/div>\n\t\t\t\t\t\t\t\t<div class=\"elementor-field-group elementor-column elementor-field-type-submit elementor-col-100 e-form__buttons\">\n\t\t\t\t\t<button class=\"elementor-button elementor-size-xs\" type=\"submit\">\n\t\t\t\t\t\t<span class=\"elementor-button-content-wrapper\">\n\t\t\t\t\t\t\t\t\t\t\t\t\t\t\t<span class=\"elementor-button-icon\">\n\t\t\t\t\t\t\t\t\t<i aria-hidden=\"true\" class=\"far fa-check-circle\"><\/i>\t\t\t\t\t\t\t\t\t\t\t\t\t\t\t\t\t<\/span>\n\t\t\t\t\t\t\t\t\t\t\t\t\t\t\t\t\t\t\t\t\t\t<span class=\"elementor-button-text\">Enviar<\/span>\n\t\t\t\t\t\t\t\t\t\t\t\t\t<\/span>\n\t\t\t\t\t<\/button>\n\t\t\t\t<\/div>\n\t\t\t<\/div>\n\t\t<\/form>\n\t\t\t\t\t\t<\/div>\n\t\t\t\t<\/div>\n\t\t\t\t<div class=\"elementor-element elementor-element-7c10fab elementor-widget elementor-widget-image\" data-id=\"7c10fab\" data-element_type=\"widget\" data-widget_type=\"image.default\">\n\t\t\t\t<div class=\"elementor-widget-container\">\n\t\t\t\t\t\t\t\t\t\t\t\t\t\t\t\t<a href=\"https:\/\/www.gmartravelytours.pe\/g1\/cusco\/\">\n\t\t\t\t\t\t\t<img decoding=\"async\" width=\"70\" height=\"75\" src=\"https:\/\/www.gmartravelytours.pe\/g1\/wp-content\/uploads\/2025\/10\/Flecha-retorno2.jpg\" class=\"attachment-large size-large wp-image-2621\" alt=\"flecha retorno2\" title=\"Cusco Machupicchu Clase Turista\">\t\t\t\t\t\t\t\t<\/a>\n\t\t\t\t\t\t\t\t\t\t\t\t\t\t\t<\/div>\n\t\t\t\t<\/div>\n\t\t\t\t<\/div>\n\t\t\t\t\t<\/div>\n\t\t\t\t<\/div>\n\t\t\t\t<\/div>\n\t\t","protected":false},"excerpt":{"rendered":"<p>Machupicchu Clase Turista Un tour de d\u00eda completo a Machu Picchu en clase turista desde Cusco es una opci\u00f3n popular para quienes tienen poco tiempo y desean experimentar la maravilla inca sin pasar la noche. La clave de este tipo de tour es el viaje en tren, que se ofrece en clase econ\u00f3mica o turista, [&hellip;]<\/p>\n","protected":false},"author":1,"featured_media":0,"parent":0,"menu_order":0,"comment_status":"closed","ping_status":"closed","template":"elementor_header_footer","meta":{"site-sidebar-layout":"no-sidebar","site-content-layout":"page-builder","ast-site-content-layout":"full-width-container","site-content-style":"default","site-sidebar-style":"default","ast-global-header-display":"","ast-banner-title-visibility":"","ast-main-header-display":"","ast-hfb-above-header-display":"","ast-hfb-below-header-display":"","ast-hfb-mobile-header-display":"","site-post-title":"","ast-breadcrumbs-content":"","ast-featured-img":"disabled","footer-sml-layout":"","theme-transparent-header-meta":"","adv-header-id-meta":"","stick-header-meta":"","header-above-stick-meta":"","header-main-stick-meta":"","header-below-stick-meta":"","astra-migrate-meta-layouts":"set","ast-page-background-enabled":"default","ast-page-background-meta":{"desktop":{"background-color":"var(--ast-global-color-4)","background-image":"","background-repeat":"repeat","background-position":"center center","background-size":"auto","background-attachment":"scroll","background-type":"","background-media":"","overlay-type":"","overlay-color":"","overlay-opacity":"","overlay-gradient":""},"tablet":{"background-color":"","background-image":"","background-repeat":"repeat","background-position":"center center","background-size":"auto","background-attachment":"scroll","background-type":"","background-media":"","overlay-type":"","overlay-color":"","overlay-opacity":"","overlay-gradient":""},"mobile":{"background-color":"","background-image":"","background-repeat":"repeat","background-position":"center center","background-size":"auto","background-attachment":"scroll","background-type":"","background-media":"","overlay-type":"","overlay-color":"","overlay-opacity":"","overlay-gradient":""}},"ast-content-background-meta":{"desktop":{"background-color":"var(--ast-global-color-5)","background-image":"","background-repeat":"repeat","background-position":"center center","background-size":"auto","background-attachment":"scroll","background-type":"","background-media":"","overlay-type":"","overlay-color":"","overlay-opacity":"","overlay-gradient":""},"tablet":{"background-color":"var(--ast-global-color-5)","background-image":"","background-repeat":"repeat","background-position":"center center","background-size":"auto","background-attachment":"scroll","background-type":"","background-media":"","overlay-type":"","overlay-color":"","overlay-opacity":"","overlay-gradient":""},"mobile":{"background-color":"var(--ast-global-color-5)","background-image":"","background-repeat":"repeat","background-position":"center center","background-size":"auto","background-attachment":"scroll","background-type":"","background-media":"","overlay-type":"","overlay-color":"","overlay-opacity":"","overlay-gradient":""}},"footnotes":""},"class_list":["post-2562","page","type-page","status-publish","hentry"],"_links":{"self":[{"href":"https:\/\/www.gmartravelytours.pe\/g1\/wp-json\/wp\/v2\/pages\/2562","targetHints":{"allow":["GET"]}}],"collection":[{"href":"https:\/\/www.gmartravelytours.pe\/g1\/wp-json\/wp\/v2\/pages"}],"about":[{"href":"https:\/\/www.gmartravelytours.pe\/g1\/wp-json\/wp\/v2\/types\/page"}],"author":[{"embeddable":true,"href":"https:\/\/www.gmartravelytours.pe\/g1\/wp-json\/wp\/v2\/users\/1"}],"replies":[{"embeddable":true,"href":"https:\/\/www.gmartravelytours.pe\/g1\/wp-json\/wp\/v2\/comments?post=2562"}],"version-history":[{"count":17,"href":"https:\/\/www.gmartravelytours.pe\/g1\/wp-json\/wp\/v2\/pages\/2562\/revisions"}],"predecessor-version":[{"id":2685,"href":"https:\/\/www.gmartravelytours.pe\/g1\/wp-json\/wp\/v2\/pages\/2562\/revisions\/2685"}],"wp:attachment":[{"href":"https:\/\/www.gmartravelytours.pe\/g1\/wp-json\/wp\/v2\/media?parent=2562"}],"curies":[{"name":"wp","href":"https:\/\/api.w.org\/{rel}","templated":true}]}}