{"id":2539,"date":"2025-10-11T20:06:14","date_gmt":"2025-10-11T20:06:14","guid":{"rendered":"https:\/\/www.gmartravelytours.pe\/g1\/?page_id=2539"},"modified":"2025-10-11T22:17:49","modified_gmt":"2025-10-11T22:17:49","slug":"cusco-city-tours","status":"publish","type":"page","link":"https:\/\/www.gmartravelytours.pe\/g1\/cusco-city-tours\/","title":{"rendered":"Cusco City Tours"},"content":{"rendered":"\t\t<div data-elementor-type=\"wp-page\" data-elementor-id=\"2539\" class=\"elementor elementor-2539\" data-elementor-post-type=\"page\">\n\t\t\t\t<div class=\"elementor-element elementor-element-59eb9ae e-flex e-con-boxed e-con e-parent\" data-id=\"59eb9ae\" data-element_type=\"container\" data-settings=\"{&quot;background_background&quot;:&quot;classic&quot;}\">\n\t\t\t\t\t<div class=\"e-con-inner\">\n\t\t<div class=\"elementor-element elementor-element-fde2609 e-con-full e-flex e-con e-child\" data-id=\"fde2609\" data-element_type=\"container\" data-settings=\"{&quot;background_background&quot;:&quot;classic&quot;}\">\n\t\t\t\t<div class=\"elementor-element elementor-element-da2453b elementor-widget elementor-widget-heading\" data-id=\"da2453b\" data-element_type=\"widget\" data-widget_type=\"heading.default\">\n\t\t\t\t<div class=\"elementor-widget-container\">\n\t\t\t\t\t<h2 class=\"elementor-heading-title elementor-size-default\">Cusco City Tours<\/h2>\t\t\t\t<\/div>\n\t\t\t\t<\/div>\n\t\t\t\t<div class=\"elementor-element elementor-element-f69de34 elementor-widget elementor-widget-text-editor\" data-id=\"f69de34\" data-element_type=\"widget\" data-widget_type=\"text-editor.default\">\n\t\t\t\t<div class=\"elementor-widget-container\">\n\t\t\t\t\t\t\t\t\t<p><span data-huuid=\"4086988000218263953\">Los tours por la ciudad de Cusco\u00a0<mark class=\"QVRyCf\">ofrecen un recorrido por los principales sitios hist\u00f3ricos y arqueol\u00f3gicos, usualmente duran medio d\u00eda e incluyen visitas a la Plaza de Armas, la Catedral, el templo inca de Qorikancha y las ruinas incas cercanas de Sacsayhuam\u00e1n, Qenqo, Puka Pukara y Tambomachay<\/mark>.\u00a0<\/span><span data-huuid=\"4086988000218266096\">Muchos tours tambi\u00e9n ofrecen transporte, gu\u00eda y la entrada a estos lugares.<\/span><\/p>\t\t\t\t\t\t\t\t<\/div>\n\t\t\t\t<\/div>\n\t\t\t\t<\/div>\n\t\t\t\t\t<\/div>\n\t\t\t\t<\/div>\n\t\t<div class=\"elementor-element elementor-element-109bcfb e-flex e-con-boxed e-con e-parent\" data-id=\"109bcfb\" data-element_type=\"container\">\n\t\t\t\t\t<div class=\"e-con-inner\">\n\t\t\t\t<div class=\"elementor-element elementor-element-cbe8b32 elementor-widget elementor-widget-text-editor\" data-id=\"cbe8b32\" data-element_type=\"widget\" data-widget_type=\"text-editor.default\">\n\t\t\t\t<div class=\"elementor-widget-container\">\n\t\t\t\t\t\t\t\t\t<p>\ud83d\udccd <b>Lugares a visitar:<\/b><\/p><ul><li>Qoricancha<\/li><li>Sacsayhuaman<\/li><li>Q\u00b4enco<\/li><li>Puka Pukara<\/li><li>Tambomachay<\/li><li>Cristo Blanco<\/li><\/ul><div>\ud83d\uddff <b>Modalidad de turismo<\/b><\/div><ul><li>Cultural &#8211; Fotograf\u00edas<\/li><\/ul><p>\ud83d\udccf <b>Altura por punto de visita (msnm)<\/b><\/p><ul><li>Hasta 3399 msnm<\/li><\/ul><p><strong>\u23f3 Duraci\u00f3n del tour<\/strong><\/p><ul><li>6 Horas<\/li><\/ul><p><strong>\u23f0 Horario del Tour<\/strong><\/p><ul><li>Desde las 8:00 am\u00a0 hasta 1:00 pm<\/li><li>Desde 1:00 pm hasta 6:00 Pm<\/li><\/ul>\t\t\t\t\t\t\t\t<\/div>\n\t\t\t\t<\/div>\n\t\t\t\t<div class=\"elementor-element elementor-element-e8af7bc elementor-widget elementor-widget-image\" data-id=\"e8af7bc\" data-element_type=\"widget\" data-widget_type=\"image.default\">\n\t\t\t\t<div class=\"elementor-widget-container\">\n\t\t\t\t\t\t\t\t\t\t\t\t\t\t\t\t<a href=\"https:\/\/www.gmartravelytours.pe\/g1\/cusco\/\">\n\t\t\t\t\t\t\t<img decoding=\"async\" width=\"70\" height=\"75\" src=\"https:\/\/www.gmartravelytours.pe\/g1\/wp-content\/uploads\/2025\/10\/Flecha-retorno2.jpg\" class=\"attachment-large size-large wp-image-2621\" alt=\"flecha retorno2\" title=\"Cusco City Tours\">\t\t\t\t\t\t\t\t<\/a>\n\t\t\t\t\t\t\t\t\t\t\t\t\t\t\t<\/div>\n\t\t\t\t<\/div>\n\t\t\t\t\t<\/div>\n\t\t\t\t<\/div>\n\t\t<div class=\"elementor-element elementor-element-21607a9 e-flex e-con-boxed e-con e-parent\" data-id=\"21607a9\" data-element_type=\"container\">\n\t\t\t\t\t<div class=\"e-con-inner\">\n\t\t\t\t<div class=\"elementor-element elementor-element-e3c5fa5 elementor-widget elementor-widget-heading\" data-id=\"e3c5fa5\" data-element_type=\"widget\" data-widget_type=\"heading.default\">\n\t\t\t\t<div class=\"elementor-widget-container\">\n\t\t\t\t\t<h2 class=\"elementor-heading-title elementor-size-default\">Itinerario<\/h2>\t\t\t\t<\/div>\n\t\t\t\t<\/div>\n\t\t\t\t<div class=\"elementor-element elementor-element-191ec9f elementor-widget elementor-widget-text-editor\" data-id=\"191ec9f\" data-element_type=\"widget\" data-widget_type=\"text-editor.default\">\n\t\t\t\t<div class=\"elementor-widget-container\">\n\t\t\t\t\t\t\t\t\t<p>Inicie su City Tour Templo de Qoricancha, donde disfrutar\u00e1 de una visita guiada de aproximadamente una hora, durante la cual su gu\u00eda le explicar\u00e1 la historia y el significado de este fascinante lugar. Posteriormente, nuestro veh\u00edculo le trasladar\u00e1 a Sacsayhuaman, un impresionante sitio inca reconocido por su excepcional trabajo en piedra, donde tambi\u00e9n recibir\u00e1 informaci\u00f3n detallada de su gu\u00eda, a continuaci\u00f3n, visitaremos el mirador de Cristo Blanco y una f\u00e1brica textil en la que conocer\u00e1s cam\u00e9lidos andinos, no pierdas la oportunidad de convivir con estos hermosos ejemplares, el recorrido se dirigir\u00e1 a Q\u2019enqo, un antiguo lugar de rituales y ceremonias incas, tras explorar Q\u2019enqo, continuaremos a visitar el bosque de eucaliptos, disfruta de una tranquilidad m\u00e1gica y obt\u00e9n hermosas fotograf\u00edas, seguiremos hacia Tambomachay, famoso por sus hermosas fuentes de agua, donde el rey Inca sol\u00eda relajarse y meditar. Finalmente, visitaremos Pucapucara, un puesto de control inca con distintivas construcciones de color rojo. Una vez finalizada nuestra exploraci\u00f3n de Pucapucara, regresaremos al centro de Cusco alrededor de las 18:00 horas, concluyendo as\u00ed el City Tour de Cusco.<\/p>\t\t\t\t\t\t\t\t<\/div>\n\t\t\t\t<\/div>\n\t\t\t\t<div class=\"elementor-element elementor-element-1996822 elementor-widget elementor-widget-image\" data-id=\"1996822\" data-element_type=\"widget\" data-widget_type=\"image.default\">\n\t\t\t\t<div class=\"elementor-widget-container\">\n\t\t\t\t\t\t\t\t\t\t\t\t\t\t\t\t<a href=\"https:\/\/www.gmartravelytours.pe\/g1\/cusco\/\">\n\t\t\t\t\t\t\t<img decoding=\"async\" width=\"70\" height=\"75\" src=\"https:\/\/www.gmartravelytours.pe\/g1\/wp-content\/uploads\/2025\/10\/Flecha-retorno2.jpg\" class=\"attachment-large size-large wp-image-2621\" alt=\"flecha retorno2\" title=\"Cusco City Tours\">\t\t\t\t\t\t\t\t<\/a>\n\t\t\t\t\t\t\t\t\t\t\t\t\t\t\t<\/div>\n\t\t\t\t<\/div>\n\t\t\t\t\t<\/div>\n\t\t\t\t<\/div>\n\t\t<div class=\"elementor-element elementor-element-17d04a5 e-flex e-con-boxed e-con e-parent\" data-id=\"17d04a5\" data-element_type=\"container\">\n\t\t\t\t\t<div class=\"e-con-inner\">\n\t\t<div class=\"elementor-element elementor-element-002f978 e-con-full e-flex e-con e-child\" data-id=\"002f978\" data-element_type=\"container\">\n\t\t\t\t<div class=\"elementor-element elementor-element-544d976 elementor-widget elementor-widget-text-editor\" data-id=\"544d976\" data-element_type=\"widget\" data-widget_type=\"text-editor.default\">\n\t\t\t\t<div class=\"elementor-widget-container\">\n\t\t\t\t\t\t\t\t\t<p><strong>Incluye<\/strong><\/p><ul><li><p><strong>\ud83d\udde3\ufe0f Gu\u00eda biling\u00fce Ingl\u00e9s \u2013 Espa\u00f1ol<\/strong><\/p><\/li><li><p><strong>\ud83d\ude82 Transporte tur\u00edstico\u00a0<\/strong><\/p><\/li><\/ul><p><!--StartFragment --><\/p><p>\ud83d\udeab <strong>No incluye<\/strong><br \/>Ten en cuenta estos elementos que no forman parte del programa:<\/p><ul><li>\ud83c\udf7d\ufe0f <strong>Alimentos y bebidas no mencionados en el programa<\/strong><\/li><li>\ud83d\udee1\ufe0f <strong>Seguro de viaje<\/strong><\/li><li>\ud83c\udf81 <strong>Actividades extra y propinas para el personal<\/strong> (opcional)<\/li><li>\ud83d\udc0e <strong>Paseo a caballo<\/strong> (opcional)<\/li><li>\ud83c\udf9f\ufe0f <strong>Ingresos<\/strong>: Boleto general (S\/70) y Qoricancha (S\/20)<\/li><\/ul><p><!--EndFragment --><\/p>\t\t\t\t\t\t\t\t<\/div>\n\t\t\t\t<\/div>\n\t\t\t\t<div class=\"elementor-element elementor-element-f42d87a elementor-widget elementor-widget-image\" data-id=\"f42d87a\" data-element_type=\"widget\" data-widget_type=\"image.default\">\n\t\t\t\t<div class=\"elementor-widget-container\">\n\t\t\t\t\t\t\t\t\t\t\t\t\t\t\t\t<a href=\"https:\/\/www.gmartravelytours.pe\/g1\/cusco\/\">\n\t\t\t\t\t\t\t<img decoding=\"async\" width=\"70\" height=\"75\" src=\"https:\/\/www.gmartravelytours.pe\/g1\/wp-content\/uploads\/2025\/10\/Flecha-retorno2.jpg\" class=\"attachment-large size-large wp-image-2621\" alt=\"flecha retorno2\" title=\"Cusco City Tours\">\t\t\t\t\t\t\t\t<\/a>\n\t\t\t\t\t\t\t\t\t\t\t\t\t\t\t<\/div>\n\t\t\t\t<\/div>\n\t\t\t\t<\/div>\n\t\t\t\t\t<\/div>\n\t\t\t\t<\/div>\n\t\t<div class=\"elementor-element elementor-element-e23e3a0 e-flex e-con-boxed e-con e-parent\" data-id=\"e23e3a0\" data-element_type=\"container\">\n\t\t\t\t\t<div class=\"e-con-inner\">\n\t\t\t\t<div class=\"elementor-element elementor-element-0fd1bd5 elementor-widget elementor-widget-heading\" data-id=\"0fd1bd5\" data-element_type=\"widget\" data-widget_type=\"heading.default\">\n\t\t\t\t<div class=\"elementor-widget-container\">\n\t\t\t\t\t<h2 class=\"elementor-heading-title elementor-size-default\">Importante<\/h2>\t\t\t\t<\/div>\n\t\t\t\t<\/div>\n\t\t\t\t<div class=\"elementor-element elementor-element-00ed83c elementor-widget elementor-widget-text-editor\" data-id=\"00ed83c\" data-element_type=\"widget\" data-widget_type=\"text-editor.default\">\n\t\t\t\t<div class=\"elementor-widget-container\">\n\t\t\t\t\t\t\t\t\t<p>\ud83d\udeab <strong>Normas importantes durante tu visita<\/strong><br \/>Por respeto al entorno y para garantizar una experiencia segura, ten en cuenta lo siguiente:<\/p><ul><li>\ud83c\udf92 <strong>No se permite mochilas grandes<\/strong> (m\u00e1x. 40x35x20 cm)<\/li><li>\ud83d\udcf5 <strong>Prohibido<\/strong>: palos de selfie, drones, tr\u00edpodes y altavoces<\/li><li>\ud83d\uddd1\ufe0f <strong>No tirar basura ni da\u00f1ar el entorno<\/strong> natural o arqueol\u00f3gico<\/li><li>\ud83d\udead <strong>No comer ni fumar<\/strong> dentro del recinto<\/li><li>\ud83d\udebb <strong>Usar solo los ba\u00f1os exteriores<\/strong> (no hay dentro del santuario)<\/li><li>\ud83e\uddf1 <strong>No subirse, apoyarse ni tocar<\/strong> muros o estructuras<\/li><li>\ud83e\udd2b <strong>Mantener el silencio y el respeto<\/strong> por el car\u00e1cter sagrado del lugar<\/li><li>\ud83e\udded <strong>Seguir solo el circuito autorizad<\/strong><\/li><\/ul><p><!--EndFragment --><\/p>\t\t\t\t\t\t\t\t<\/div>\n\t\t\t\t<\/div>\n\t\t\t\t<div class=\"elementor-element elementor-element-e230509 elementor-widget elementor-widget-image\" data-id=\"e230509\" data-element_type=\"widget\" data-widget_type=\"image.default\">\n\t\t\t\t<div class=\"elementor-widget-container\">\n\t\t\t\t\t\t\t\t\t\t\t\t\t\t\t\t<a href=\"https:\/\/www.gmartravelytours.pe\/g1\/cusco\/\">\n\t\t\t\t\t\t\t<img decoding=\"async\" width=\"70\" height=\"75\" src=\"https:\/\/www.gmartravelytours.pe\/g1\/wp-content\/uploads\/2025\/10\/Flecha-retorno2.jpg\" class=\"attachment-large size-large wp-image-2621\" alt=\"flecha retorno2\" title=\"Cusco City Tours\">\t\t\t\t\t\t\t\t<\/a>\n\t\t\t\t\t\t\t\t\t\t\t\t\t\t\t<\/div>\n\t\t\t\t<\/div>\n\t\t\t\t\t<\/div>\n\t\t\t\t<\/div>\n\t\t<div class=\"elementor-element elementor-element-da8bce5 e-flex e-con-boxed e-con e-parent\" data-id=\"da8bce5\" data-element_type=\"container\">\n\t\t\t\t\t<div class=\"e-con-inner\">\n\t\t\t\t<div class=\"elementor-element elementor-element-4428e08 elementor-widget elementor-widget-heading\" data-id=\"4428e08\" data-element_type=\"widget\" data-widget_type=\"heading.default\">\n\t\t\t\t<div class=\"elementor-widget-container\">\n\t\t\t\t\t<h2 class=\"elementor-heading-title elementor-size-default\">Recomendaciones<\/h2>\t\t\t\t<\/div>\n\t\t\t\t<\/div>\n\t\t\t\t<div class=\"elementor-element elementor-element-ef87943 elementor-widget elementor-widget-text-editor\" data-id=\"ef87943\" data-element_type=\"widget\" data-widget_type=\"text-editor.default\">\n\t\t\t\t<div class=\"elementor-widget-container\">\n\t\t\t\t\t\t\t\t\t<p><img decoding=\"async\" class=\"emoji\" title=\"Mmachupicchu clase Turista\" role=\"img\" draggable=\"false\" src=\"https:\/\/s.w.org\/images\/core\/emoji\/16.0.1\/svg\/1f9f3.svg\" alt=\"\ud83e\uddf3\" \/>\u00a0<strong>\u00bfQu\u00e9 llevar para tu pr\u00f3xima aventura?<\/strong><br \/>\u00a0 \u00a0 \u00a0 Prep\u00e1rate para disfrutar al m\u00e1ximo con estos esenciales:<\/p><ul><li>\ud83e\udde5 Llevar ropa abrigadora<\/li><li>\ud83d\udc5f Usar calzado c\u00f3modo<\/li><li>\ud83d\udca7 Hidratarse bien<\/li><li>\u2600\ufe0f Protegerse del sol<\/li><li>\ud83d\udc22 Caminar despacio por la altura<\/li><\/ul><p><!--EndFragment --><\/p>\t\t\t\t\t\t\t\t<\/div>\n\t\t\t\t<\/div>\n\t\t\t\t<div class=\"elementor-element elementor-element-eecb029 elementor-widget elementor-widget-image\" data-id=\"eecb029\" data-element_type=\"widget\" data-widget_type=\"image.default\">\n\t\t\t\t<div class=\"elementor-widget-container\">\n\t\t\t\t\t\t\t\t\t\t\t\t\t\t\t\t<a href=\"https:\/\/www.gmartravelytours.pe\/g1\/cusco\/\">\n\t\t\t\t\t\t\t<img decoding=\"async\" width=\"70\" height=\"75\" src=\"https:\/\/www.gmartravelytours.pe\/g1\/wp-content\/uploads\/2025\/10\/Flecha-retorno2.jpg\" class=\"attachment-large size-large wp-image-2621\" alt=\"flecha retorno2\" title=\"Cusco City Tours\">\t\t\t\t\t\t\t\t<\/a>\n\t\t\t\t\t\t\t\t\t\t\t\t\t\t\t<\/div>\n\t\t\t\t<\/div>\n\t\t\t\t\t<\/div>\n\t\t\t\t<\/div>\n\t\t\t\t<\/div>\n\t\t","protected":false},"excerpt":{"rendered":"<p>Cusco City Tours Los tours por la ciudad de Cusco\u00a0ofrecen un recorrido por los principales sitios hist\u00f3ricos y arqueol\u00f3gicos, usualmente duran medio d\u00eda e incluyen visitas a la Plaza de Armas, la Catedral, el templo inca de Qorikancha y las ruinas incas cercanas de Sacsayhuam\u00e1n, Qenqo, Puka Pukara y Tambomachay.\u00a0Muchos tours tambi\u00e9n ofrecen transporte, gu\u00eda [&hellip;]<\/p>\n","protected":false},"author":1,"featured_media":0,"parent":0,"menu_order":0,"comment_status":"closed","ping_status":"closed","template":"elementor_header_footer","meta":{"site-sidebar-layout":"no-sidebar","site-content-layout":"page-builder","ast-site-content-layout":"full-width-container","site-content-style":"default","site-sidebar-style":"default","ast-global-header-display":"","ast-banner-title-visibility":"","ast-main-header-display":"","ast-hfb-above-header-display":"","ast-hfb-below-header-display":"","ast-hfb-mobile-header-display":"","site-post-title":"","ast-breadcrumbs-content":"","ast-featured-img":"disabled","footer-sml-layout":"","theme-transparent-header-meta":"","adv-header-id-meta":"","stick-header-meta":"","header-above-stick-meta":"","header-main-stick-meta":"","header-below-stick-meta":"","astra-migrate-meta-layouts":"set","ast-page-background-enabled":"default","ast-page-background-meta":{"desktop":{"background-color":"var(--ast-global-color-4)","background-image":"","background-repeat":"repeat","background-position":"center center","background-size":"auto","background-attachment":"scroll","background-type":"","background-media":"","overlay-type":"","overlay-color":"","overlay-opacity":"","overlay-gradient":""},"tablet":{"background-color":"","background-image":"","background-repeat":"repeat","background-position":"center center","background-size":"auto","background-attachment":"scroll","background-type":"","background-media":"","overlay-type":"","overlay-color":"","overlay-opacity":"","overlay-gradient":""},"mobile":{"background-color":"","background-image":"","background-repeat":"repeat","background-position":"center center","background-size":"auto","background-attachment":"scroll","background-type":"","background-media":"","overlay-type":"","overlay-color":"","overlay-opacity":"","overlay-gradient":""}},"ast-content-background-meta":{"desktop":{"background-color":"var(--ast-global-color-5)","background-image":"","background-repeat":"repeat","background-position":"center center","background-size":"auto","background-attachment":"scroll","background-type":"","background-media":"","overlay-type":"","overlay-color":"","overlay-opacity":"","overlay-gradient":""},"tablet":{"background-color":"var(--ast-global-color-5)","background-image":"","background-repeat":"repeat","background-position":"center center","background-size":"auto","background-attachment":"scroll","background-type":"","background-media":"","overlay-type":"","overlay-color":"","overlay-opacity":"","overlay-gradient":""},"mobile":{"background-color":"var(--ast-global-color-5)","background-image":"","background-repeat":"repeat","background-position":"center center","background-size":"auto","background-attachment":"scroll","background-type":"","background-media":"","overlay-type":"","overlay-color":"","overlay-opacity":"","overlay-gradient":""}},"footnotes":""},"class_list":["post-2539","page","type-page","status-publish","hentry"],"_links":{"self":[{"href":"https:\/\/www.gmartravelytours.pe\/g1\/wp-json\/wp\/v2\/pages\/2539","targetHints":{"allow":["GET"]}}],"collection":[{"href":"https:\/\/www.gmartravelytours.pe\/g1\/wp-json\/wp\/v2\/pages"}],"about":[{"href":"https:\/\/www.gmartravelytours.pe\/g1\/wp-json\/wp\/v2\/types\/page"}],"author":[{"embeddable":true,"href":"https:\/\/www.gmartravelytours.pe\/g1\/wp-json\/wp\/v2\/users\/1"}],"replies":[{"embeddable":true,"href":"https:\/\/www.gmartravelytours.pe\/g1\/wp-json\/wp\/v2\/comments?post=2539"}],"version-history":[{"count":10,"href":"https:\/\/www.gmartravelytours.pe\/g1\/wp-json\/wp\/v2\/pages\/2539\/revisions"}],"predecessor-version":[{"id":2630,"href":"https:\/\/www.gmartravelytours.pe\/g1\/wp-json\/wp\/v2\/pages\/2539\/revisions\/2630"}],"wp:attachment":[{"href":"https:\/\/www.gmartravelytours.pe\/g1\/wp-json\/wp\/v2\/media?parent=2539"}],"curies":[{"name":"wp","href":"https:\/\/api.w.org\/{rel}","templated":true}]}}