{"id":2500,"date":"2025-10-11T17:54:52","date_gmt":"2025-10-11T17:54:52","guid":{"rendered":"https:\/\/www.gmartravelytours.pe\/g1\/?page_id=2500"},"modified":"2025-10-11T22:20:14","modified_gmt":"2025-10-11T22:20:14","slug":"cusco-moras-moray-full-day","status":"publish","type":"page","link":"https:\/\/www.gmartravelytours.pe\/g1\/cusco-moras-moray-full-day\/","title":{"rendered":"Cusco Moras Moray full day"},"content":{"rendered":"\t\t<div data-elementor-type=\"wp-page\" data-elementor-id=\"2500\" class=\"elementor elementor-2500\" data-elementor-post-type=\"page\">\n\t\t\t\t<div class=\"elementor-element elementor-element-59eb9ae e-flex e-con-boxed e-con e-parent\" data-id=\"59eb9ae\" data-element_type=\"container\" data-settings=\"{&quot;background_background&quot;:&quot;classic&quot;}\">\n\t\t\t\t\t<div class=\"e-con-inner\">\n\t\t<div class=\"elementor-element elementor-element-fde2609 e-con-full e-flex e-con e-child\" data-id=\"fde2609\" data-element_type=\"container\" data-settings=\"{&quot;background_background&quot;:&quot;classic&quot;}\">\n\t\t\t\t<div class=\"elementor-element elementor-element-da2453b elementor-widget elementor-widget-heading\" data-id=\"da2453b\" data-element_type=\"widget\" data-widget_type=\"heading.default\">\n\t\t\t\t<div class=\"elementor-widget-container\">\n\t\t\t\t\t<h2 class=\"elementor-heading-title elementor-size-default\">Maras y Moray<\/h2>\t\t\t\t<\/div>\n\t\t\t\t<\/div>\n\t\t\t\t<div class=\"elementor-element elementor-element-f69de34 elementor-widget elementor-widget-text-editor\" data-id=\"f69de34\" data-element_type=\"widget\" data-widget_type=\"text-editor.default\">\n\t\t\t\t<div class=\"elementor-widget-container\">\n\t\t\t\t\t\t\t\t\t<p><span data-huuid=\"3860840481604510822\">Maras y Moray son\u00a0<mark class=\"QVRyCf\">dos sitios arqueol\u00f3gicos tur\u00edsticos en el Valle Sagrado de los Incas, cerca de Cusco, Per\u00fa<\/mark>.\u00a0<\/span><span data-huuid=\"3860840481604511597\">Moray es famoso por sus terrazas circulares que funcionaban como un laboratorio agr\u00edcola inca para experimentar con cultivos en diferentes microclimas.\u00a0<\/span><span data-huuid=\"3860840481604512372\">Maras es conocido por sus miles de pozos de sal\u00a0<span class=\"M5tQyf\">(salineras)<\/span>\u00a0utilizados desde tiempos incas.<span class=\"pjBG2e\" data-cid=\"1d204390-69e6-4fd0-b8dc-239435a9f873\"><span class=\"UV3uM\">\u00a0<\/span><\/span><\/span><\/p>\t\t\t\t\t\t\t\t<\/div>\n\t\t\t\t<\/div>\n\t\t\t\t<\/div>\n\t\t\t\t\t<\/div>\n\t\t\t\t<\/div>\n\t\t<div class=\"elementor-element elementor-element-109bcfb e-flex e-con-boxed e-con e-parent\" data-id=\"109bcfb\" data-element_type=\"container\">\n\t\t\t\t\t<div class=\"e-con-inner\">\n\t\t\t\t<div class=\"elementor-element elementor-element-5233ed3 elementor-widget elementor-widget-text-editor\" data-id=\"5233ed3\" data-element_type=\"widget\" data-widget_type=\"text-editor.default\">\n\t\t\t\t<div class=\"elementor-widget-container\">\n\t\t\t\t\t\t\t\t\t<p><img decoding=\"async\" class=\"emoji\" role=\"img\" draggable=\"false\" src=\"https:\/\/s.w.org\/images\/core\/emoji\/16.0.1\/svg\/1f4cd.svg\" alt=\"\ud83d\udccd\" title=\"Cusco Moras Moray full day\"> <b>Lugares a visitar:<\/b><\/p><ul><li>Chincheros<\/li><li>Moras<\/li><li>Moray<\/li><\/ul><div><img decoding=\"async\" class=\"emoji\" role=\"img\" draggable=\"false\" src=\"https:\/\/s.w.org\/images\/core\/emoji\/16.0.1\/svg\/1f5ff.svg\" alt=\"\ud83d\uddff\" title=\"Cusco Moras Moray full day\"> <b>Modalidad de turismo<\/b><\/div><ul><li>Cultural &#8211; Fotograf\u00edas<\/li><\/ul><p><img decoding=\"async\" class=\"emoji\" role=\"img\" draggable=\"false\" src=\"https:\/\/s.w.org\/images\/core\/emoji\/16.0.1\/svg\/1f4cf.svg\" alt=\"\ud83d\udccf\" title=\"Cusco Moras Moray full day\"> <b>Altura por punto de visita (msnm)<\/b><\/p><ul><li>Hasta 3500 msnm<\/li><\/ul><p><strong><img decoding=\"async\" class=\"emoji\" role=\"img\" draggable=\"false\" src=\"https:\/\/s.w.org\/images\/core\/emoji\/16.0.1\/svg\/23f3.svg\" alt=\"\u23f3\" title=\"Cusco Moras Moray full day\"> Duraci\u00f3n del tour<\/strong><\/p><ul><li>6 Horas<\/li><\/ul><p><strong><img decoding=\"async\" class=\"emoji\" role=\"img\" draggable=\"false\" src=\"https:\/\/s.w.org\/images\/core\/emoji\/16.0.1\/svg\/23f0.svg\" alt=\"\u23f0\" title=\"Cusco Moras Moray full day\"> Horario del Tour<\/strong><\/p><ul><li>Desde las 9:00 am hasta 14:30 pm.<\/li><\/ul>\t\t\t\t\t\t\t\t<\/div>\n\t\t\t\t<\/div>\n\t\t\t\t<div class=\"elementor-element elementor-element-e11b372 elementor-widget elementor-widget-image\" data-id=\"e11b372\" data-element_type=\"widget\" data-widget_type=\"image.default\">\n\t\t\t\t<div class=\"elementor-widget-container\">\n\t\t\t\t\t\t\t\t\t\t\t\t\t\t\t\t<a href=\"https:\/\/www.gmartravelytours.pe\/g1\/cusco\/\">\n\t\t\t\t\t\t\t<img decoding=\"async\" width=\"70\" height=\"75\" src=\"https:\/\/www.gmartravelytours.pe\/g1\/wp-content\/uploads\/2025\/10\/Flecha-retorno2.jpg\" class=\"attachment-large size-large wp-image-2621\" alt=\"flecha retorno2\" title=\"Cusco Moras Moray full day\">\t\t\t\t\t\t\t\t<\/a>\n\t\t\t\t\t\t\t\t\t\t\t\t\t\t\t<\/div>\n\t\t\t\t<\/div>\n\t\t\t\t\t<\/div>\n\t\t\t\t<\/div>\n\t\t<div class=\"elementor-element elementor-element-21607a9 e-flex e-con-boxed e-con e-parent\" data-id=\"21607a9\" data-element_type=\"container\">\n\t\t\t\t\t<div class=\"e-con-inner\">\n\t\t\t\t<div class=\"elementor-element elementor-element-e3c5fa5 elementor-widget elementor-widget-heading\" data-id=\"e3c5fa5\" data-element_type=\"widget\" data-widget_type=\"heading.default\">\n\t\t\t\t<div class=\"elementor-widget-container\">\n\t\t\t\t\t<h2 class=\"elementor-heading-title elementor-size-default\">Itinerario<\/h2>\t\t\t\t<\/div>\n\t\t\t\t<\/div>\n\t\t\t\t<div class=\"elementor-element elementor-element-02697e6 elementor-widget elementor-widget-text-editor\" data-id=\"02697e6\" data-element_type=\"widget\" data-widget_type=\"text-editor.default\">\n\t\t\t\t<div class=\"elementor-widget-container\">\n\t\t\t\t\t\t\t\t\t<p>Recojo en el hotel a la hora indicada, para luego tomar el veh\u00edculo que nos trasladar\u00e1, pasando por una comunidad artesanal en Chinchero donde veremos el tratamiento de la lana de llama, hasta nuestro primer destino: las minas de Maras (entrada no incluida). El gu\u00eda nos explicar\u00e1 el proceso de extracci\u00f3n de la sal y tendremos tiempo para sacar fotograf\u00edas. Luego, nos trasladaremos a Moray, laboratorio agr\u00edcola que los quechuas utilizaron para experimentar con los cultivos de las distintas regiones en las que estuvieron presentes. Podremos recorrer los senderos habilitados para tomar fotograf\u00edas y sentir la variaci\u00f3n de clima de acuerdo a la profundidad de las terrazas, que llegan a tener una diferencia de 150 m entre el punto m\u00e1s bajo y el m\u00e1s alto.<\/p>\t\t\t\t\t\t\t\t<\/div>\n\t\t\t\t<\/div>\n\t\t\t\t<div class=\"elementor-element elementor-element-aab3e2f elementor-widget elementor-widget-image\" data-id=\"aab3e2f\" data-element_type=\"widget\" data-widget_type=\"image.default\">\n\t\t\t\t<div class=\"elementor-widget-container\">\n\t\t\t\t\t\t\t\t\t\t\t\t\t\t\t\t<a href=\"https:\/\/www.gmartravelytours.pe\/g1\/cusco\/\">\n\t\t\t\t\t\t\t<img decoding=\"async\" width=\"70\" height=\"75\" src=\"https:\/\/www.gmartravelytours.pe\/g1\/wp-content\/uploads\/2025\/10\/Flecha-retorno2.jpg\" class=\"attachment-large size-large wp-image-2621\" alt=\"flecha retorno2\" title=\"Cusco Moras Moray full day\">\t\t\t\t\t\t\t\t<\/a>\n\t\t\t\t\t\t\t\t\t\t\t\t\t\t\t<\/div>\n\t\t\t\t<\/div>\n\t\t\t\t\t<\/div>\n\t\t\t\t<\/div>\n\t\t<div class=\"elementor-element elementor-element-17d04a5 e-flex e-con-boxed e-con e-parent\" data-id=\"17d04a5\" data-element_type=\"container\">\n\t\t\t\t\t<div class=\"e-con-inner\">\n\t\t\t\t<div class=\"elementor-element elementor-element-771be07 elementor-widget elementor-widget-text-editor\" data-id=\"771be07\" data-element_type=\"widget\" data-widget_type=\"text-editor.default\">\n\t\t\t\t<div class=\"elementor-widget-container\">\n\t\t\t\t\t\t\t\t\t<p>\u2705 <strong>INCLUYE<\/strong><\/p><ul><li>\ud83d\ude90 Transporte Tur\u00edstico<\/li><li>\ud83e\udded Gu\u00eda Oficial de Turismo<\/li><\/ul><p>\u274c <strong>NO INCLUYE<\/strong><\/p><ul><li>\ud83c\udf9f\ufe0f Entrada a Salineras de Maras (S\/. 20)<\/li><li>\ud83c\udfdb\ufe0f Boleto tur\u00edstico (S\/. 70.00)<\/li><li>\ud83d\udcb0 Propinas<\/li><li>\ud83c\udf81 Extras<\/li><\/ul><p><!--EndFragment --><\/p>\t\t\t\t\t\t\t\t<\/div>\n\t\t\t\t<\/div>\n\t\t\t\t<div class=\"elementor-element elementor-element-87d271a elementor-widget elementor-widget-image\" data-id=\"87d271a\" data-element_type=\"widget\" data-widget_type=\"image.default\">\n\t\t\t\t<div class=\"elementor-widget-container\">\n\t\t\t\t\t\t\t\t\t\t\t\t\t\t\t\t<a href=\"https:\/\/www.gmartravelytours.pe\/g1\/cusco\/\">\n\t\t\t\t\t\t\t<img decoding=\"async\" width=\"70\" height=\"75\" src=\"https:\/\/www.gmartravelytours.pe\/g1\/wp-content\/uploads\/2025\/10\/Flecha-retorno2.jpg\" class=\"attachment-large size-large wp-image-2621\" alt=\"flecha retorno2\" title=\"Cusco Moras Moray full day\">\t\t\t\t\t\t\t\t<\/a>\n\t\t\t\t\t\t\t\t\t\t\t\t\t\t\t<\/div>\n\t\t\t\t<\/div>\n\t\t\t\t\t<\/div>\n\t\t\t\t<\/div>\n\t\t<div class=\"elementor-element elementor-element-e23e3a0 e-flex e-con-boxed e-con e-parent\" data-id=\"e23e3a0\" data-element_type=\"container\">\n\t\t\t\t\t<div class=\"e-con-inner\">\n\t\t\t\t<div class=\"elementor-element elementor-element-0fd1bd5 elementor-widget elementor-widget-heading\" data-id=\"0fd1bd5\" data-element_type=\"widget\" data-widget_type=\"heading.default\">\n\t\t\t\t<div class=\"elementor-widget-container\">\n\t\t\t\t\t<h2 class=\"elementor-heading-title elementor-size-default\">Importante<\/h2>\t\t\t\t<\/div>\n\t\t\t\t<\/div>\n\t\t\t\t<div class=\"elementor-element elementor-element-40c3557 elementor-widget elementor-widget-text-editor\" data-id=\"40c3557\" data-element_type=\"widget\" data-widget_type=\"text-editor.default\">\n\t\t\t\t<div class=\"elementor-widget-container\">\n\t\t\t\t\t\t\t\t\t<p><!--StartFragment --><\/p><p><img decoding=\"async\" class=\"emoji\" role=\"img\" draggable=\"false\" src=\"https:\/\/s.w.org\/images\/core\/emoji\/16.0.1\/svg\/1f539.svg\" alt=\"\ud83d\udd39\" title=\"Cusco Moras Moray full day\"> <strong>Duraci\u00f3n de la experiencia<\/strong>:<br \/>\u00a0 \u00a0 \u00a0<img decoding=\"async\" class=\"emoji\" role=\"img\" draggable=\"false\" src=\"https:\/\/s.w.org\/images\/core\/emoji\/16.0.1\/svg\/1f552.svg\" alt=\"\ud83d\udd52\" title=\"Cusco Moras Moray full day\"> <em>6 horas aproximadamente<\/em> (se puede ampliar o acortar)<\/p><p><img decoding=\"async\" class=\"emoji\" role=\"img\" draggable=\"false\" src=\"https:\/\/s.w.org\/images\/core\/emoji\/16.0.1\/svg\/1f539.svg\" alt=\"\ud83d\udd39\" title=\"Cusco Moras Moray full day\"> <strong>Edad recomendada<\/strong>:<br \/>\u00a0 \u00a0 \u00a0<img decoding=\"async\" class=\"emoji\" role=\"img\" draggable=\"false\" src=\"https:\/\/s.w.org\/images\/core\/emoji\/16.0.1\/svg\/1f476.svg\" alt=\"\ud83d\udc76\" title=\"Cusco Moras Moray full day\"> <em>+3 a\u00f1os<\/em><\/p><p><img decoding=\"async\" class=\"emoji\" role=\"img\" draggable=\"false\" src=\"https:\/\/s.w.org\/images\/core\/emoji\/16.0.1\/svg\/1f539.svg\" alt=\"\ud83d\udd39\" title=\"Cusco Moras Moray full day\"> <strong>Altitud<\/strong>:<br \/>\u00a0 \u00a0 \u00a0<img decoding=\"async\" class=\"emoji\" role=\"img\" draggable=\"false\" src=\"https:\/\/s.w.org\/images\/core\/emoji\/16.0.1\/svg\/26f0.svg\" alt=\"\u26f0\ufe0f\" title=\"Cusco Moras Moray full day\"> <em>3500 msnm<\/em> (punto referencial)<\/p><p><img decoding=\"async\" class=\"emoji\" role=\"img\" draggable=\"false\" src=\"https:\/\/s.w.org\/images\/core\/emoji\/16.0.1\/svg\/1f539.svg\" alt=\"\ud83d\udd39\" title=\"Cusco Moras Moray full day\"> <strong>Temporada de visita<\/strong>:<br \/>\u00a0 \u00a0 \u00a0 <img decoding=\"async\" class=\"emoji\" role=\"img\" draggable=\"false\" src=\"https:\/\/s.w.org\/images\/core\/emoji\/16.0.1\/svg\/1f4c5.svg\" alt=\"\ud83d\udcc5\" title=\"Cusco Moras Moray full day\"> <em>Todo el a\u00f1o<\/em><\/p><p><!--EndFragment --><\/p>\t\t\t\t\t\t\t\t<\/div>\n\t\t\t\t<\/div>\n\t\t\t\t<div class=\"elementor-element elementor-element-268936f elementor-widget elementor-widget-image\" data-id=\"268936f\" data-element_type=\"widget\" data-widget_type=\"image.default\">\n\t\t\t\t<div class=\"elementor-widget-container\">\n\t\t\t\t\t\t\t\t\t\t\t\t\t\t\t\t<a href=\"https:\/\/www.gmartravelytours.pe\/g1\/cusco\/\">\n\t\t\t\t\t\t\t<img decoding=\"async\" width=\"70\" height=\"75\" src=\"https:\/\/www.gmartravelytours.pe\/g1\/wp-content\/uploads\/2025\/10\/Flecha-retorno2.jpg\" class=\"attachment-large size-large wp-image-2621\" alt=\"flecha retorno2\" title=\"Cusco Moras Moray full day\">\t\t\t\t\t\t\t\t<\/a>\n\t\t\t\t\t\t\t\t\t\t\t\t\t\t\t<\/div>\n\t\t\t\t<\/div>\n\t\t\t\t\t<\/div>\n\t\t\t\t<\/div>\n\t\t<div class=\"elementor-element elementor-element-da8bce5 e-flex e-con-boxed e-con e-parent\" data-id=\"da8bce5\" data-element_type=\"container\">\n\t\t\t\t\t<div class=\"e-con-inner\">\n\t\t\t\t<div class=\"elementor-element elementor-element-4428e08 elementor-widget elementor-widget-heading\" data-id=\"4428e08\" data-element_type=\"widget\" data-widget_type=\"heading.default\">\n\t\t\t\t<div class=\"elementor-widget-container\">\n\t\t\t\t\t<h2 class=\"elementor-heading-title elementor-size-default\">Recomendaciones<\/h2>\t\t\t\t<\/div>\n\t\t\t\t<\/div>\n\t\t\t\t<div class=\"elementor-element elementor-element-e6f48ff elementor-widget elementor-widget-text-editor\" data-id=\"e6f48ff\" data-element_type=\"widget\" data-widget_type=\"text-editor.default\">\n\t\t\t\t<div class=\"elementor-widget-container\">\n\t\t\t\t\t\t\t\t\t<p><img decoding=\"async\" class=\"emoji\" title=\"Mmachupicchu clase Turista\" role=\"img\" draggable=\"false\" src=\"https:\/\/s.w.org\/images\/core\/emoji\/16.0.1\/svg\/1f9f3.svg\" alt=\"\ud83e\uddf3\" \/>\u00a0<strong>\u00bfQu\u00e9 llevar para tu pr\u00f3xima aventura?<\/strong><br \/>\u00a0 \u00a0 \u00a0 Prep\u00e1rate para disfrutar al m\u00e1ximo con estos esenciales:<\/p><ul><li><span style=\"font-size: 16px;\">\ud83d\udc5f Calzado c\u00f3modo<\/span><\/li><li><span style=\"font-size: 16px;\">\ud83d\udc52 Gorro para el sol<\/span><\/li><li><span style=\"font-size: 16px;\">\ud83d\udd76\ufe0f Anteojos de sol<\/span><\/li><li><span style=\"font-size: 16px;\">\u2600\ufe0f Bloqueador solar<\/span><\/li><li><span style=\"font-size: 16px;\">\ud83d\udca7 Agua<\/span><\/li><li><span style=\"font-size: 16px;\">\ud83d\udc55 Ropa c\u00f3moda<\/span><\/li><li><span style=\"font-size: 16px;\">\ud83d\udcb5 Dinero en efectivo para comprar<\/span><\/li><\/ul><p><!--EndFragment --><\/p>\t\t\t\t\t\t\t\t<\/div>\n\t\t\t\t<\/div>\n\t\t\t\t<div class=\"elementor-element elementor-element-bd6ce26 elementor-widget elementor-widget-image\" data-id=\"bd6ce26\" data-element_type=\"widget\" data-widget_type=\"image.default\">\n\t\t\t\t<div class=\"elementor-widget-container\">\n\t\t\t\t\t\t\t\t\t\t\t\t\t\t\t\t<a href=\"https:\/\/www.gmartravelytours.pe\/g1\/cusco\/\">\n\t\t\t\t\t\t\t<img decoding=\"async\" width=\"70\" height=\"75\" src=\"https:\/\/www.gmartravelytours.pe\/g1\/wp-content\/uploads\/2025\/10\/Flecha-retorno2.jpg\" class=\"attachment-large size-large wp-image-2621\" alt=\"flecha retorno2\" title=\"Cusco Moras Moray full day\">\t\t\t\t\t\t\t\t<\/a>\n\t\t\t\t\t\t\t\t\t\t\t\t\t\t\t<\/div>\n\t\t\t\t<\/div>\n\t\t\t\t\t<\/div>\n\t\t\t\t<\/div>\n\t\t\t\t<\/div>\n\t\t","protected":false},"excerpt":{"rendered":"<p>Maras y Moray Maras y Moray son\u00a0dos sitios arqueol\u00f3gicos tur\u00edsticos en el Valle Sagrado de los Incas, cerca de Cusco, Per\u00fa.\u00a0Moray es famoso por sus terrazas circulares que funcionaban como un laboratorio agr\u00edcola inca para experimentar con cultivos en diferentes microclimas.\u00a0Maras es conocido por sus miles de pozos de sal\u00a0(salineras)\u00a0utilizados desde tiempos incas.\u00a0 Lugares a [&hellip;]<\/p>\n","protected":false},"author":1,"featured_media":0,"parent":0,"menu_order":0,"comment_status":"closed","ping_status":"closed","template":"elementor_header_footer","meta":{"site-sidebar-layout":"no-sidebar","site-content-layout":"page-builder","ast-site-content-layout":"full-width-container","site-content-style":"default","site-sidebar-style":"default","ast-global-header-display":"","ast-banner-title-visibility":"","ast-main-header-display":"","ast-hfb-above-header-display":"","ast-hfb-below-header-display":"","ast-hfb-mobile-header-display":"","site-post-title":"","ast-breadcrumbs-content":"","ast-featured-img":"disabled","footer-sml-layout":"","theme-transparent-header-meta":"","adv-header-id-meta":"","stick-header-meta":"","header-above-stick-meta":"","header-main-stick-meta":"","header-below-stick-meta":"","astra-migrate-meta-layouts":"set","ast-page-background-enabled":"default","ast-page-background-meta":{"desktop":{"background-color":"var(--ast-global-color-4)","background-image":"","background-repeat":"repeat","background-position":"center center","background-size":"auto","background-attachment":"scroll","background-type":"","background-media":"","overlay-type":"","overlay-color":"","overlay-opacity":"","overlay-gradient":""},"tablet":{"background-color":"","background-image":"","background-repeat":"repeat","background-position":"center center","background-size":"auto","background-attachment":"scroll","background-type":"","background-media":"","overlay-type":"","overlay-color":"","overlay-opacity":"","overlay-gradient":""},"mobile":{"background-color":"","background-image":"","background-repeat":"repeat","background-position":"center center","background-size":"auto","background-attachment":"scroll","background-type":"","background-media":"","overlay-type":"","overlay-color":"","overlay-opacity":"","overlay-gradient":""}},"ast-content-background-meta":{"desktop":{"background-color":"var(--ast-global-color-5)","background-image":"","background-repeat":"repeat","background-position":"center center","background-size":"auto","background-attachment":"scroll","background-type":"","background-media":"","overlay-type":"","overlay-color":"","overlay-opacity":"","overlay-gradient":""},"tablet":{"background-color":"var(--ast-global-color-5)","background-image":"","background-repeat":"repeat","background-position":"center center","background-size":"auto","background-attachment":"scroll","background-type":"","background-media":"","overlay-type":"","overlay-color":"","overlay-opacity":"","overlay-gradient":""},"mobile":{"background-color":"var(--ast-global-color-5)","background-image":"","background-repeat":"repeat","background-position":"center center","background-size":"auto","background-attachment":"scroll","background-type":"","background-media":"","overlay-type":"","overlay-color":"","overlay-opacity":"","overlay-gradient":""}},"footnotes":""},"class_list":["post-2500","page","type-page","status-publish","hentry"],"_links":{"self":[{"href":"https:\/\/www.gmartravelytours.pe\/g1\/wp-json\/wp\/v2\/pages\/2500","targetHints":{"allow":["GET"]}}],"collection":[{"href":"https:\/\/www.gmartravelytours.pe\/g1\/wp-json\/wp\/v2\/pages"}],"about":[{"href":"https:\/\/www.gmartravelytours.pe\/g1\/wp-json\/wp\/v2\/types\/page"}],"author":[{"embeddable":true,"href":"https:\/\/www.gmartravelytours.pe\/g1\/wp-json\/wp\/v2\/users\/1"}],"replies":[{"embeddable":true,"href":"https:\/\/www.gmartravelytours.pe\/g1\/wp-json\/wp\/v2\/comments?post=2500"}],"version-history":[{"count":27,"href":"https:\/\/www.gmartravelytours.pe\/g1\/wp-json\/wp\/v2\/pages\/2500\/revisions"}],"predecessor-version":[{"id":2639,"href":"https:\/\/www.gmartravelytours.pe\/g1\/wp-json\/wp\/v2\/pages\/2500\/revisions\/2639"}],"wp:attachment":[{"href":"https:\/\/www.gmartravelytours.pe\/g1\/wp-json\/wp\/v2\/media?parent=2500"}],"curies":[{"name":"wp","href":"https:\/\/api.w.org\/{rel}","templated":true}]}}