{"id":1318,"date":"2025-10-03T03:08:59","date_gmt":"2025-10-03T03:08:59","guid":{"rendered":"https:\/\/www.gmartravelytours.pe\/g1\/home\/"},"modified":"2025-10-05T03:35:18","modified_gmt":"2025-10-05T03:35:18","slug":"inicio","status":"publish","type":"page","link":"https:\/\/www.gmartravelytours.pe\/g1\/","title":{"rendered":"Inicio"},"content":{"rendered":"\t\t<div data-elementor-type=\"wp-page\" data-elementor-id=\"1318\" class=\"elementor elementor-1318\" data-elementor-post-type=\"page\">\n\t\t\t\t<div class=\"elementor-element elementor-element-7422aa2 e-con-full e-flex e-con e-parent\" data-id=\"7422aa2\" data-element_type=\"container\">\n\t\t\t\t<div class=\"elementor-element elementor-element-4cdf54d elementor-widget elementor-widget-image\" data-id=\"4cdf54d\" data-element_type=\"widget\" data-widget_type=\"image.default\">\n\t\t\t\t<div class=\"elementor-widget-container\">\n\t\t\t\t\t\t\t\t\t\t\t\t\t\t\t<img fetchpriority=\"high\" decoding=\"async\" width=\"1920\" height=\"850\" src=\"https:\/\/www.gmartravelytours.pe\/g1\/wp-content\/uploads\/2025\/10\/machu-picchu-cusco.jpg\" class=\"attachment-full size-full wp-image-2258\" alt=\"machu picchu cusco\" srcset=\"https:\/\/www.gmartravelytours.pe\/g1\/wp-content\/uploads\/2025\/10\/machu-picchu-cusco.jpg 1920w, https:\/\/www.gmartravelytours.pe\/g1\/wp-content\/uploads\/2025\/10\/machu-picchu-cusco-300x133.jpg 300w, https:\/\/www.gmartravelytours.pe\/g1\/wp-content\/uploads\/2025\/10\/machu-picchu-cusco-1024x453.jpg 1024w, https:\/\/www.gmartravelytours.pe\/g1\/wp-content\/uploads\/2025\/10\/machu-picchu-cusco-768x340.jpg 768w, https:\/\/www.gmartravelytours.pe\/g1\/wp-content\/uploads\/2025\/10\/machu-picchu-cusco-1536x680.jpg 1536w\" sizes=\"(max-width: 1920px) 100vw, 1920px\" title=\"Inicio\">\t\t\t\t\t\t\t\t\t\t\t\t\t\t\t<\/div>\n\t\t\t\t<\/div>\n\t\t\t\t<\/div>\n\t\t<div class=\"elementor-element elementor-element-f70bf37 e-con-full e-flex e-con e-parent\" data-id=\"f70bf37\" data-element_type=\"container\" data-settings=\"{&quot;background_background&quot;:&quot;classic&quot;}\">\n\t\t<div class=\"elementor-element elementor-element-8f73ee5 e-con-full e-flex e-con e-child\" data-id=\"8f73ee5\" data-element_type=\"container\">\n\t\t\t\t<div class=\"elementor-element elementor-element-266f062 elementor-widget elementor-widget-heading\" data-id=\"266f062\" data-element_type=\"widget\" data-widget_type=\"heading.default\">\n\t\t\t\t<div class=\"elementor-widget-container\">\n\t\t\t\t\t<h1 class=\"elementor-heading-title elementor-size-default\">Recorre el mundo<\/h1>\t\t\t\t<\/div>\n\t\t\t\t<\/div>\n\t\t\t\t<div class=\"elementor-element elementor-element-120a747 elementor-widget elementor-widget-heading\" data-id=\"120a747\" data-element_type=\"widget\" data-widget_type=\"heading.default\">\n\t\t\t\t<div class=\"elementor-widget-container\">\n\t\t\t\t\t<h3 class=\"elementor-heading-title elementor-size-default\">disfruta tu viaje<\/h3>\t\t\t\t<\/div>\n\t\t\t\t<\/div>\n\t\t\t\t<\/div>\n\t\t\t\t<\/div>\n\t\t<div class=\"elementor-element elementor-element-dd053ae e-flex e-con-boxed e-con e-parent\" data-id=\"dd053ae\" data-element_type=\"container\">\n\t\t\t\t\t<div class=\"e-con-inner\">\n\t\t\t\t<div class=\"elementor-element elementor-element-d16f5b6 elementor-widget elementor-widget-heading\" data-id=\"d16f5b6\" data-element_type=\"widget\" data-widget_type=\"heading.default\">\n\t\t\t\t<div class=\"elementor-widget-container\">\n\t\t\t\t\t<h2 class=\"elementor-heading-title elementor-size-default\">Nuestros Servicios<\/h2>\t\t\t\t<\/div>\n\t\t\t\t<\/div>\n\t\t\t\t<div class=\"elementor-element elementor-element-49160ad elementor-widget-divider--view-line elementor-widget elementor-widget-divider\" data-id=\"49160ad\" data-element_type=\"widget\" data-widget_type=\"divider.default\">\n\t\t\t\t<div class=\"elementor-widget-container\">\n\t\t\t\t\t\t\t<div class=\"elementor-divider\">\n\t\t\t<span class=\"elementor-divider-separator\">\n\t\t\t\t\t\t<\/span>\n\t\t<\/div>\n\t\t\t\t\t\t<\/div>\n\t\t\t\t<\/div>\n\t\t\t\t\t<\/div>\n\t\t\t\t<\/div>\n\t\t<div class=\"elementor-element elementor-element-9838fef e-con-full e-flex elementor-invisible e-con e-parent\" data-id=\"9838fef\" data-element_type=\"container\" data-settings=\"{&quot;background_background&quot;:&quot;classic&quot;,&quot;animation&quot;:&quot;fadeInUp&quot;}\">\n\t\t<div class=\"elementor-element elementor-element-01fdfe4 e-con-full e-flex e-con e-child\" data-id=\"01fdfe4\" data-element_type=\"container\">\n\t\t\t\t<div class=\"elementor-element elementor-element-519ae9d elementor-widget elementor-widget-image\" data-id=\"519ae9d\" data-element_type=\"widget\" data-widget_type=\"image.default\">\n\t\t\t\t<div class=\"elementor-widget-container\">\n\t\t\t\t\t\t\t\t\t\t\t\t\t\t\t<img decoding=\"async\" width=\"580\" height=\"432\" src=\"https:\/\/www.gmartravelytours.pe\/g1\/wp-content\/uploads\/2025\/10\/cusco2.jpg\" class=\"attachment-large size-large wp-image-2167\" alt=\"cusco2\" srcset=\"https:\/\/www.gmartravelytours.pe\/g1\/wp-content\/uploads\/2025\/10\/cusco2.jpg 580w, https:\/\/www.gmartravelytours.pe\/g1\/wp-content\/uploads\/2025\/10\/cusco2-300x223.jpg 300w\" sizes=\"(max-width: 580px) 100vw, 580px\" title=\"Inicio\">\t\t\t\t\t\t\t\t\t\t\t\t\t\t\t<\/div>\n\t\t\t\t<\/div>\n\t\t\t\t<div class=\"elementor-element elementor-element-22dff4e elementor-widget elementor-widget-text-editor\" data-id=\"22dff4e\" data-element_type=\"widget\" data-widget_type=\"text-editor.default\">\n\t\t\t\t<div class=\"elementor-widget-container\">\n\t\t\t\t\t\t\t\t\t<h3><strong>Cusco<\/strong><\/h3><p>Cusco te espera con historia viva. Camina por donde los incas so\u00f1aron.<\/p>\t\t\t\t\t\t\t\t<\/div>\n\t\t\t\t<\/div>\n\t\t\t\t<\/div>\n\t\t<div class=\"elementor-element elementor-element-364020e e-con-full e-flex e-con e-child\" data-id=\"364020e\" data-element_type=\"container\">\n\t\t\t\t<div class=\"elementor-element elementor-element-87b36f8 elementor-widget elementor-widget-image\" data-id=\"87b36f8\" data-element_type=\"widget\" data-widget_type=\"image.default\">\n\t\t\t\t<div class=\"elementor-widget-container\">\n\t\t\t\t\t\t\t\t\t\t\t\t\t\t\t<img decoding=\"async\" width=\"580\" height=\"432\" src=\"https:\/\/www.gmartravelytours.pe\/g1\/wp-content\/uploads\/2025\/10\/Arequipa1.jpg\" class=\"attachment-large size-large wp-image-2166\" alt=\"arequipa1\" srcset=\"https:\/\/www.gmartravelytours.pe\/g1\/wp-content\/uploads\/2025\/10\/Arequipa1.jpg 580w, https:\/\/www.gmartravelytours.pe\/g1\/wp-content\/uploads\/2025\/10\/Arequipa1-300x223.jpg 300w\" sizes=\"(max-width: 580px) 100vw, 580px\" title=\"Inicio\">\t\t\t\t\t\t\t\t\t\t\t\t\t\t\t<\/div>\n\t\t\t\t<\/div>\n\t\t\t\t<div class=\"elementor-element elementor-element-727de18 elementor-widget elementor-widget-text-editor\" data-id=\"727de18\" data-element_type=\"widget\" data-widget_type=\"text-editor.default\">\n\t\t\t\t<div class=\"elementor-widget-container\">\n\t\t\t\t\t\t\t\t\t<h3><strong>Arequipa<\/strong><\/h3><p>Arquitectura que deslumbra, tradici\u00f3n que abraza. Arequipa, belleza tallada en sillar.<\/p>\t\t\t\t\t\t\t\t<\/div>\n\t\t\t\t<\/div>\n\t\t\t\t<\/div>\n\t\t<div class=\"elementor-element elementor-element-d0c901a e-con-full e-flex e-con e-child\" data-id=\"d0c901a\" data-element_type=\"container\">\n\t\t\t\t<div class=\"elementor-element elementor-element-21c241b elementor-widget elementor-widget-image\" data-id=\"21c241b\" data-element_type=\"widget\" data-widget_type=\"image.default\">\n\t\t\t\t<div class=\"elementor-widget-container\">\n\t\t\t\t\t\t\t\t\t\t\t\t\t\t\t<img loading=\"lazy\" decoding=\"async\" width=\"580\" height=\"432\" src=\"https:\/\/www.gmartravelytours.pe\/g1\/wp-content\/uploads\/2025\/10\/Ica2.jpg\" class=\"attachment-large size-large wp-image-2188\" alt=\"ica2\" srcset=\"https:\/\/www.gmartravelytours.pe\/g1\/wp-content\/uploads\/2025\/10\/Ica2.jpg 580w, https:\/\/www.gmartravelytours.pe\/g1\/wp-content\/uploads\/2025\/10\/Ica2-300x223.jpg 300w\" sizes=\"(max-width: 580px) 100vw, 580px\" title=\"Inicio\">\t\t\t\t\t\t\t\t\t\t\t\t\t\t\t<\/div>\n\t\t\t\t<\/div>\n\t\t\t\t<div class=\"elementor-element elementor-element-7d34105 elementor-widget elementor-widget-text-editor\" data-id=\"7d34105\" data-element_type=\"widget\" data-widget_type=\"text-editor.default\">\n\t\t\t\t<div class=\"elementor-widget-container\">\n\t\t\t\t\t\t\t\t\t<h2><strong>Ica<\/strong><\/h2><p>arqueolog\u00eda, adrenalina y tradici\u00f3n. Cada rinc\u00f3n, una historia por contar<\/p>\t\t\t\t\t\t\t\t<\/div>\n\t\t\t\t<\/div>\n\t\t\t\t<\/div>\n\t\t<div class=\"elementor-element elementor-element-dfa0c32 e-con-full e-flex e-con e-child\" data-id=\"dfa0c32\" data-element_type=\"container\" data-settings=\"{&quot;background_background&quot;:&quot;classic&quot;}\">\n\t\t\t\t<div class=\"elementor-element elementor-element-278844e elementor-widget elementor-widget-image\" data-id=\"278844e\" data-element_type=\"widget\" data-widget_type=\"image.default\">\n\t\t\t\t<div class=\"elementor-widget-container\">\n\t\t\t\t\t\t\t\t\t\t\t\t\t\t\t<img loading=\"lazy\" decoding=\"async\" width=\"580\" height=\"432\" src=\"https:\/\/www.gmartravelytours.pe\/g1\/wp-content\/uploads\/2025\/10\/Ayacucho.jpg\" class=\"attachment-large size-large wp-image-2208\" alt=\"ayacucho\" srcset=\"https:\/\/www.gmartravelytours.pe\/g1\/wp-content\/uploads\/2025\/10\/Ayacucho.jpg 580w, https:\/\/www.gmartravelytours.pe\/g1\/wp-content\/uploads\/2025\/10\/Ayacucho-300x223.jpg 300w\" sizes=\"(max-width: 580px) 100vw, 580px\" title=\"Inicio\">\t\t\t\t\t\t\t\t\t\t\t\t\t\t\t<\/div>\n\t\t\t\t<\/div>\n\t\t\t\t<div class=\"elementor-element elementor-element-0c71625 elementor-widget elementor-widget-text-editor\" data-id=\"0c71625\" data-element_type=\"widget\" data-widget_type=\"text-editor.default\">\n\t\t\t\t<div class=\"elementor-widget-container\">\n\t\t\t\t\t\t\t\t\t<h2><strong>Ayacucho<\/strong><\/h2><p><!--StartFragment --><\/p><p>Retablos que narran el alma del pueblo. Ayacucho, arte que florece en lo cotidiano<\/p><p><!--EndFragment --><\/p>\t\t\t\t\t\t\t\t<\/div>\n\t\t\t\t<\/div>\n\t\t\t\t<\/div>\n\t\t<div class=\"elementor-element elementor-element-98630e8 e-con-full e-flex e-con e-child\" data-id=\"98630e8\" data-element_type=\"container\">\n\t\t\t\t<div class=\"elementor-element elementor-element-d2624de elementor-widget elementor-widget-image\" data-id=\"d2624de\" data-element_type=\"widget\" data-widget_type=\"image.default\">\n\t\t\t\t<div class=\"elementor-widget-container\">\n\t\t\t\t\t\t\t\t\t\t\t\t\t\t\t<img loading=\"lazy\" decoding=\"async\" width=\"580\" height=\"432\" src=\"https:\/\/www.gmartravelytours.pe\/g1\/wp-content\/uploads\/2025\/10\/Cajamarca.jpg\" class=\"attachment-large size-large wp-image-2209\" alt=\"cajamarca\" srcset=\"https:\/\/www.gmartravelytours.pe\/g1\/wp-content\/uploads\/2025\/10\/Cajamarca.jpg 580w, https:\/\/www.gmartravelytours.pe\/g1\/wp-content\/uploads\/2025\/10\/Cajamarca-300x223.jpg 300w\" sizes=\"(max-width: 580px) 100vw, 580px\" title=\"Inicio\">\t\t\t\t\t\t\t\t\t\t\t\t\t\t\t<\/div>\n\t\t\t\t<\/div>\n\t\t\t\t<div class=\"elementor-element elementor-element-76275e4 elementor-widget elementor-widget-text-editor\" data-id=\"76275e4\" data-element_type=\"widget\" data-widget_type=\"text-editor.default\">\n\t\t\t\t<div class=\"elementor-widget-container\">\n\t\t\t\t\t\t\t\t\t<h2><strong>Cajamarca<\/strong><\/h2><p><!--StartFragment --><\/p><p>Cajamarca, tierra de resistencia y belleza. Cada rinc\u00f3n guarda un legado profundo<\/p><p><!--EndFragment --><\/p>\t\t\t\t\t\t\t\t<\/div>\n\t\t\t\t<\/div>\n\t\t\t\t<\/div>\n\t\t<div class=\"elementor-element elementor-element-598c951 e-con-full e-flex e-con e-child\" data-id=\"598c951\" data-element_type=\"container\">\n\t\t\t\t<div class=\"elementor-element elementor-element-bd2a474 elementor-widget elementor-widget-image\" data-id=\"bd2a474\" data-element_type=\"widget\" data-widget_type=\"image.default\">\n\t\t\t\t<div class=\"elementor-widget-container\">\n\t\t\t\t\t\t\t\t\t\t\t\t\t\t\t<img loading=\"lazy\" decoding=\"async\" width=\"580\" height=\"432\" src=\"https:\/\/www.gmartravelytours.pe\/g1\/wp-content\/uploads\/2025\/10\/Huaraz.jpg\" class=\"attachment-large size-large wp-image-2210\" alt=\"huaraz\" srcset=\"https:\/\/www.gmartravelytours.pe\/g1\/wp-content\/uploads\/2025\/10\/Huaraz.jpg 580w, https:\/\/www.gmartravelytours.pe\/g1\/wp-content\/uploads\/2025\/10\/Huaraz-300x223.jpg 300w\" sizes=\"(max-width: 580px) 100vw, 580px\" title=\"Inicio\">\t\t\t\t\t\t\t\t\t\t\t\t\t\t\t<\/div>\n\t\t\t\t<\/div>\n\t\t\t\t<div class=\"elementor-element elementor-element-bedb18b elementor-widget elementor-widget-text-editor\" data-id=\"bedb18b\" data-element_type=\"widget\" data-widget_type=\"text-editor.default\">\n\t\t\t\t<div class=\"elementor-widget-container\">\n\t\t\t\t\t\t\t\t\t<h2><strong>Huaraz<\/strong><\/h2><p>Donde la Cordillera Blanca te abraza. Huaraz, belleza que desaf\u00eda el tiempo.<\/p>\t\t\t\t\t\t\t\t<\/div>\n\t\t\t\t<\/div>\n\t\t\t\t<\/div>\n\t\t<div class=\"elementor-element elementor-element-a5e96b3 e-con-full e-flex e-con e-child\" data-id=\"a5e96b3\" data-element_type=\"container\">\n\t\t\t\t<div class=\"elementor-element elementor-element-beb633c elementor-widget elementor-widget-image\" data-id=\"beb633c\" data-element_type=\"widget\" data-widget_type=\"image.default\">\n\t\t\t\t<div class=\"elementor-widget-container\">\n\t\t\t\t\t\t\t\t\t\t\t\t\t\t\t<img loading=\"lazy\" decoding=\"async\" width=\"580\" height=\"432\" src=\"https:\/\/www.gmartravelytours.pe\/g1\/wp-content\/uploads\/2025\/10\/Iquitos.jpg\" class=\"attachment-large size-large wp-image-2215\" alt=\"iquitos\" srcset=\"https:\/\/www.gmartravelytours.pe\/g1\/wp-content\/uploads\/2025\/10\/Iquitos.jpg 580w, https:\/\/www.gmartravelytours.pe\/g1\/wp-content\/uploads\/2025\/10\/Iquitos-300x223.jpg 300w\" sizes=\"(max-width: 580px) 100vw, 580px\" title=\"Inicio\">\t\t\t\t\t\t\t\t\t\t\t\t\t\t\t<\/div>\n\t\t\t\t<\/div>\n\t\t\t\t<div class=\"elementor-element elementor-element-7f655ec elementor-widget elementor-widget-text-editor\" data-id=\"7f655ec\" data-element_type=\"widget\" data-widget_type=\"text-editor.default\">\n\t\t\t\t<div class=\"elementor-widget-container\">\n\t\t\t\t\t\t\t\t\t<h2><strong>Iquitos<\/strong><\/h2><p>Iquitos, coraz\u00f3n de la Amazon\u00eda peruana. Donde el r\u00edo y la selva te transforman.<\/p>\t\t\t\t\t\t\t\t<\/div>\n\t\t\t\t<\/div>\n\t\t\t\t<\/div>\n\t\t<div class=\"elementor-element elementor-element-177c5d2 e-con-full e-flex e-con e-child\" data-id=\"177c5d2\" data-element_type=\"container\">\n\t\t\t\t<\/div>\n\t\t<div class=\"elementor-element elementor-element-75ab682 e-con-full e-flex e-con e-child\" data-id=\"75ab682\" data-element_type=\"container\">\n\t\t\t\t<div class=\"elementor-element elementor-element-834eb63 elementor-widget elementor-widget-image\" data-id=\"834eb63\" data-element_type=\"widget\" data-widget_type=\"image.default\">\n\t\t\t\t<div class=\"elementor-widget-container\">\n\t\t\t\t\t\t\t\t\t\t\t\t\t\t\t<img loading=\"lazy\" decoding=\"async\" width=\"580\" height=\"432\" src=\"https:\/\/www.gmartravelytours.pe\/g1\/wp-content\/uploads\/2025\/10\/Puno.jpg\" class=\"attachment-large size-large wp-image-2216\" alt=\"puno\" srcset=\"https:\/\/www.gmartravelytours.pe\/g1\/wp-content\/uploads\/2025\/10\/Puno.jpg 580w, https:\/\/www.gmartravelytours.pe\/g1\/wp-content\/uploads\/2025\/10\/Puno-300x223.jpg 300w\" sizes=\"(max-width: 580px) 100vw, 580px\" title=\"Inicio\">\t\t\t\t\t\t\t\t\t\t\t\t\t\t\t<\/div>\n\t\t\t\t<\/div>\n\t\t\t\t<div class=\"elementor-element elementor-element-c62e666 elementor-widget elementor-widget-text-editor\" data-id=\"c62e666\" data-element_type=\"widget\" data-widget_type=\"text-editor.default\">\n\t\t\t\t<div class=\"elementor-widget-container\">\n\t\t\t\t\t\t\t\t\t<h2><strong>Puno<\/strong><\/h2><p>Puno, donde el lago Titicaca refleja el cielo. Misterio, cultura y paz en cada ola.<\/p>\t\t\t\t\t\t\t\t<\/div>\n\t\t\t\t<\/div>\n\t\t\t\t<\/div>\n\t\t\t\t<\/div>\n\t\t<div class=\"elementor-element elementor-element-43e6874 e-flex e-con-boxed e-con e-parent\" data-id=\"43e6874\" data-element_type=\"container\">\n\t\t\t\t\t<div class=\"e-con-inner\">\n\t\t<div class=\"elementor-element elementor-element-66c2990 e-con-full e-flex e-con e-child\" data-id=\"66c2990\" data-element_type=\"container\" data-settings=\"{&quot;background_background&quot;:&quot;classic&quot;}\">\n\t\t<div class=\"elementor-element elementor-element-056b62e e-con-full e-flex e-con e-child\" data-id=\"056b62e\" data-element_type=\"container\" data-settings=\"{&quot;background_background&quot;:&quot;classic&quot;}\">\n\t\t\t\t<div class=\"elementor-element elementor-element-29a6a1c elementor-widget__width-initial elementor-widget elementor-widget-text-editor\" data-id=\"29a6a1c\" data-element_type=\"widget\" data-widget_type=\"text-editor.default\">\n\t\t\t\t<div class=\"elementor-widget-container\">\n\t\t\t\t\t\t\t\t\t<p>Descubre Per\u00fa: Donde cada rinc\u00f3n cuenta una historia\u00a0<img decoding=\"async\" class=\"emoji\" role=\"img\" draggable=\"false\" src=\"https:\/\/s.w.org\/images\/core\/emoji\/16.0.1\/svg\/1f304.svg\" alt=\"\ud83c\udf04\" title=\"Inicio\"><br \/>Per\u00fa no es solo un destino, es una experiencia que transforma. Desde las alturas m\u00edsticas de Machu Picchu hasta las dunas doradas de Huacachina, cada paisaje vibra con historia, color y emoci\u00f3n. Camina por las calles coloniales de Arequipa, navega por el lago Titicaca en Puno, y d\u00e9jate envolver por la magia ancestral de Cusco, coraz\u00f3n del Imperio Inca.<br \/>\u00bfBuscas naturaleza exuberante? La selva de Iquitos te espera con su biodiversidad \u00fanica. \u00bfPrefieres el\u00a0 misterio? Las L\u00edneas de Nazca desaf\u00edan la l\u00f3gica y despiertan la imaginaci\u00f3n. \u00bfTe apasiona la cultura viva? Ayacucho y Cajamarca te reciben con fiestas, artesan\u00eda y tradici\u00f3n.<br \/>Y si lo tuyo es el mar, las playas de M\u00e1ncora y el sabor coste\u00f1o de Lima te ofrecen sol, ceviche y ritmo. Per\u00fa es diversidad, es sabor, es alma.<br \/><img decoding=\"async\" class=\"emoji\" role=\"img\" draggable=\"false\" src=\"https:\/\/s.w.org\/images\/core\/emoji\/16.0.1\/svg\/1f31f.svg\" alt=\"\ud83c\udf1f\" title=\"Inicio\">\u00a0Vive Per\u00fa. Siente Per\u00fa. Recuerda Per\u00fa.<\/p>\t\t\t\t\t\t\t\t<\/div>\n\t\t\t\t<\/div>\n\t\t\t\t<\/div>\n\t\t\t\t<\/div>\n\t\t<div class=\"elementor-element elementor-element-5b6afef e-con-full e-flex e-con e-child\" data-id=\"5b6afef\" data-element_type=\"container\">\n\t\t\t\t<div class=\"elementor-element elementor-element-8aee090 elementor-widget elementor-widget-image\" data-id=\"8aee090\" data-element_type=\"widget\" data-widget_type=\"image.default\">\n\t\t\t\t<div class=\"elementor-widget-container\">\n\t\t\t\t\t\t\t\t\t\t\t\t\t\t\t<img loading=\"lazy\" decoding=\"async\" width=\"470\" height=\"570\" src=\"https:\/\/www.gmartravelytours.pe\/g1\/wp-content\/uploads\/2021\/11\/leaf.jpg\" class=\"attachment-full size-full wp-image-145\" alt=\"leaf\" title=\"Inicio\">\t\t\t\t\t\t\t\t\t\t\t\t\t\t\t<\/div>\n\t\t\t\t<\/div>\n\t\t\t\t<\/div>\n\t\t\t\t\t<\/div>\n\t\t\t\t<\/div>\n\t\t<div class=\"elementor-element elementor-element-86cae7c e-flex e-con-boxed e-con e-parent\" data-id=\"86cae7c\" data-element_type=\"container\">\n\t\t\t\t\t<div class=\"e-con-inner\">\n\t\t\t\t<div class=\"elementor-element elementor-element-055667e elementor-widget elementor-widget-spacer\" data-id=\"055667e\" data-element_type=\"widget\" data-widget_type=\"spacer.default\">\n\t\t\t\t<div class=\"elementor-widget-container\">\n\t\t\t\t\t\t\t<div class=\"elementor-spacer\">\n\t\t\t<div class=\"elementor-spacer-inner\"><\/div>\n\t\t<\/div>\n\t\t\t\t\t\t<\/div>\n\t\t\t\t<\/div>\n\t\t\t\t\t<\/div>\n\t\t\t\t<\/div>\n\t\t<div class=\"elementor-element elementor-element-16ec7fa e-flex e-con-boxed e-con e-parent\" data-id=\"16ec7fa\" data-element_type=\"container\" data-settings=\"{&quot;background_background&quot;:&quot;classic&quot;}\">\n\t\t\t\t\t<div class=\"e-con-inner\">\n\t\t<div class=\"elementor-element elementor-element-d13f07f e-con-full e-flex e-con e-child\" data-id=\"d13f07f\" data-element_type=\"container\">\n\t\t\t\t<div class=\"elementor-element elementor-element-ba599af elementor-widget elementor-widget-heading\" data-id=\"ba599af\" data-element_type=\"widget\" data-widget_type=\"heading.default\">\n\t\t\t\t<div class=\"elementor-widget-container\">\n\t\t\t\t\t<h1 class=\"elementor-heading-title elementor-size-default\">QUESTIONS?<\/h1>\t\t\t\t<\/div>\n\t\t\t\t<\/div>\n\t\t\t\t<div class=\"elementor-element elementor-element-03937cd elementor-widget elementor-widget-text-editor\" data-id=\"03937cd\" data-element_type=\"widget\" data-widget_type=\"text-editor.default\">\n\t\t\t\t<div class=\"elementor-widget-container\">\n\t\t\t\t\t\t\t\t\t<p>Whether you&#8217;re curious about features, a free trial, or even press, we&#8217;re here to answer any questions.<\/p>\t\t\t\t\t\t\t\t<\/div>\n\t\t\t\t<\/div>\n\t\t\t\t<div class=\"elementor-element elementor-element-639a73b elementor-align-center elementor-widget elementor-widget-button\" data-id=\"639a73b\" data-element_type=\"widget\" data-widget_type=\"button.default\">\n\t\t\t\t<div class=\"elementor-widget-container\">\n\t\t\t\t\t\t\t\t\t<div class=\"elementor-button-wrapper\">\n\t\t\t\t\t<a class=\"elementor-button elementor-button-link elementor-size-sm\" href=\"#\">\n\t\t\t\t\t\t<span class=\"elementor-button-content-wrapper\">\n\t\t\t\t\t\t\t\t\t<span class=\"elementor-button-text\">Let's Talk Now<\/span>\n\t\t\t\t\t<\/span>\n\t\t\t\t\t<\/a>\n\t\t\t\t<\/div>\n\t\t\t\t\t\t\t\t<\/div>\n\t\t\t\t<\/div>\n\t\t\t\t<\/div>\n\t\t\t\t\t<\/div>\n\t\t\t\t<\/div>\n\t\t\t\t<\/div>\n\t\t","protected":false},"excerpt":{"rendered":"<p>Recorre el mundo disfruta tu viaje Nuestros Servicios Cusco Cusco te espera con historia viva. Camina por donde los incas so\u00f1aron. Arequipa Arquitectura que deslumbra, tradici\u00f3n que abraza. Arequipa, belleza tallada en sillar. Ica arqueolog\u00eda, adrenalina y tradici\u00f3n. Cada rinc\u00f3n, una historia por contar Ayacucho Retablos que narran el alma del pueblo. Ayacucho, arte que [&hellip;]<\/p>\n","protected":false},"author":1,"featured_media":0,"parent":0,"menu_order":0,"comment_status":"closed","ping_status":"closed","template":"elementor_header_footer","meta":{"site-sidebar-layout":"no-sidebar","site-content-layout":"page-builder","ast-site-content-layout":"default","site-content-style":"default","site-sidebar-style":"default","ast-global-header-display":"","ast-banner-title-visibility":"","ast-main-header-display":"","ast-hfb-above-header-display":"","ast-hfb-below-header-display":"","ast-hfb-mobile-header-display":"","site-post-title":"disabled","ast-breadcrumbs-content":"","ast-featured-img":"disabled","footer-sml-layout":"","theme-transparent-header-meta":"enabled","adv-header-id-meta":"","stick-header-meta":"","header-above-stick-meta":"","header-main-stick-meta":"","header-below-stick-meta":"","astra-migrate-meta-layouts":"default","ast-page-background-enabled":"default","ast-page-background-meta":{"desktop":{"background-color":"var(--ast-global-color-4)","background-image":"","background-repeat":"repeat","background-position":"center center","background-size":"auto","background-attachment":"scroll","background-type":"","background-media":"","overlay-type":"","overlay-color":"","overlay-opacity":"","overlay-gradient":""},"tablet":{"background-color":"","background-image":"","background-repeat":"repeat","background-position":"center center","background-size":"auto","background-attachment":"scroll","background-type":"","background-media":"","overlay-type":"","overlay-color":"","overlay-opacity":"","overlay-gradient":""},"mobile":{"background-color":"","background-image":"","background-repeat":"repeat","background-position":"center center","background-size":"auto","background-attachment":"scroll","background-type":"","background-media":"","overlay-type":"","overlay-color":"","overlay-opacity":"","overlay-gradient":""}},"ast-content-background-meta":{"desktop":{"background-color":"var(--ast-global-color-5)","background-image":"","background-repeat":"repeat","background-position":"center center","background-size":"auto","background-attachment":"scroll","background-type":"","background-media":"","overlay-type":"","overlay-color":"","overlay-opacity":"","overlay-gradient":""},"tablet":{"background-color":"var(--ast-global-color-5)","background-image":"","background-repeat":"repeat","background-position":"center center","background-size":"auto","background-attachment":"scroll","background-type":"","background-media":"","overlay-type":"","overlay-color":"","overlay-opacity":"","overlay-gradient":""},"mobile":{"background-color":"var(--ast-global-color-5)","background-image":"","background-repeat":"repeat","background-position":"center center","background-size":"auto","background-attachment":"scroll","background-type":"","background-media":"","overlay-type":"","overlay-color":"","overlay-opacity":"","overlay-gradient":""}},"footnotes":""},"class_list":["post-1318","page","type-page","status-publish","hentry"],"_links":{"self":[{"href":"https:\/\/www.gmartravelytours.pe\/g1\/wp-json\/wp\/v2\/pages\/1318","targetHints":{"allow":["GET"]}}],"collection":[{"href":"https:\/\/www.gmartravelytours.pe\/g1\/wp-json\/wp\/v2\/pages"}],"about":[{"href":"https:\/\/www.gmartravelytours.pe\/g1\/wp-json\/wp\/v2\/types\/page"}],"author":[{"embeddable":true,"href":"https:\/\/www.gmartravelytours.pe\/g1\/wp-json\/wp\/v2\/users\/1"}],"replies":[{"embeddable":true,"href":"https:\/\/www.gmartravelytours.pe\/g1\/wp-json\/wp\/v2\/comments?post=1318"}],"version-history":[{"count":85,"href":"https:\/\/www.gmartravelytours.pe\/g1\/wp-json\/wp\/v2\/pages\/1318\/revisions"}],"predecessor-version":[{"id":2423,"href":"https:\/\/www.gmartravelytours.pe\/g1\/wp-json\/wp\/v2\/pages\/1318\/revisions\/2423"}],"wp:attachment":[{"href":"https:\/\/www.gmartravelytours.pe\/g1\/wp-json\/wp\/v2\/media?parent=1318"}],"curies":[{"name":"wp","href":"https:\/\/api.w.org\/{rel}","templated":true}]}}